{"id":39,"date":"2021-12-13T16:45:00","date_gmt":"2021-12-13T15:45:00","guid":{"rendered":"https:\/\/www.issibern.ch\/forum\/scostep\/?page_id=39"},"modified":"2021-12-13T16:45:00","modified_gmt":"2021-12-13T15:45:00","slug":"publications","status":"publish","type":"page","link":"https:\/\/www.issibern.ch\/forum\/scostep\/publications\/","title":{"rendered":"Publications"},"content":{"rendered":"<p><a href=\"https:\/\/www.issibj.ac.cn\/Publications\/Forum_Reports\/201404\/W020190620592906717714.pdf\" target=\"_blank\" rel=\"noopener noreferrer\"><strong>Special TAIKONG SCOSTEP &gt;&gt;<\/strong><\/a><\/p>\n<p>Daglis, I. A., Chang, L. C., Dasso, S., Gopalswamy, N., Khabarova, O. V., Kilpua, E., Lopez, R., Marsh, D., Matthes, K., Nandy, D., Sepp\u00e4l\u00e4, A., Shiokawa, K., Thi\u00e9blemont, R., and Zong, Q.: Predictability of variable solar\u2013terrestrial coupling, Ann. Geophys., 39, 1013\u20131035, <a href=\"https:\/\/doi.org\/10.5194\/angeo-39-1013-2021\" target=\"_blank\" rel=\"noopener noreferrer\">https:\/\/doi.org\/10.5194\/angeo-39-1013-2021<\/a>, 2021.<\/p>\n<p>Last update December 13, 2021<\/p>\n","protected":false},"excerpt":{"rendered":"<p>Special TAIKONG SCOSTEP &gt;&gt; Daglis, I. A., Chang, L. C., Dasso, S., Gopalswamy, N., Khabarova, O. V., Kilpua, E., Lopez, R., Marsh, D., Matthes, K., Nandy, D., Sepp\u00e4l\u00e4, A., Shiokawa, K., Thi\u00e9blemont, R., and Zong, Q.: Predictability of variable solar\u2013terrestrial &hellip; <a href=\"https:\/\/www.issibern.ch\/forum\/scostep\/publications\/\">Continue reading <span class=\"meta-nav\">&rarr;<\/span><\/a><\/p>\n","protected":false},"author":2,"featured_media":0,"parent":0,"menu_order":0,"comment_status":"closed","ping_status":"closed","template":"","meta":{"footnotes":""},"_links":{"self":[{"href":"https:\/\/www.issibern.ch\/forum\/scostep\/wp-json\/wp\/v2\/pages\/39"}],"collection":[{"href":"https:\/\/www.issibern.ch\/forum\/scostep\/wp-json\/wp\/v2\/pages"}],"about":[{"href":"https:\/\/www.issibern.ch\/forum\/scostep\/wp-json\/wp\/v2\/types\/page"}],"author":[{"embeddable":true,"href":"https:\/\/www.issibern.ch\/forum\/scostep\/wp-json\/wp\/v2\/users\/2"}],"replies":[{"embeddable":true,"href":"https:\/\/www.issibern.ch\/forum\/scostep\/wp-json\/wp\/v2\/comments?post=39"}],"version-history":[{"count":0,"href":"https:\/\/www.issibern.ch\/forum\/scostep\/wp-json\/wp\/v2\/pages\/39\/revisions"}],"wp:attachment":[{"href":"https:\/\/www.issibern.ch\/forum\/scostep\/wp-json\/wp\/v2\/media?parent=39"}],"curies":[{"name":"wp","href":"https:\/\/api.w.org\/{rel}","templated":true}]}}