{"id":22,"date":"2016-12-16T22:13:22","date_gmt":"2016-12-16T21:13:22","guid":{"rendered":"http:\/\/www.issibern.ch\/teams\/asterostep\/?page_id=22"},"modified":"2016-12-16T22:13:22","modified_gmt":"2016-12-16T21:13:22","slug":"papers","status":"publish","type":"page","link":"https:\/\/www.issibern.ch\/teams\/asterostep\/papers\/","title":{"rendered":"Papers"},"content":{"rendered":"<div class=\"citation tocArticle\">\n<p><a href=\"http:\/\/onlinelibrary.wiley.com\/doi\/10.1002\/asna.201713385\/full\">PLATO <i>as it is<\/i>: A legacy mission for Galactic archaeology (pages 644\u2013661)<\/a><\/p>\n<p>A. Miglio, C. Chiappini, B. Mosser, G. R. Davies, K. Freeman, L. Girardi, P. Jofr\u00e9, D. Kawata, B. M. Rendle, M. Valentini, L. Casagrande, W. J. Chaplin, G. Gilmore, K. Hawkins, B. Holl, T. Appourchaux, K. Belkacem, D. Bossini, K. Brogaard, M.-J. Goupil, J. Montalb\u00e1n, A. Noels, F. Anders, T. Rodrigues, G. Piotto, D. Pollacco, H. Rauer, C. Allende Prieto, P. P. Avelino, C. Babusiaux, C. Barban, B. Barbuy, S. Basu, F. Baudin, O. Benomar, O. Bienaym\u00e9, J. Binney, J. Bland-Hawthorn, A. Bressan, C. Cacciari, T. L. Campante, S. Cassisi, J. Christensen-Dalsgaard, F. Combes, O. Creevey, M. S. Cunha, R. S. Jong, P. Laverny, S. Degl&#8217;Innocenti, S. Deheuvels, \u00c9. Depagne, J. Ridder, P. Di Matteo, M. P. Di Mauro, M.-A. Dupret, P. Eggenberger, Y. Elsworth, B. Famaey, S. Feltzing, R. A. Garc\u00eda, O. Gerhard, B. K. Gibson, L. Gizon, M. Haywood, R. Handberg, U. Heiter, S. Hekker, D. Huber, R. Ibata, D. Katz, S. D. Kawaler, H. Kjeldsen, D. W. Kurtz, N. Lagarde, Y. Lebreton, M. N. Lund, S. R. Majewski, P. Marigo, M. Martig, S. Mathur, I. Minchev, T. Morel, S. Ortolani, M. H. Pinsonneault, B. Plez, P. G. Prada Moroni, D. Pricopi, A. Recio-Blanco, C. Reyl\u00e9, A. Robin, I. W. Roxburgh, M. Salaris, B. X. Santiago, R. Schiavon, A. Serenelli, S. Sharma, V. Silva Aguirre, C. Soubiran, M. Steinmetz, D. Stello, K. G. Strassmeier, P. Ventura, R. Ventura, N. A. Walton and C. C. Worley<\/p>\n<\/div>\n<p><img loading=\"lazy\" decoding=\"async\" class=\"alignnone size-medium wp-image-39\" src=\"http:\/\/www.issibern.ch\/teams\/asterostep\/wp-content\/uploads\/2016\/12\/an_plato-228x300.png\" alt=\"\" width=\"228\" height=\"300\" srcset=\"https:\/\/www.issibern.ch\/teams\/asterostep\/wp-content\/uploads\/sites\/65\/2016\/12\/an_plato-228x300.png 228w, https:\/\/www.issibern.ch\/teams\/asterostep\/wp-content\/uploads\/sites\/65\/2016\/12\/an_plato-778x1024.png 778w, https:\/\/www.issibern.ch\/teams\/asterostep\/wp-content\/uploads\/sites\/65\/2016\/12\/an_plato-768x1011.png 768w, https:\/\/www.issibern.ch\/teams\/asterostep\/wp-content\/uploads\/sites\/65\/2016\/12\/an_plato-1167x1536.png 1167w, https:\/\/www.issibern.ch\/teams\/asterostep\/wp-content\/uploads\/sites\/65\/2016\/12\/an_plato.png 1215w\" sizes=\"auto, (max-width: 228px) 100vw, 228px\" \/><img loading=\"lazy\" decoding=\"async\" class=\"alignnone size-medium wp-image-40\" src=\"http:\/\/www.issibern.ch\/teams\/asterostep\/wp-content\/uploads\/2016\/12\/an_plato2-255x300.png\" alt=\"\" width=\"255\" height=\"300\" srcset=\"https:\/\/www.issibern.ch\/teams\/asterostep\/wp-content\/uploads\/sites\/65\/2016\/12\/an_plato2-255x300.png 255w, https:\/\/www.issibern.ch\/teams\/asterostep\/wp-content\/uploads\/sites\/65\/2016\/12\/an_plato2.png 309w\" sizes=\"auto, (max-width: 255px) 100vw, 255px\" \/><\/p>\n<p>&nbsp;<\/p>\n<p>&nbsp;<\/p>\n<div class=\"page\" title=\"Page 1\">\n<div class=\"section\">\n<div class=\"layoutArea\">\n<div class=\"column\">\n<p><a href=\"https:\/\/arxiv.org\/pdf\/1804.06669.pdf\">The Red-Giant Branch Bump Revisited: Constraints on Envelope Overshooting in a Wide Range of Masses and Metallicities<\/a><\/p>\n<div class=\"page\" title=\"Page 1\">\n<div class=\"section\">\n<div class=\"layoutArea\">\n<div class=\"column\">\n<p>Saniya Khan, Oliver J. Hall, Andrea Miglio, Guy R. Davies, Beno\u0131t Mosser, L\u00e9o Girardi, and Josefina Montalb\u00e1n<\/p>\n<\/div>\n<\/div>\n<\/div>\n<\/div>\n<p><img loading=\"lazy\" decoding=\"async\" class=\"alignnone wp-image-49 size-large\" src=\"http:\/\/www.issibern.ch\/teams\/asterostep\/wp-content\/uploads\/2016\/12\/bump1-1024x471.png\" alt=\"\" width=\"584\" height=\"269\" srcset=\"https:\/\/www.issibern.ch\/teams\/asterostep\/wp-content\/uploads\/sites\/65\/2016\/12\/bump1-1024x471.png 1024w, https:\/\/www.issibern.ch\/teams\/asterostep\/wp-content\/uploads\/sites\/65\/2016\/12\/bump1-300x138.png 300w, https:\/\/www.issibern.ch\/teams\/asterostep\/wp-content\/uploads\/sites\/65\/2016\/12\/bump1-768x354.png 768w, https:\/\/www.issibern.ch\/teams\/asterostep\/wp-content\/uploads\/sites\/65\/2016\/12\/bump1-1536x707.png 1536w, https:\/\/www.issibern.ch\/teams\/asterostep\/wp-content\/uploads\/sites\/65\/2016\/12\/bump1-2048x943.png 2048w, https:\/\/www.issibern.ch\/teams\/asterostep\/wp-content\/uploads\/sites\/65\/2016\/12\/bump1-500x230.png 500w\" sizes=\"auto, (max-width: 584px) 100vw, 584px\" \/>\u00a0 <img loading=\"lazy\" decoding=\"async\" class=\"alignnone wp-image-48 size-large\" src=\"http:\/\/www.issibern.ch\/teams\/asterostep\/wp-content\/uploads\/2016\/12\/bump2-1024x720.png\" alt=\"\" width=\"584\" height=\"411\" srcset=\"https:\/\/www.issibern.ch\/teams\/asterostep\/wp-content\/uploads\/sites\/65\/2016\/12\/bump2-1024x720.png 1024w, https:\/\/www.issibern.ch\/teams\/asterostep\/wp-content\/uploads\/sites\/65\/2016\/12\/bump2-300x211.png 300w, https:\/\/www.issibern.ch\/teams\/asterostep\/wp-content\/uploads\/sites\/65\/2016\/12\/bump2-768x540.png 768w, https:\/\/www.issibern.ch\/teams\/asterostep\/wp-content\/uploads\/sites\/65\/2016\/12\/bump2-1536x1081.png 1536w, https:\/\/www.issibern.ch\/teams\/asterostep\/wp-content\/uploads\/sites\/65\/2016\/12\/bump2-2048x1441.png 2048w, https:\/\/www.issibern.ch\/teams\/asterostep\/wp-content\/uploads\/sites\/65\/2016\/12\/bump2-426x300.png 426w\" sizes=\"auto, (max-width: 584px) 100vw, 584px\" \/><\/p>\n<\/div>\n<div class=\"page\" title=\"Page 1\">\n<div class=\"section\">\n<div class=\"layoutArea\">\n<div class=\"column\">\n<p>&nbsp;<\/p>\n<p><a href=\"https:\/\/arxiv.org\/pdf\/1807.08301.pdf\" target=\"_blank\" rel=\"noopener noreferrer\">Period spacings in red giants\u00a0IV. Toward a complete description of the mixed-mode pattern<\/a><\/p>\n<p>B. Mosser, C. Gehan, K. Belkacem, R. Samadi, E. Michel, M-J. Goupil<\/p>\n<\/div>\n<p><img loading=\"lazy\" decoding=\"async\" class=\"alignnone wp-image-54 size-large\" src=\"http:\/\/www.issibern.ch\/teams\/asterostep\/wp-content\/uploads\/2018\/09\/mosser_2018-1024x684.png\" alt=\"\" width=\"584\" height=\"390\" srcset=\"https:\/\/www.issibern.ch\/teams\/asterostep\/wp-content\/uploads\/sites\/65\/2018\/09\/mosser_2018-1024x684.png 1024w, https:\/\/www.issibern.ch\/teams\/asterostep\/wp-content\/uploads\/sites\/65\/2018\/09\/mosser_2018-300x200.png 300w, https:\/\/www.issibern.ch\/teams\/asterostep\/wp-content\/uploads\/sites\/65\/2018\/09\/mosser_2018-768x513.png 768w, https:\/\/www.issibern.ch\/teams\/asterostep\/wp-content\/uploads\/sites\/65\/2018\/09\/mosser_2018-1536x1026.png 1536w, https:\/\/www.issibern.ch\/teams\/asterostep\/wp-content\/uploads\/sites\/65\/2018\/09\/mosser_2018-449x300.png 449w, https:\/\/www.issibern.ch\/teams\/asterostep\/wp-content\/uploads\/sites\/65\/2018\/09\/mosser_2018.png 1670w\" sizes=\"auto, (max-width: 584px) 100vw, 584px\" \/><\/p>\n<\/div>\n<\/div>\n<div class=\"page\" title=\"Page 1\">\n<p>&nbsp;<\/p>\n<div class=\"section\">\n<div class=\"layoutArea\">\n<div class=\"column\">\n<p><a href=\"https:\/\/arxiv.org\/pdf\/1808.08569.pdf\" target=\"_blank\" rel=\"noopener noreferrer\">Masses and ages for metal-poor stars.\u00a0A pilot program combining asteroseismology and high-resolution spectroscopic\u00a0follow-up of RAVE halo stars<\/a><\/p>\n<p>M. Valentini, C. Chiappini, D. Bossini, A. Miglio, \u00a0G. R. Davies, B. Mosser, Y. P. Elsworth, 4, S. Mathur,\u00a0R. A. Garc\u00eda, M. N. Lund, W. J. Chaplin, L. Girardi, T. S. Rodrigues, M. Steinmetz, and A. Vallenari<\/p>\n<p><img loading=\"lazy\" decoding=\"async\" class=\"alignnone wp-image-55 size-large\" src=\"http:\/\/www.issibern.ch\/teams\/asterostep\/wp-content\/uploads\/2018\/09\/valentini_2018-1024x692.png\" alt=\"\" width=\"584\" height=\"395\" srcset=\"https:\/\/www.issibern.ch\/teams\/asterostep\/wp-content\/uploads\/sites\/65\/2018\/09\/valentini_2018-1024x692.png 1024w, https:\/\/www.issibern.ch\/teams\/asterostep\/wp-content\/uploads\/sites\/65\/2018\/09\/valentini_2018-300x203.png 300w, https:\/\/www.issibern.ch\/teams\/asterostep\/wp-content\/uploads\/sites\/65\/2018\/09\/valentini_2018-768x519.png 768w, https:\/\/www.issibern.ch\/teams\/asterostep\/wp-content\/uploads\/sites\/65\/2018\/09\/valentini_2018-1536x1039.png 1536w, https:\/\/www.issibern.ch\/teams\/asterostep\/wp-content\/uploads\/sites\/65\/2018\/09\/valentini_2018-444x300.png 444w, https:\/\/www.issibern.ch\/teams\/asterostep\/wp-content\/uploads\/sites\/65\/2018\/09\/valentini_2018.png 1754w\" sizes=\"auto, (max-width: 584px) 100vw, 584px\" \/><\/p>\n<\/div>\n<p>&nbsp;<\/p>\n<p>&nbsp;<\/p>\n<p>&nbsp;<\/p>\n<p><a href=\"https:\/\/ui.adsabs.harvard.edu\/abs\/2019A%26A...622A..76M\/abstract\">Seismic performance<\/a><\/p>\n<p>Mosser, B.; Michel, E.; Samadi, R.; Miglio, A.; Davies, G. R.; Girardi, L.; Goupil, M. J.<\/p>\n<p><img loading=\"lazy\" decoding=\"async\" class=\"alignnone size-large wp-image-63\" src=\"https:\/\/www.issibern.ch\/teams\/asterostep\/wp-content\/uploads\/sites\/65\/2020\/06\/aa34607-18-fig8-1024x674.png\" alt=\"\" width=\"584\" height=\"384\" srcset=\"https:\/\/www.issibern.ch\/teams\/asterostep\/wp-content\/uploads\/sites\/65\/2020\/06\/aa34607-18-fig8-1024x674.png 1024w, https:\/\/www.issibern.ch\/teams\/asterostep\/wp-content\/uploads\/sites\/65\/2020\/06\/aa34607-18-fig8-300x198.png 300w, https:\/\/www.issibern.ch\/teams\/asterostep\/wp-content\/uploads\/sites\/65\/2020\/06\/aa34607-18-fig8-768x506.png 768w, https:\/\/www.issibern.ch\/teams\/asterostep\/wp-content\/uploads\/sites\/65\/2020\/06\/aa34607-18-fig8-456x300.png 456w, https:\/\/www.issibern.ch\/teams\/asterostep\/wp-content\/uploads\/sites\/65\/2020\/06\/aa34607-18-fig8.png 1406w\" sizes=\"auto, (max-width: 584px) 100vw, 584px\" \/><\/p>\n<\/div>\n<\/div>\n<\/div>\n<\/div>\n<\/div>\n<p>&nbsp;<\/p>\n<div class=\"layoutArea\">\n<div class=\"page\" title=\"Page 1\">\n<div class=\"page\" title=\"Page 1\">\n<div class=\"section\">\n<p>&nbsp;<\/p>\n<p>&nbsp;<\/p>\n<p><a href=\"https:\/\/ui.adsabs.harvard.edu\/abs\/2019A%26A...628A..35K\/abstract\">New light on the Gaia DR2 parallax zero-point: influence of the asteroseismic approach, in and beyond the Kepler field<\/a><\/p>\n<p>Khan, S.; Miglio, A.; Mosser, B.; Arenou, F.; Belkacem, K.; Brown, A. G. A.; Katz, D.; Casagrande, L.; Chaplin, W. J.; Davies, G. R.; Rendle, B. M.; Rodrigues, T. S.; Bossini, D.; Cantat-Gaudin, T.; Elsworth, Y. P.; Girardi, L.; North, T. S. H.; Vallenari, A.<\/p>\n<\/div>\n<p><img loading=\"lazy\" decoding=\"async\" class=\"alignnone wp-image-66\" src=\"https:\/\/www.issibern.ch\/teams\/asterostep\/wp-content\/uploads\/sites\/65\/2020\/06\/aa35304-19-fig13-1024x494.png\" alt=\"\" width=\"550\" height=\"276\" \/> <img loading=\"lazy\" decoding=\"async\" class=\"alignnone wp-image-67\" src=\"https:\/\/www.issibern.ch\/teams\/asterostep\/wp-content\/uploads\/sites\/65\/2020\/06\/aa35304-19-fig4-1024x645.png\" alt=\"\" width=\"550\" height=\"354\" \/><\/p>\n<p>&nbsp;<\/p>\n<div class=\"section\">\n<p><a href=\"https:\/\/arxiv.org\/abs\/1908.05129\"><img loading=\"lazy\" decoding=\"async\" class=\"alignleft size-medium wp-image-69\" src=\"https:\/\/www.issibern.ch\/teams\/asterostep\/wp-content\/uploads\/sites\/65\/2020\/06\/test_haydn-300x89.png\" alt=\"\" width=\"300\" height=\"89\" \/><\/a><a href=\"https:\/\/arxiv.org\/abs\/1908.05129\">HAYDN &#8212; High-precision AsteroseismologY of DeNse stellar fields (ESA<br \/>\nVoyage 2050 White Paper)\u00a0<\/a><\/p>\n<p>Andrea Miglio, Leo Girardi, Frank Grundahl, Benoit Mosser, Nate Bastian, Angela Bragaglia, Karsten Brogaard, Gael Buldgen, William Chantereau, Bill Chaplin, Cristina Chiappini, Marc-Antoine Dupret, Patrick Eggenberger, Mark Gieles, Rob Izzard, Daisuke Kawata, Christoffer Karoff, Nadege Lagarde, Ted Mackereth, Demetrio Magrin, Georges Meynet, Eric Michel, Josefina Montalban, Valerio Nascimbeni, Arlette Noels, Giampaolo Piotto, Roberto Ragazzoni, Igor Soszynski, Eline Tolstoy, Silvia Toonen, Amaury Triaud, Fiorenzo Vincenzo<\/p>\n<\/div>\n<\/div>\n<\/div>\n<\/div>\n<\/div>\n<p><img loading=\"lazy\" decoding=\"async\" class=\"alignnone wp-image-68\" src=\"https:\/\/www.issibern.ch\/teams\/asterostep\/wp-content\/uploads\/sites\/65\/2020\/06\/m4.png\" alt=\"\" width=\"372\" height=\"310\" \/><\/p>\n<div class=\"section\">\n<div class=\"layoutArea\">\n<div class=\"page\" title=\"Page 1\">\n<div class=\"page\" title=\"Page 1\">\n<div class=\"section\">\n<p>&nbsp;<\/p>\n<p>&nbsp;<\/p>\n<p><a href=\"https:\/\/ui.adsabs.harvard.edu\/abs\/2020arXiv200414806M\/abstract\">Age dissection of the Milky Way discs: red giants in the Kepler field<\/a><\/p>\n<p>Miglio, Andrea; Chiappini, Cristina; Mackereth, Ted; Davies, Guy; Brogaard, Karsten; Casagrande, Luca; Chaplin, Bill; Girardi, Leo; Kawata, Daisuke; Khan, Saniya; Izzard, Rob; Montalban, Josefina; Mosser, Benoit; Vincenzo, Fiorenzo; Bossini, Diego; Noels, Arlette; Rodrigues, Thaise; Valentini, Marica; Mandel, Ilya<\/p>\n<\/div>\n<p><img loading=\"lazy\" decoding=\"async\" class=\"alignnone  wp-image-65\" src=\"https:\/\/www.issibern.ch\/teams\/asterostep\/wp-content\/uploads\/sites\/65\/2020\/06\/EYUT8K4XkAE7Hjx-1024x992.jpeg\" alt=\"\" width=\"403\" height=\"391\" srcset=\"https:\/\/www.issibern.ch\/teams\/asterostep\/wp-content\/uploads\/sites\/65\/2020\/06\/EYUT8K4XkAE7Hjx-1024x992.jpeg 1024w, https:\/\/www.issibern.ch\/teams\/asterostep\/wp-content\/uploads\/sites\/65\/2020\/06\/EYUT8K4XkAE7Hjx-300x291.jpeg 300w, https:\/\/www.issibern.ch\/teams\/asterostep\/wp-content\/uploads\/sites\/65\/2020\/06\/EYUT8K4XkAE7Hjx-768x744.jpeg 768w, https:\/\/www.issibern.ch\/teams\/asterostep\/wp-content\/uploads\/sites\/65\/2020\/06\/EYUT8K4XkAE7Hjx-310x300.jpeg 310w, https:\/\/www.issibern.ch\/teams\/asterostep\/wp-content\/uploads\/sites\/65\/2020\/06\/EYUT8K4XkAE7Hjx.jpeg 1229w\" sizes=\"auto, (max-width: 403px) 100vw, 403px\" \/><\/p>\n<\/div>\n<p>&nbsp;<\/p>\n<\/div>\n<\/div>\n<\/div>\n<\/div>\n","protected":false},"excerpt":{"rendered":"<p>PLATO as it is: A legacy mission for Galactic archaeology (pages 644\u2013661) A. Miglio, C. Chiappini, B. Mosser, G. R. Davies, K. Freeman, L. Girardi, P. Jofr\u00e9, D. Kawata, B. M. Rendle, M. Valentini, L. Casagrande, W. J. Chaplin, G. &hellip; <a href=\"https:\/\/www.issibern.ch\/teams\/asterostep\/papers\/\">Continue reading <span class=\"meta-nav\">&rarr;<\/span><\/a><\/p>\n","protected":false},"author":2,"featured_media":0,"parent":0,"menu_order":0,"comment_status":"closed","ping_status":"closed","template":"","meta":{"footnotes":""},"class_list":["post-22","page","type-page","status-publish","hentry"],"_links":{"self":[{"href":"https:\/\/www.issibern.ch\/teams\/asterostep\/wp-json\/wp\/v2\/pages\/22","targetHints":{"allow":["GET"]}}],"collection":[{"href":"https:\/\/www.issibern.ch\/teams\/asterostep\/wp-json\/wp\/v2\/pages"}],"about":[{"href":"https:\/\/www.issibern.ch\/teams\/asterostep\/wp-json\/wp\/v2\/types\/page"}],"author":[{"embeddable":true,"href":"https:\/\/www.issibern.ch\/teams\/asterostep\/wp-json\/wp\/v2\/users\/2"}],"replies":[{"embeddable":true,"href":"https:\/\/www.issibern.ch\/teams\/asterostep\/wp-json\/wp\/v2\/comments?post=22"}],"version-history":[{"count":0,"href":"https:\/\/www.issibern.ch\/teams\/asterostep\/wp-json\/wp\/v2\/pages\/22\/revisions"}],"wp:attachment":[{"href":"https:\/\/www.issibern.ch\/teams\/asterostep\/wp-json\/wp\/v2\/media?parent=22"}],"curies":[{"name":"wp","href":"https:\/\/api.w.org\/{rel}","templated":true}]}}