{"id":69,"date":"2015-10-30T12:47:58","date_gmt":"2015-10-30T11:47:58","guid":{"rendered":"http:\/\/www.issibern.ch\/teams\/bayesianmodel\/?page_id=69"},"modified":"2015-10-30T12:47:58","modified_gmt":"2015-10-30T11:47:58","slug":"meetings-2","status":"publish","type":"page","link":"https:\/\/www.issibern.ch\/teams\/bayesianmodel\/meetings-2\/","title":{"rendered":"Meetings"},"content":{"rendered":"<p id=\"start\">We proposed for two meetings at ISSI Bern with each 12 senior participants and 2-3 young scientists. The complexity of our subject and other made it necessary to change the team composition slightly for the second meeting, which turnd out to be of great benefit for the achievement of our goals. The meetings took place on <a href=\"http:\/\/www.issibern.ch\/teams\/bayesianmodel\/?page_id=58\/#start\" target=\"_blank\" rel=\"noopener\">8-12 December 2014<\/a> and <a href=\"http:\/\/www.issibern.ch\/teams\/bayesianmodel\/?page_id=62\/#start\" target=\"_blank\" rel=\"noopener\">26-30 October 2015<\/a>.<\/p>\n<h3>Impressions of the First Meeting<\/h3>\n\n\t\t<style type=\"text\/css\">\n\t\t\t#gallery-1 {\n\t\t\t\tmargin: auto;\n\t\t\t}\n\t\t\t#gallery-1 .gallery-item {\n\t\t\t\tfloat: left;\n\t\t\t\tmargin-top: 10px;\n\t\t\t\ttext-align: center;\n\t\t\t\twidth: 50%;\n\t\t\t}\n\t\t\t#gallery-1 img {\n\t\t\t\tborder: 2px solid #cfcfcf;\n\t\t\t}\n\t\t\t#gallery-1 .gallery-caption {\n\t\t\t\tmargin-left: 0;\n\t\t\t}\n\t\t\t\/* see gallery_shortcode() in wp-includes\/media.php *\/\n\t\t<\/style>\n\t\t<div id='gallery-1' class='gallery galleryid-69 gallery-columns-2 gallery-size-large'><dl class='gallery-item'>\n\t\t\t<dt class='gallery-icon landscape'>\n\t\t\t\t<a href='https:\/\/www.issibern.ch\/teams\/bayesianmodel\/1200px-sam_1226\/'><img loading=\"lazy\" decoding=\"async\" width=\"584\" height=\"438\" src=\"https:\/\/www.issibern.ch\/teams\/bayesianmodel\/wp-content\/uploads\/sites\/31\/2017\/02\/1200px-SAM_1226-1024x768.jpeg\" class=\"attachment-large size-large\" alt=\"\" aria-describedby=\"gallery-1-403\" srcset=\"https:\/\/www.issibern.ch\/teams\/bayesianmodel\/wp-content\/uploads\/sites\/31\/2017\/02\/1200px-SAM_1226-1024x768.jpeg 1024w, https:\/\/www.issibern.ch\/teams\/bayesianmodel\/wp-content\/uploads\/sites\/31\/2017\/02\/1200px-SAM_1226-300x225.jpeg 300w, https:\/\/www.issibern.ch\/teams\/bayesianmodel\/wp-content\/uploads\/sites\/31\/2017\/02\/1200px-SAM_1226-768x576.jpeg 768w, https:\/\/www.issibern.ch\/teams\/bayesianmodel\/wp-content\/uploads\/sites\/31\/2017\/02\/1200px-SAM_1226-400x300.jpeg 400w, https:\/\/www.issibern.ch\/teams\/bayesianmodel\/wp-content\/uploads\/sites\/31\/2017\/02\/1200px-SAM_1226.jpeg 1200w\" sizes=\"auto, (max-width: 584px) 100vw, 584px\" \/><\/a>\n\t\t\t<\/dt>\n\t\t\t\t<dd class='wp-caption-text gallery-caption' id='gallery-1-403'>\n\t\t\t\tNafiun Awal, Luiz Santiago-Rodrigues and wife, Katarzyna Otmianowska-Mazur\n\t\t\t\t<\/dd><\/dl><dl class='gallery-item'>\n\t\t\t<dt class='gallery-icon landscape'>\n\t\t\t\t<a href='https:\/\/www.issibern.ch\/teams\/bayesianmodel\/1200px-sam_1227\/'><img loading=\"lazy\" decoding=\"async\" width=\"584\" height=\"438\" src=\"https:\/\/www.issibern.ch\/teams\/bayesianmodel\/wp-content\/uploads\/sites\/31\/2017\/02\/1200px-SAM_1227-1024x768.jpeg\" class=\"attachment-large size-large\" alt=\"\" aria-describedby=\"gallery-1-402\" srcset=\"https:\/\/www.issibern.ch\/teams\/bayesianmodel\/wp-content\/uploads\/sites\/31\/2017\/02\/1200px-SAM_1227-1024x768.jpeg 1024w, https:\/\/www.issibern.ch\/teams\/bayesianmodel\/wp-content\/uploads\/sites\/31\/2017\/02\/1200px-SAM_1227-300x225.jpeg 300w, https:\/\/www.issibern.ch\/teams\/bayesianmodel\/wp-content\/uploads\/sites\/31\/2017\/02\/1200px-SAM_1227-768x576.jpeg 768w, https:\/\/www.issibern.ch\/teams\/bayesianmodel\/wp-content\/uploads\/sites\/31\/2017\/02\/1200px-SAM_1227-400x300.jpeg 400w, https:\/\/www.issibern.ch\/teams\/bayesianmodel\/wp-content\/uploads\/sites\/31\/2017\/02\/1200px-SAM_1227.jpeg 1200w\" sizes=\"auto, (max-width: 584px) 100vw, 584px\" \/><\/a>\n\t\t\t<\/dt>\n\t\t\t\t<dd class='wp-caption-text gallery-caption' id='gallery-1-402'>\n\t\t\t\tTess Jaffe, J\u00f6rg H\u00f6randel, Natalia Nowak, Theo&nbsp;Steininger\n\t\t\t\t<\/dd><\/dl><br style=\"clear: both\" \/><dl class='gallery-item'>\n\t\t\t<dt class='gallery-icon landscape'>\n\t\t\t\t<a href='https:\/\/www.issibern.ch\/teams\/bayesianmodel\/1200px-sam_1228\/'><img loading=\"lazy\" decoding=\"async\" width=\"584\" height=\"438\" src=\"https:\/\/www.issibern.ch\/teams\/bayesianmodel\/wp-content\/uploads\/sites\/31\/2017\/02\/1200px-SAM_1228-1024x768.jpeg\" class=\"attachment-large size-large\" alt=\"\" aria-describedby=\"gallery-1-401\" srcset=\"https:\/\/www.issibern.ch\/teams\/bayesianmodel\/wp-content\/uploads\/sites\/31\/2017\/02\/1200px-SAM_1228-1024x768.jpeg 1024w, https:\/\/www.issibern.ch\/teams\/bayesianmodel\/wp-content\/uploads\/sites\/31\/2017\/02\/1200px-SAM_1228-300x225.jpeg 300w, https:\/\/www.issibern.ch\/teams\/bayesianmodel\/wp-content\/uploads\/sites\/31\/2017\/02\/1200px-SAM_1228-768x576.jpeg 768w, https:\/\/www.issibern.ch\/teams\/bayesianmodel\/wp-content\/uploads\/sites\/31\/2017\/02\/1200px-SAM_1228-400x300.jpeg 400w, https:\/\/www.issibern.ch\/teams\/bayesianmodel\/wp-content\/uploads\/sites\/31\/2017\/02\/1200px-SAM_1228.jpeg 1200w\" sizes=\"auto, (max-width: 584px) 100vw, 584px\" \/><\/a>\n\t\t\t<\/dt>\n\t\t\t\t<dd class='wp-caption-text gallery-caption' id='gallery-1-401'>\n\t\t\t\tOur obsession: Swiss cheese fondue! \n\t\t\t\t<\/dd><\/dl><dl class='gallery-item'>\n\t\t\t<dt class='gallery-icon landscape'>\n\t\t\t\t<a href='https:\/\/www.issibern.ch\/teams\/bayesianmodel\/p1100609\/'><img loading=\"lazy\" decoding=\"async\" width=\"584\" height=\"329\" src=\"https:\/\/www.issibern.ch\/teams\/bayesianmodel\/wp-content\/uploads\/sites\/31\/2017\/02\/P1100609-1024x576.jpeg\" class=\"attachment-large size-large\" alt=\"\" srcset=\"https:\/\/www.issibern.ch\/teams\/bayesianmodel\/wp-content\/uploads\/sites\/31\/2017\/02\/P1100609-1024x576.jpeg 1024w, https:\/\/www.issibern.ch\/teams\/bayesianmodel\/wp-content\/uploads\/sites\/31\/2017\/02\/P1100609-300x169.jpeg 300w, https:\/\/www.issibern.ch\/teams\/bayesianmodel\/wp-content\/uploads\/sites\/31\/2017\/02\/P1100609-768x432.jpeg 768w, https:\/\/www.issibern.ch\/teams\/bayesianmodel\/wp-content\/uploads\/sites\/31\/2017\/02\/P1100609-1536x865.jpeg 1536w, https:\/\/www.issibern.ch\/teams\/bayesianmodel\/wp-content\/uploads\/sites\/31\/2017\/02\/P1100609-2048x1153.jpeg 2048w, https:\/\/www.issibern.ch\/teams\/bayesianmodel\/wp-content\/uploads\/sites\/31\/2017\/02\/P1100609-500x281.jpeg 500w\" sizes=\"auto, (max-width: 584px) 100vw, 584px\" \/><\/a>\n\t\t\t<\/dt><\/dl><br style=\"clear: both\" \/>\n\t\t<\/div>\n\n<h3>Impressions of the Second Meeting<\/h3>\n\n\t\t<style type=\"text\/css\">\n\t\t\t#gallery-2 {\n\t\t\t\tmargin: auto;\n\t\t\t}\n\t\t\t#gallery-2 .gallery-item {\n\t\t\t\tfloat: left;\n\t\t\t\tmargin-top: 10px;\n\t\t\t\ttext-align: center;\n\t\t\t\twidth: 33%;\n\t\t\t}\n\t\t\t#gallery-2 img {\n\t\t\t\tborder: 2px solid #cfcfcf;\n\t\t\t}\n\t\t\t#gallery-2 .gallery-caption {\n\t\t\t\tmargin-left: 0;\n\t\t\t}\n\t\t\t\/* see gallery_shortcode() in wp-includes\/media.php *\/\n\t\t<\/style>\n\t\t<div id='gallery-2' class='gallery galleryid-69 gallery-columns-3 gallery-size-medium'><dl class='gallery-item'>\n\t\t\t<dt class='gallery-icon landscape'>\n\t\t\t\t<a href='https:\/\/www.issibern.ch\/teams\/bayesianmodel\/1200px-img_0158\/'><img loading=\"lazy\" decoding=\"async\" width=\"300\" height=\"225\" src=\"https:\/\/www.issibern.ch\/teams\/bayesianmodel\/wp-content\/uploads\/sites\/31\/2017\/02\/1200px-IMG_0158-300x225.jpeg\" class=\"attachment-medium size-medium\" alt=\"\" aria-describedby=\"gallery-2-397\" srcset=\"https:\/\/www.issibern.ch\/teams\/bayesianmodel\/wp-content\/uploads\/sites\/31\/2017\/02\/1200px-IMG_0158-300x225.jpeg 300w, https:\/\/www.issibern.ch\/teams\/bayesianmodel\/wp-content\/uploads\/sites\/31\/2017\/02\/1200px-IMG_0158-1024x768.jpeg 1024w, https:\/\/www.issibern.ch\/teams\/bayesianmodel\/wp-content\/uploads\/sites\/31\/2017\/02\/1200px-IMG_0158-768x576.jpeg 768w, https:\/\/www.issibern.ch\/teams\/bayesianmodel\/wp-content\/uploads\/sites\/31\/2017\/02\/1200px-IMG_0158-400x300.jpeg 400w, https:\/\/www.issibern.ch\/teams\/bayesianmodel\/wp-content\/uploads\/sites\/31\/2017\/02\/1200px-IMG_0158.jpeg 1200w\" sizes=\"auto, (max-width: 300px) 100vw, 300px\" \/><\/a>\n\t\t\t<\/dt>\n\t\t\t\t<dd class='wp-caption-text gallery-caption' id='gallery-2-397'>\n\t\t\t\tJens Jasche, Christoph Pfrommer, Torsten Ensslin\n\t\t\t\t<\/dd><\/dl><dl class='gallery-item'>\n\t\t\t<dt class='gallery-icon landscape'>\n\t\t\t\t<a href='https:\/\/www.issibern.ch\/teams\/bayesianmodel\/1200px-img_0159\/'><img loading=\"lazy\" decoding=\"async\" width=\"300\" height=\"225\" src=\"https:\/\/www.issibern.ch\/teams\/bayesianmodel\/wp-content\/uploads\/sites\/31\/2017\/02\/1200px-IMG_0159-300x225.jpeg\" class=\"attachment-medium size-medium\" alt=\"\" aria-describedby=\"gallery-2-396\" srcset=\"https:\/\/www.issibern.ch\/teams\/bayesianmodel\/wp-content\/uploads\/sites\/31\/2017\/02\/1200px-IMG_0159-300x225.jpeg 300w, https:\/\/www.issibern.ch\/teams\/bayesianmodel\/wp-content\/uploads\/sites\/31\/2017\/02\/1200px-IMG_0159-1024x768.jpeg 1024w, https:\/\/www.issibern.ch\/teams\/bayesianmodel\/wp-content\/uploads\/sites\/31\/2017\/02\/1200px-IMG_0159-768x576.jpeg 768w, https:\/\/www.issibern.ch\/teams\/bayesianmodel\/wp-content\/uploads\/sites\/31\/2017\/02\/1200px-IMG_0159-400x300.jpeg 400w, https:\/\/www.issibern.ch\/teams\/bayesianmodel\/wp-content\/uploads\/sites\/31\/2017\/02\/1200px-IMG_0159.jpeg 1200w\" sizes=\"auto, (max-width: 300px) 100vw, 300px\" \/><\/a>\n\t\t\t<\/dt>\n\t\t\t\t<dd class='wp-caption-text gallery-caption' id='gallery-2-396'>\n\t\t\t\tDiego Harari, Niels Oppermann\n\t\t\t\t<\/dd><\/dl><dl class='gallery-item'>\n\t\t\t<dt class='gallery-icon landscape'>\n\t\t\t\t<a href='https:\/\/www.issibern.ch\/teams\/bayesianmodel\/1200px-img_0160\/'><img loading=\"lazy\" decoding=\"async\" width=\"300\" height=\"225\" src=\"https:\/\/www.issibern.ch\/teams\/bayesianmodel\/wp-content\/uploads\/sites\/31\/2017\/02\/1200px-IMG_0160-300x225.jpeg\" class=\"attachment-medium size-medium\" alt=\"\" aria-describedby=\"gallery-2-395\" srcset=\"https:\/\/www.issibern.ch\/teams\/bayesianmodel\/wp-content\/uploads\/sites\/31\/2017\/02\/1200px-IMG_0160-300x225.jpeg 300w, https:\/\/www.issibern.ch\/teams\/bayesianmodel\/wp-content\/uploads\/sites\/31\/2017\/02\/1200px-IMG_0160-1024x768.jpeg 1024w, https:\/\/www.issibern.ch\/teams\/bayesianmodel\/wp-content\/uploads\/sites\/31\/2017\/02\/1200px-IMG_0160-768x576.jpeg 768w, https:\/\/www.issibern.ch\/teams\/bayesianmodel\/wp-content\/uploads\/sites\/31\/2017\/02\/1200px-IMG_0160-400x300.jpeg 400w, https:\/\/www.issibern.ch\/teams\/bayesianmodel\/wp-content\/uploads\/sites\/31\/2017\/02\/1200px-IMG_0160.jpeg 1200w\" sizes=\"auto, (max-width: 300px) 100vw, 300px\" \/><\/a>\n\t\t\t<\/dt>\n\t\t\t\t<dd class='wp-caption-text gallery-caption' id='gallery-2-395'>\n\t\t\t\tAnvar Shukurov, J\u00f6rg Rachen, J\u00f6rg&nbsp;H\u00f6randel\n\t\t\t\t<\/dd><\/dl><br style=\"clear: both\" \/><dl class='gallery-item'>\n\t\t\t<dt class='gallery-icon landscape'>\n\t\t\t\t<a href='https:\/\/www.issibern.ch\/teams\/bayesianmodel\/1200px-meetingissi15\/'><img loading=\"lazy\" decoding=\"async\" width=\"300\" height=\"225\" src=\"https:\/\/www.issibern.ch\/teams\/bayesianmodel\/wp-content\/uploads\/sites\/31\/2017\/02\/1200px-MeetingISSI15-300x225.jpeg\" class=\"attachment-medium size-medium\" alt=\"\" aria-describedby=\"gallery-2-394\" srcset=\"https:\/\/www.issibern.ch\/teams\/bayesianmodel\/wp-content\/uploads\/sites\/31\/2017\/02\/1200px-MeetingISSI15-300x225.jpeg 300w, https:\/\/www.issibern.ch\/teams\/bayesianmodel\/wp-content\/uploads\/sites\/31\/2017\/02\/1200px-MeetingISSI15-1024x768.jpeg 1024w, https:\/\/www.issibern.ch\/teams\/bayesianmodel\/wp-content\/uploads\/sites\/31\/2017\/02\/1200px-MeetingISSI15-768x576.jpeg 768w, https:\/\/www.issibern.ch\/teams\/bayesianmodel\/wp-content\/uploads\/sites\/31\/2017\/02\/1200px-MeetingISSI15-400x300.jpeg 400w, https:\/\/www.issibern.ch\/teams\/bayesianmodel\/wp-content\/uploads\/sites\/31\/2017\/02\/1200px-MeetingISSI15.jpeg 1200w\" sizes=\"auto, (max-width: 300px) 100vw, 300px\" \/><\/a>\n\t\t\t<\/dt>\n\t\t\t\t<dd class='wp-caption-text gallery-caption' id='gallery-2-394'>\n\t\t\t\tYes, we also did some work!\n\t\t\t\t<\/dd><\/dl><dl class='gallery-item'>\n\t\t\t<dt class='gallery-icon landscape'>\n\t\t\t\t<a href='https:\/\/www.issibern.ch\/teams\/bayesianmodel\/1200px-discussion\/'><img loading=\"lazy\" decoding=\"async\" width=\"300\" height=\"225\" src=\"https:\/\/www.issibern.ch\/teams\/bayesianmodel\/wp-content\/uploads\/sites\/31\/2017\/02\/1200px-Discussion-300x225.jpeg\" class=\"attachment-medium size-medium\" alt=\"\" aria-describedby=\"gallery-2-393\" srcset=\"https:\/\/www.issibern.ch\/teams\/bayesianmodel\/wp-content\/uploads\/sites\/31\/2017\/02\/1200px-Discussion-300x225.jpeg 300w, https:\/\/www.issibern.ch\/teams\/bayesianmodel\/wp-content\/uploads\/sites\/31\/2017\/02\/1200px-Discussion-1024x768.jpeg 1024w, https:\/\/www.issibern.ch\/teams\/bayesianmodel\/wp-content\/uploads\/sites\/31\/2017\/02\/1200px-Discussion-768x576.jpeg 768w, https:\/\/www.issibern.ch\/teams\/bayesianmodel\/wp-content\/uploads\/sites\/31\/2017\/02\/1200px-Discussion-400x300.jpeg 400w, https:\/\/www.issibern.ch\/teams\/bayesianmodel\/wp-content\/uploads\/sites\/31\/2017\/02\/1200px-Discussion.jpeg 1200w\" sizes=\"auto, (max-width: 300px) 100vw, 300px\" \/><\/a>\n\t\t\t<\/dt>\n\t\t\t\t<dd class='wp-caption-text gallery-caption' id='gallery-2-393'>\n\t\t\t\tThe infamous &#8220;don&#8217;t mess with my flowchart&#8221; discussion\n\t\t\t\t<\/dd><\/dl><dl class='gallery-item'>\n\t\t\t<dt class='gallery-icon landscape'>\n\t\t\t\t<a href='https:\/\/www.issibern.ch\/teams\/bayesianmodel\/meetings-2\/1200px_whiteboard-2\/'><img loading=\"lazy\" decoding=\"async\" width=\"300\" height=\"225\" src=\"https:\/\/www.issibern.ch\/teams\/bayesianmodel\/wp-content\/uploads\/sites\/31\/2015\/10\/1200px_Whiteboard1-300x225.png\" class=\"attachment-medium size-medium\" alt=\"\" aria-describedby=\"gallery-2-422\" srcset=\"https:\/\/www.issibern.ch\/teams\/bayesianmodel\/wp-content\/uploads\/sites\/31\/2015\/10\/1200px_Whiteboard1-300x225.png 300w, https:\/\/www.issibern.ch\/teams\/bayesianmodel\/wp-content\/uploads\/sites\/31\/2015\/10\/1200px_Whiteboard1-1024x768.png 1024w, https:\/\/www.issibern.ch\/teams\/bayesianmodel\/wp-content\/uploads\/sites\/31\/2015\/10\/1200px_Whiteboard1-768x576.png 768w, https:\/\/www.issibern.ch\/teams\/bayesianmodel\/wp-content\/uploads\/sites\/31\/2015\/10\/1200px_Whiteboard1-400x300.png 400w, https:\/\/www.issibern.ch\/teams\/bayesianmodel\/wp-content\/uploads\/sites\/31\/2015\/10\/1200px_Whiteboard1.png 1200w\" sizes=\"auto, (max-width: 300px) 100vw, 300px\" \/><\/a>\n\t\t\t<\/dt>\n\t\t\t\t<dd class='wp-caption-text gallery-caption' id='gallery-2-422'>\n\t\t\t\tIMAGINE a flowchart you can&#8217;t mess with!\n\t\t\t\t<\/dd><\/dl><br style=\"clear: both\" \/><dl class='gallery-item'>\n\t\t\t<dt class='gallery-icon landscape'>\n\t\t\t\t<a href='https:\/\/www.issibern.ch\/teams\/bayesianmodel\/1200px-p1100771\/'><img loading=\"lazy\" decoding=\"async\" width=\"300\" height=\"225\" src=\"https:\/\/www.issibern.ch\/teams\/bayesianmodel\/wp-content\/uploads\/sites\/31\/2017\/02\/1200px-P1100771-300x225.jpeg\" class=\"attachment-medium size-medium\" alt=\"\" aria-describedby=\"gallery-2-392\" srcset=\"https:\/\/www.issibern.ch\/teams\/bayesianmodel\/wp-content\/uploads\/sites\/31\/2017\/02\/1200px-P1100771-300x225.jpeg 300w, https:\/\/www.issibern.ch\/teams\/bayesianmodel\/wp-content\/uploads\/sites\/31\/2017\/02\/1200px-P1100771-1024x768.jpeg 1024w, https:\/\/www.issibern.ch\/teams\/bayesianmodel\/wp-content\/uploads\/sites\/31\/2017\/02\/1200px-P1100771-768x576.jpeg 768w, https:\/\/www.issibern.ch\/teams\/bayesianmodel\/wp-content\/uploads\/sites\/31\/2017\/02\/1200px-P1100771-400x300.jpeg 400w, https:\/\/www.issibern.ch\/teams\/bayesianmodel\/wp-content\/uploads\/sites\/31\/2017\/02\/1200px-P1100771.jpeg 1200w\" sizes=\"auto, (max-width: 300px) 100vw, 300px\" \/><\/a>\n\t\t\t<\/dt>\n\t\t\t\t<dd class='wp-caption-text gallery-caption' id='gallery-2-392'>\n\t\t\t\tTeam ritual: Cheese fondue in &#8220;Restaurant Harmonie&#8221;\n\t\t\t\t<\/dd><\/dl><dl class='gallery-item'>\n\t\t\t<dt class='gallery-icon landscape'>\n\t\t\t\t<a href='https:\/\/www.issibern.ch\/teams\/bayesianmodel\/1200px-p1100768\/'><img loading=\"lazy\" decoding=\"async\" width=\"300\" height=\"225\" src=\"https:\/\/www.issibern.ch\/teams\/bayesianmodel\/wp-content\/uploads\/sites\/31\/2017\/02\/1200px-P1100768-300x225.jpeg\" class=\"attachment-medium size-medium\" alt=\"\" aria-describedby=\"gallery-2-391\" srcset=\"https:\/\/www.issibern.ch\/teams\/bayesianmodel\/wp-content\/uploads\/sites\/31\/2017\/02\/1200px-P1100768-300x225.jpeg 300w, https:\/\/www.issibern.ch\/teams\/bayesianmodel\/wp-content\/uploads\/sites\/31\/2017\/02\/1200px-P1100768-1024x768.jpeg 1024w, https:\/\/www.issibern.ch\/teams\/bayesianmodel\/wp-content\/uploads\/sites\/31\/2017\/02\/1200px-P1100768-768x576.jpeg 768w, https:\/\/www.issibern.ch\/teams\/bayesianmodel\/wp-content\/uploads\/sites\/31\/2017\/02\/1200px-P1100768-400x300.jpeg 400w, https:\/\/www.issibern.ch\/teams\/bayesianmodel\/wp-content\/uploads\/sites\/31\/2017\/02\/1200px-P1100768.jpeg 1200w\" sizes=\"auto, (max-width: 300px) 100vw, 300px\" \/><\/a>\n\t\t\t<\/dt>\n\t\t\t\t<dd class='wp-caption-text gallery-caption' id='gallery-2-391'>\n\t\t\t\tAnd finally: Robert Tautz (left side in front), Marijke Haverkorn, Arjen&nbsp;van&nbsp;Vliet and partner (right side up to front)\n\t\t\t\t<\/dd><\/dl><dl class='gallery-item'>\n\t\t\t<dt class='gallery-icon landscape'>\n\t\t\t\t<a href='https:\/\/www.issibern.ch\/teams\/bayesianmodel\/1200px-p1100769\/'><img loading=\"lazy\" decoding=\"async\" width=\"300\" height=\"225\" src=\"https:\/\/www.issibern.ch\/teams\/bayesianmodel\/wp-content\/uploads\/sites\/31\/2017\/02\/1200px-P1100769-300x225.jpeg\" class=\"attachment-medium size-medium\" alt=\"\" aria-describedby=\"gallery-2-390\" srcset=\"https:\/\/www.issibern.ch\/teams\/bayesianmodel\/wp-content\/uploads\/sites\/31\/2017\/02\/1200px-P1100769-300x225.jpeg 300w, https:\/\/www.issibern.ch\/teams\/bayesianmodel\/wp-content\/uploads\/sites\/31\/2017\/02\/1200px-P1100769-1024x768.jpeg 1024w, https:\/\/www.issibern.ch\/teams\/bayesianmodel\/wp-content\/uploads\/sites\/31\/2017\/02\/1200px-P1100769-768x576.jpeg 768w, https:\/\/www.issibern.ch\/teams\/bayesianmodel\/wp-content\/uploads\/sites\/31\/2017\/02\/1200px-P1100769-400x300.jpeg 400w, https:\/\/www.issibern.ch\/teams\/bayesianmodel\/wp-content\/uploads\/sites\/31\/2017\/02\/1200px-P1100769.jpeg 1200w\" sizes=\"auto, (max-width: 300px) 100vw, 300px\" \/><\/a>\n\t\t\t<\/dt>\n\t\t\t\t<dd class='wp-caption-text gallery-caption' id='gallery-2-390'>\n\t\t\t\t&#8230; and all once more. Gr\u00fcezi Bern!\n\t\t\t\t<\/dd><\/dl><br style=\"clear: both\" \/>\n\t\t<\/div>\n\n<h3>Impressions of the City of Bern<\/h3>\n\n\t\t<style type=\"text\/css\">\n\t\t\t#gallery-3 {\n\t\t\t\tmargin: auto;\n\t\t\t}\n\t\t\t#gallery-3 .gallery-item {\n\t\t\t\tfloat: left;\n\t\t\t\tmargin-top: 10px;\n\t\t\t\ttext-align: center;\n\t\t\t\twidth: 50%;\n\t\t\t}\n\t\t\t#gallery-3 img {\n\t\t\t\tborder: 2px solid #cfcfcf;\n\t\t\t}\n\t\t\t#gallery-3 .gallery-caption {\n\t\t\t\tmargin-left: 0;\n\t\t\t}\n\t\t\t\/* see gallery_shortcode() in wp-includes\/media.php *\/\n\t\t<\/style>\n\t\t<div id='gallery-3' class='gallery galleryid-69 gallery-columns-2 gallery-size-large'><dl class='gallery-item'>\n\t\t\t<dt class='gallery-icon landscape'>\n\t\t\t\t<a href='https:\/\/www.issibern.ch\/teams\/bayesianmodel\/p1100593\/'><img loading=\"lazy\" decoding=\"async\" width=\"584\" height=\"329\" src=\"https:\/\/www.issibern.ch\/teams\/bayesianmodel\/wp-content\/uploads\/sites\/31\/2017\/02\/P1100593-1024x576.jpeg\" class=\"attachment-large size-large\" alt=\"\" srcset=\"https:\/\/www.issibern.ch\/teams\/bayesianmodel\/wp-content\/uploads\/sites\/31\/2017\/02\/P1100593-1024x576.jpeg 1024w, https:\/\/www.issibern.ch\/teams\/bayesianmodel\/wp-content\/uploads\/sites\/31\/2017\/02\/P1100593-300x169.jpeg 300w, https:\/\/www.issibern.ch\/teams\/bayesianmodel\/wp-content\/uploads\/sites\/31\/2017\/02\/P1100593-768x432.jpeg 768w, https:\/\/www.issibern.ch\/teams\/bayesianmodel\/wp-content\/uploads\/sites\/31\/2017\/02\/P1100593-1536x865.jpeg 1536w, https:\/\/www.issibern.ch\/teams\/bayesianmodel\/wp-content\/uploads\/sites\/31\/2017\/02\/P1100593-2048x1153.jpeg 2048w, https:\/\/www.issibern.ch\/teams\/bayesianmodel\/wp-content\/uploads\/sites\/31\/2017\/02\/P1100593-500x281.jpeg 500w\" sizes=\"auto, (max-width: 584px) 100vw, 584px\" \/><\/a>\n\t\t\t<\/dt><\/dl><dl class='gallery-item'>\n\t\t\t<dt class='gallery-icon landscape'>\n\t\t\t\t<a href='https:\/\/www.issibern.ch\/teams\/bayesianmodel\/p1100784\/'><img loading=\"lazy\" decoding=\"async\" width=\"584\" height=\"329\" src=\"https:\/\/www.issibern.ch\/teams\/bayesianmodel\/wp-content\/uploads\/sites\/31\/2017\/02\/P1100784-1024x576.jpeg\" class=\"attachment-large size-large\" alt=\"\" srcset=\"https:\/\/www.issibern.ch\/teams\/bayesianmodel\/wp-content\/uploads\/sites\/31\/2017\/02\/P1100784-1024x576.jpeg 1024w, https:\/\/www.issibern.ch\/teams\/bayesianmodel\/wp-content\/uploads\/sites\/31\/2017\/02\/P1100784-300x169.jpeg 300w, https:\/\/www.issibern.ch\/teams\/bayesianmodel\/wp-content\/uploads\/sites\/31\/2017\/02\/P1100784-768x432.jpeg 768w, https:\/\/www.issibern.ch\/teams\/bayesianmodel\/wp-content\/uploads\/sites\/31\/2017\/02\/P1100784-1536x865.jpeg 1536w, https:\/\/www.issibern.ch\/teams\/bayesianmodel\/wp-content\/uploads\/sites\/31\/2017\/02\/P1100784-2048x1153.jpeg 2048w, https:\/\/www.issibern.ch\/teams\/bayesianmodel\/wp-content\/uploads\/sites\/31\/2017\/02\/P1100784-500x281.jpeg 500w\" sizes=\"auto, (max-width: 584px) 100vw, 584px\" \/><\/a>\n\t\t\t<\/dt><\/dl><br style=\"clear: both\" \/><dl class='gallery-item'>\n\t\t\t<dt class='gallery-icon landscape'>\n\t\t\t\t<a href='https:\/\/www.issibern.ch\/teams\/bayesianmodel\/p1100566\/'><img loading=\"lazy\" decoding=\"async\" width=\"584\" height=\"329\" src=\"https:\/\/www.issibern.ch\/teams\/bayesianmodel\/wp-content\/uploads\/sites\/31\/2017\/02\/P1100566-1024x576.jpeg\" class=\"attachment-large size-large\" alt=\"\" srcset=\"https:\/\/www.issibern.ch\/teams\/bayesianmodel\/wp-content\/uploads\/sites\/31\/2017\/02\/P1100566-1024x576.jpeg 1024w, https:\/\/www.issibern.ch\/teams\/bayesianmodel\/wp-content\/uploads\/sites\/31\/2017\/02\/P1100566-300x169.jpeg 300w, https:\/\/www.issibern.ch\/teams\/bayesianmodel\/wp-content\/uploads\/sites\/31\/2017\/02\/P1100566-768x432.jpeg 768w, https:\/\/www.issibern.ch\/teams\/bayesianmodel\/wp-content\/uploads\/sites\/31\/2017\/02\/P1100566-1536x865.jpeg 1536w, https:\/\/www.issibern.ch\/teams\/bayesianmodel\/wp-content\/uploads\/sites\/31\/2017\/02\/P1100566-2048x1153.jpeg 2048w, https:\/\/www.issibern.ch\/teams\/bayesianmodel\/wp-content\/uploads\/sites\/31\/2017\/02\/P1100566-500x281.jpeg 500w\" sizes=\"auto, (max-width: 584px) 100vw, 584px\" \/><\/a>\n\t\t\t<\/dt><\/dl>\n\t\t\t<br style='clear: both' \/>\n\t\t<\/div>\n\n","protected":false},"excerpt":{"rendered":"<p>We proposed for two meetings at ISSI Bern with each 12 senior participants and 2-3 young scientists. The complexity of our subject and other made it necessary to change the team composition slightly for the second meeting, which turnd out &hellip; <a href=\"https:\/\/www.issibern.ch\/teams\/bayesianmodel\/meetings-2\/\">Continue reading <span class=\"meta-nav\">&rarr;<\/span><\/a><\/p>\n","protected":false},"author":2,"featured_media":218,"parent":0,"menu_order":0,"comment_status":"closed","ping_status":"closed","template":"","meta":{"footnotes":""},"class_list":["post-69","page","type-page","status-publish","has-post-thumbnail","hentry"],"_links":{"self":[{"href":"https:\/\/www.issibern.ch\/teams\/bayesianmodel\/wp-json\/wp\/v2\/pages\/69","targetHints":{"allow":["GET"]}}],"collection":[{"href":"https:\/\/www.issibern.ch\/teams\/bayesianmodel\/wp-json\/wp\/v2\/pages"}],"about":[{"href":"https:\/\/www.issibern.ch\/teams\/bayesianmodel\/wp-json\/wp\/v2\/types\/page"}],"author":[{"embeddable":true,"href":"https:\/\/www.issibern.ch\/teams\/bayesianmodel\/wp-json\/wp\/v2\/users\/2"}],"replies":[{"embeddable":true,"href":"https:\/\/www.issibern.ch\/teams\/bayesianmodel\/wp-json\/wp\/v2\/comments?post=69"}],"version-history":[{"count":0,"href":"https:\/\/www.issibern.ch\/teams\/bayesianmodel\/wp-json\/wp\/v2\/pages\/69\/revisions"}],"wp:featuredmedia":[{"embeddable":true,"href":"https:\/\/www.issibern.ch\/teams\/bayesianmodel\/wp-json\/wp\/v2\/media\/218"}],"wp:attachment":[{"href":"https:\/\/www.issibern.ch\/teams\/bayesianmodel\/wp-json\/wp\/v2\/media?parent=69"}],"curies":[{"name":"wp","href":"https:\/\/api.w.org\/{rel}","templated":true}]}}