{"id":16,"date":"2015-01-23T16:20:42","date_gmt":"2015-01-23T15:20:42","guid":{"rendered":"http:\/\/www.issibern.ch\/teams\/climatemodels\/?page_id=16"},"modified":"2015-01-23T16:20:42","modified_gmt":"2015-01-23T15:20:42","slug":"team-members","status":"publish","type":"page","link":"https:\/\/www.issibern.ch\/teams\/climatemodels\/team-members\/","title":{"rendered":"Members"},"content":{"rendered":"<p><strong>Leader: <\/strong>Beno\u00eet Meyssignac (LEGOS, Toulouse, France, <a href=\"mailto:benoit.meyssignac@legos.obs-mip.fr\">e-mail address <\/a>&amp; <a href=\"http:\/\/www.legos.obs-mip.fr\/meyssignac\">web page<\/a> )<\/p>\n<p><strong>Members<\/strong><\/p>\n<ul>\n<li>C\u00e9cile Agosta (University of Li\u00e8ge, Belgium, <a href=\"http:\/\/Cecile.Agosta@ulg.ac.be\">e-mail address<\/a> &amp; <a href=\"http:\/\/climato.be\/cms\/index.php?climato=fr_cecile-agosta\">web page<\/a>)<\/li>\n<li>Ole Andersen (DTU space, Lyngby, Denmark, <a href=\"http:\/\/oa@space.dtu.dk\">e-mail address<\/a> &amp; <a href=\"http:\/\/www.dtu.dk\/english\/service\/phonebook\/person?id=38307&amp;tab=1\">web page<\/a>)<\/li>\n<li>Nicolas Champollion (International Space Science Institute, Bern, Switzerland, <a href=\"http:\/\/champollion@issibern.ch\">e-mail address<\/a> &amp; <a href=\"http:\/\/www.issibern.ch\/index.html\">web page<\/a>)<\/li>\n<li>John Church (CSIRO Marine and Atmospheric Research, Hobart, Australia, <a href=\"http:\/\/John.Church@csiro.au\">e-mail address<\/a> &amp; <a href=\"http:\/\/www.cmar.csiro.au\/sealevel\/sl_about_us.html#church\">web page<\/a>)<\/li>\n<li>Xavier Fettweis (University of Li\u00e8ge, Belgium, <a href=\"http:\/\/xavier.fettweis@ulg.ac.be\">e-mail address<\/a> &amp; <a href=\"http:\/\/climato.ulg.ac.be\/cms\/index.php?climato=en_dr-xavier-fettweis\">web page<\/a>)<\/li>\n<li>Benjamin Hamlington (University of Colorado \/ CIRES, Boulder, USA, <a href=\"http:\/\/bhamling@odu.edu\">e-mail address<\/a> &amp; <a href=\"https:\/\/www.odu.edu\/directory\/people\/b\/bhamling\">web page<\/a>)<\/li>\n<li>F\u00e9lix Landerer (JPL, Pasadena, USA, <a href=\"http:\/\/Felix.W.Landerer@jpl.nasa.gov&gt;\">e-mail address<\/a> &amp; <a href=\"https:\/\/science.jpl.nasa.gov\/people\/Landerer\/\">web page<\/a>)<\/li>\n<li>Stefan Ligtenberg (IMAU \/ Utrecht University, Netherlands, <a href=\"s.r.m.ligtenberg@uu.nl\">e-mail address<\/a> &amp; <a href=\"http:\/\/www.staff.science.uu.nl\/~ligte104\/\">web page<\/a>)<\/li>\n<li>Ben Marzeion (University of Bremen, Germany, <a href=\"http:\/\/ben.marzeion@uni-bremen.de\">e-mail address<\/a> &amp; <a href=\"http:\/\/www.marzeion.info\/\">web page<\/a>)<\/li>\n<li>Ang\u00e9lique Melet (Mercator-Oc\u00e9an, Toulouse, France, <a href=\"http:\/\/angelique.melet@mercator-ocean.fr\">e-mail address<\/a> &amp; <a href=\"http:\/\/www.legos.obs-mip.fr\/melet\">web page<\/a>)<\/li>\n<li>Matt Palmer (Met Office Hadley Center, Exeter, UK, <a href=\"http:\/\/matthew.palmer@metoffice.gov.uk\">e-mail address<\/a> &amp; <a href=\"http:\/\/www.metoffice.gov.uk\/research\/people\/matt-palmer\">web page<\/a>)<\/li>\n<li>Kristin Richter (Institute \u00a0of \u00a0Meteorology \u00a0and \u00a0Geophysics \/ University \u00a0of \u00a0Innsbruck, Austria, <a href=\"kristin.richter@uibk.ac.at\">e-mail address<\/a> &amp; <a href=\"http:\/\/kristinrichter.info\/\">web page<\/a>)<\/li>\n<li>Chris Roberts (Met Office Hadley Center, Exeter, UK, <a href=\"http:\/\/roberts.cd@gmail.com\">e-mail address<\/a> &amp; <a href=\"http:\/\/www.metoffice.gov.uk\/research\/people\/chris-roberts\">web page<\/a>)<\/li>\n<li>Aim\u00e9e Slangen (CSIRO Marine and Atmospheric Research, Hobart, Australia, <a href=\"aimee.slangen@csiro.au\">e-mail address<\/a> &amp; <a href=\"http:\/\/aimeeslangen.blogspot.ch\/\">web page<\/a>)<\/li>\n<li>Giorgio Spada (Universit\u00e0 degli Studi di Urbino, Urbino, Italy, <a href=\"http:\/\/giorgio.spada@gmail.com\">e-mail address<\/a> &amp; <a href=\"http:\/\/www.fis.uniurb.it\/spada\/Home.html\">web page<\/a>)<\/li>\n<\/ul>\n","protected":false},"excerpt":{"rendered":"<p>Leader: Beno\u00eet Meyssignac (LEGOS, Toulouse, France, e-mail address &amp; web page ) Members C\u00e9cile Agosta (University of Li\u00e8ge, Belgium, e-mail address &amp; web page) Ole Andersen (DTU space, Lyngby, Denmark, e-mail address &amp; web page) Nicolas Champollion (International Space Science &hellip; <a href=\"https:\/\/www.issibern.ch\/teams\/climatemodels\/team-members\/\">Continue reading <span class=\"meta-nav\">&rarr;<\/span><\/a><\/p>\n","protected":false},"author":2,"featured_media":0,"parent":0,"menu_order":5,"comment_status":"closed","ping_status":"closed","template":"","meta":{"footnotes":""},"class_list":["post-16","page","type-page","status-publish","hentry"],"_links":{"self":[{"href":"https:\/\/www.issibern.ch\/teams\/climatemodels\/wp-json\/wp\/v2\/pages\/16","targetHints":{"allow":["GET"]}}],"collection":[{"href":"https:\/\/www.issibern.ch\/teams\/climatemodels\/wp-json\/wp\/v2\/pages"}],"about":[{"href":"https:\/\/www.issibern.ch\/teams\/climatemodels\/wp-json\/wp\/v2\/types\/page"}],"author":[{"embeddable":true,"href":"https:\/\/www.issibern.ch\/teams\/climatemodels\/wp-json\/wp\/v2\/users\/2"}],"replies":[{"embeddable":true,"href":"https:\/\/www.issibern.ch\/teams\/climatemodels\/wp-json\/wp\/v2\/comments?post=16"}],"version-history":[{"count":0,"href":"https:\/\/www.issibern.ch\/teams\/climatemodels\/wp-json\/wp\/v2\/pages\/16\/revisions"}],"wp:attachment":[{"href":"https:\/\/www.issibern.ch\/teams\/climatemodels\/wp-json\/wp\/v2\/media?parent=16"}],"curies":[{"name":"wp","href":"https:\/\/api.w.org\/{rel}","templated":true}]}}