{"id":23,"date":"2018-04-26T08:14:43","date_gmt":"2018-04-26T07:14:43","guid":{"rendered":"http:\/\/www.issibern.ch\/teams\/coronalfronts\/?page_id=23"},"modified":"2018-04-26T08:14:43","modified_gmt":"2018-04-26T07:14:43","slug":"publications","status":"publish","type":"page","link":"https:\/\/www.issibern.ch\/teams\/coronalfronts\/publications\/","title":{"rendered":"Publications"},"content":{"rendered":"<p><em>Papers published as a result of (or acknowledging) this ISSI team:<\/em><\/p>\n<p><span class=\"nowrap\">Piantschitsch, I.,\u00a0Vr\u0161nak, B.,\u00a0Hanslmeier, A.,\u00a0Lemmerer, B.,\u00a0Veronig, A.,\u00a0Hernandez-Perez, A.,\u00a0\u010calogovi\u0107, J.,<br \/>\n<em>Numerical Simulation of Coronal Waves Interacting with Coronal Holes. II. Dependence on Alfv\u00e9n speed inside the Coronal Hole<\/em>, 2018, The Astrophysical Journal, <strong>857<\/strong>, 130,\u00a0<\/span><a href=\"https:\/\/doi.org\/10.3847\/1538-4357\/aab709\">10.3847\/1538-4357\/aab709<\/a><\/p>\n<p>Long, D. M., Bloomfield, D. S., Chen, P.-F., Downs, C., Gallagher, P. T., Kwon, R.-Y., Vanninathan, K., Veronig, A., Vourlidas, A., Vr\u0161nak, B., Warmuth, A., <span class=\"nowrap\">\u017d<\/span>ic, T.,<br \/>\n<em>Understanding the physical nature of &#8220;EIT waves&#8221;<\/em>,\u00a02017, Solar Physics, <strong>292<\/strong>, 7, <a href=\"http:\/\/dx.doi.org\/10.1007\/s11207-016-1030-y\">doi:10.1007\/s11207-016-1030-y<\/a><\/p>\n<p><span class=\"nowrap\">Piantschitsch, I.<\/span>,<span class=\"nowrap\">\u00a0Vr\u0161nak, B.<\/span>,<span class=\"nowrap\">\u00a0Hanslmeier, A.<\/span>,<span class=\"nowrap\">\u00a0Lemmerer, B.<\/span>,<span class=\"nowrap\">\u00a0Veronig, A.<\/span>,<span class=\"nowrap\">\u00a0Hernandez-Perez<\/span>, A.,<span class=\"nowrap\">\u00a0\u010calogovi\u0107, J.<\/span>,<span class=\"nowrap\">\u00a0\u017dic, T.,<br \/>\n<\/span><em>A Numerical Simulation of Coronal Waves Interacting with Coronal Holes. I. Basic Features<\/em>, 2017, The Astrophysical Journal, <strong>850<\/strong>, 1,\u00a0<a href=\"https:\/\/doi.org\/10.3847\/1538-4357\/aa8cc9\">10.3847\/1538-4357\/aa8cc9<\/a><\/p>\n<p><span class=\"nowrap\">Dissauer, K., Temmer, M., Veronig,\u00a0A. M., Vanninathan, K., Magdaleni\u0107, J.,<br \/>\n<em>Projection Effects in Coronal Dimmings and Associated EUV Wave Event<\/em>, 2016, The Astrophysical Journal, <strong>830<\/strong>, 2,\u00a0<\/span><a href=\"http:\/\/dx.doi.org\/10.3847\/0004-637X\/830\/2\/92\" target=\"_blank\" rel=\"noopener\">10.3847\/0004-637X\/830\/2\/92<\/a><\/p>\n<p><span class=\"nowrap\">Vanninathan, K.<\/span>, <span class=\"nowrap\">Veronig, A. M.<\/span>, <span class=\"nowrap\">Dissauer, K.<\/span>, <span class=\"nowrap\">Madjarska, M. S.<\/span>, <span class=\"nowrap\">Hannah, I. G.<\/span>, <span class=\"nowrap\">Kontar, E. P.,<br \/>\n<em>Coronal Response to an EUV wave from DEM Analysis<\/em>, 2015, The Astrophysical Journal, <strong>812<\/strong>, 2,\u00a0<a href=\"http:\/\/dx.doi.org\/10.1088\/0004-637X\/812\/2\/173\">10.1088\/0004-637X\/812\/2\/173<\/a><\/span><\/p>\n","protected":false},"excerpt":{"rendered":"<p>Papers published as a result of (or acknowledging) this ISSI team: Piantschitsch, I.,\u00a0Vr\u0161nak, B.,\u00a0Hanslmeier, A.,\u00a0Lemmerer, B.,\u00a0Veronig, A.,\u00a0Hernandez-Perez, A.,\u00a0\u010calogovi\u0107, J., Numerical Simulation of Coronal Waves Interacting with Coronal Holes. II. Dependence on Alfv\u00e9n speed inside the Coronal Hole, 2018, The Astrophysical &hellip; <a href=\"https:\/\/www.issibern.ch\/teams\/coronalfronts\/publications\/\">Continue reading <span class=\"meta-nav\">&rarr;<\/span><\/a><\/p>\n","protected":false},"author":2,"featured_media":0,"parent":0,"menu_order":0,"comment_status":"closed","ping_status":"closed","template":"","meta":{"footnotes":""},"class_list":["post-23","page","type-page","status-publish","hentry"],"_links":{"self":[{"href":"https:\/\/www.issibern.ch\/teams\/coronalfronts\/wp-json\/wp\/v2\/pages\/23","targetHints":{"allow":["GET"]}}],"collection":[{"href":"https:\/\/www.issibern.ch\/teams\/coronalfronts\/wp-json\/wp\/v2\/pages"}],"about":[{"href":"https:\/\/www.issibern.ch\/teams\/coronalfronts\/wp-json\/wp\/v2\/types\/page"}],"author":[{"embeddable":true,"href":"https:\/\/www.issibern.ch\/teams\/coronalfronts\/wp-json\/wp\/v2\/users\/2"}],"replies":[{"embeddable":true,"href":"https:\/\/www.issibern.ch\/teams\/coronalfronts\/wp-json\/wp\/v2\/comments?post=23"}],"version-history":[{"count":0,"href":"https:\/\/www.issibern.ch\/teams\/coronalfronts\/wp-json\/wp\/v2\/pages\/23\/revisions"}],"wp:attachment":[{"href":"https:\/\/www.issibern.ch\/teams\/coronalfronts\/wp-json\/wp\/v2\/media?parent=23"}],"curies":[{"name":"wp","href":"https:\/\/api.w.org\/{rel}","templated":true}]}}