{"id":7,"date":"2016-02-25T11:29:13","date_gmt":"2016-02-25T11:29:13","guid":{"rendered":"http:\/\/www.issibern.ch\/teams\/cosmomag\/?page_id=7"},"modified":"2023-06-15T13:43:52","modified_gmt":"2023-06-15T13:43:52","slug":"people","status":"publish","type":"page","link":"https:\/\/www.issibern.ch\/teams\/cosmomag\/people\/","title":{"rendered":"People"},"content":{"rendered":"<div id=\"attachment_33\" style=\"width: 594px\" class=\"wp-caption aligncenter\"><a href=\"https:\/\/www.issibern.ch\/teams\/cosmomag\/wp-content\/uploads\/sites\/61\/2016\/02\/L1010740_Lr_Feb2016.jpg\" rel=\"attachment wp-att-33\"><img loading=\"lazy\" decoding=\"async\" aria-describedby=\"caption-attachment-33\" src=\"http:\/\/www.issibern.ch\/teams\/cosmomag\/wp-content\/uploads\/2016\/02\/L1010740_Lr_Feb2016-1024x339.jpg\" alt=\"February 2016 Meeting\" width=\"584\" height=\"193\" class=\"size-large wp-image-33\" srcset=\"https:\/\/www.issibern.ch\/teams\/cosmomag\/wp-content\/uploads\/sites\/61\/2016\/02\/L1010740_Lr_Feb2016-1024x339.jpg 1024w, https:\/\/www.issibern.ch\/teams\/cosmomag\/wp-content\/uploads\/sites\/61\/2016\/02\/L1010740_Lr_Feb2016-300x99.jpg 300w, https:\/\/www.issibern.ch\/teams\/cosmomag\/wp-content\/uploads\/sites\/61\/2016\/02\/L1010740_Lr_Feb2016-768x254.jpg 768w, https:\/\/www.issibern.ch\/teams\/cosmomag\/wp-content\/uploads\/sites\/61\/2016\/02\/L1010740_Lr_Feb2016-1536x508.jpg 1536w, https:\/\/www.issibern.ch\/teams\/cosmomag\/wp-content\/uploads\/sites\/61\/2016\/02\/L1010740_Lr_Feb2016-2048x677.jpg 2048w, https:\/\/www.issibern.ch\/teams\/cosmomag\/wp-content\/uploads\/sites\/61\/2016\/02\/L1010740_Lr_Feb2016-500x165.jpg 500w\" sizes=\"auto, (max-width: 584px) 100vw, 584px\" \/><\/a><p id=\"caption-attachment-33\" class=\"wp-caption-text\">February 2016 Meeting<\/p><\/div>\n<p><a href=\"http:\/\/astro.ic.ac.uk\/aheavens\/home\" target=\"_blank\" rel=\"noopener\"><strong>Alan Heavens<\/strong><\/a> (Imperial College London, UK)<br \/>\n<a href=\"https:\/\/www.astro.uni-bonn.de\/m\/hendrik\/home\/\" target=\"_blank\" rel=\"noopener\"><strong>Hendrik Hildebrandt<\/strong><\/a> (Argelander-Institut f\u00fcr Astronomie Bonn, D)<\/p>\n<p><strong>Justin Alsing<\/strong> (Imperial College London, UK)<br \/>\n<strong>James Bartlett<\/strong> (Universit\u00e9 Paris Diderot, F)<br \/>\n<strong>I-Non Chiu<\/strong> (Universit\u00e4ts-Sternwarte M\u00fcnchen, D)<br \/>\n<strong>Sandro Ciarlariello<\/strong> (Institute of Cosmology and Gravitation, Portsmouth, UK)<br \/>\n<strong>Rob Crittenden<\/strong> (Institute of Cosmology and Gravitation, Portsmouth, UK)<br \/>\n<strong>Jes Ford<\/strong> (University of British Columbia, CA)<br \/>\n<strong>Enrique Gaztanaga<\/strong> (Institut de Ciencies de l\u2019Espai CSIC\/IEEC, Barcelona, ES)<br \/>\n<strong>Henk Hoekstra<\/strong> (Leiden Observatory, NL)<br \/>\n<strong>Andrew Jaffe<\/strong> (Imperial College London, UK)<br \/>\n<strong>Benjamin Joachimi<\/strong> (University College London, UK)<br \/>\n<strong>Dan Jones<\/strong> (Imperial College London, UK)<br \/>\n<strong>Chris Morrison<\/strong> (Argelander-Institut f\u00fcr Astronomie Bonn, D)<br \/>\n<strong>Fabian Schmidt<\/strong> (Max-Planck-Institut f\u00fcr Astrophysik Garching, D)<br \/>\n<strong>Malte Tewes<\/strong> (Argelander-Institut f\u00fcr Astronomie Bonn, D)<\/p>\n","protected":false},"excerpt":{"rendered":"<p>Alan Heavens (Imperial College London, UK) Hendrik Hildebrandt (Argelander-Institut f\u00fcr Astronomie Bonn, D) Justin Alsing (Imperial College London, UK) James Bartlett (Universit\u00e9 Paris Diderot, F) I-Non Chiu (Universit\u00e4ts-Sternwarte M\u00fcnchen, D) Sandro Ciarlariello (Institute of Cosmology and Gravitation, Portsmouth, UK) Rob &hellip; <a href=\"https:\/\/www.issibern.ch\/teams\/cosmomag\/people\/\">Continue reading <span class=\"meta-nav\">&rarr;<\/span><\/a><\/p>\n","protected":false},"author":2,"featured_media":0,"parent":0,"menu_order":0,"comment_status":"closed","ping_status":"closed","template":"sidebar-page.php","meta":{"footnotes":""},"class_list":["post-7","page","type-page","status-publish","hentry"],"_links":{"self":[{"href":"https:\/\/www.issibern.ch\/teams\/cosmomag\/wp-json\/wp\/v2\/pages\/7","targetHints":{"allow":["GET"]}}],"collection":[{"href":"https:\/\/www.issibern.ch\/teams\/cosmomag\/wp-json\/wp\/v2\/pages"}],"about":[{"href":"https:\/\/www.issibern.ch\/teams\/cosmomag\/wp-json\/wp\/v2\/types\/page"}],"author":[{"embeddable":true,"href":"https:\/\/www.issibern.ch\/teams\/cosmomag\/wp-json\/wp\/v2\/users\/2"}],"replies":[{"embeddable":true,"href":"https:\/\/www.issibern.ch\/teams\/cosmomag\/wp-json\/wp\/v2\/comments?post=7"}],"version-history":[{"count":1,"href":"https:\/\/www.issibern.ch\/teams\/cosmomag\/wp-json\/wp\/v2\/pages\/7\/revisions"}],"predecessor-version":[{"id":124,"href":"https:\/\/www.issibern.ch\/teams\/cosmomag\/wp-json\/wp\/v2\/pages\/7\/revisions\/124"}],"wp:attachment":[{"href":"https:\/\/www.issibern.ch\/teams\/cosmomag\/wp-json\/wp\/v2\/media?parent=7"}],"curies":[{"name":"wp","href":"https:\/\/api.w.org\/{rel}","templated":true}]}}