{"id":84,"date":"2016-01-12T10:23:16","date_gmt":"2016-01-12T09:23:16","guid":{"rendered":"http:\/\/www.issibern.ch\/teams\/divplansys\/?page_id=5"},"modified":"2016-01-12T10:23:16","modified_gmt":"2016-01-12T09:23:16","slug":"participants","status":"publish","type":"page","link":"https:\/\/www.issibern.ch\/teams\/divplansys\/participants\/","title":{"rendered":"Participants"},"content":{"rendered":"<p>List of team members and affiliations:<\/p>\n<ul>\n<li>Jos\u00e9 Manuel Almenara (IPAG, France)<\/li>\n<li>Roi Alonso (IAC, Spain)<\/li>\n<li>Dave Armstrong (University of Warwick, UK)<\/li>\n<li>Susana Barros (CAUP, Portugal)<\/li>\n<li>Juan Cabrera (DLR, Germany) [coordinator]<\/li>\n<li>Rodrigo D\u00edaz (Observatoire de Gen\u00e8ve, Switzerland)<\/li>\n<li>Rapha\u00eblle Haywood (University of St. Andrews, UK)<\/li>\n<li>Nuno C. Santos (CAUP, Portugal)<\/li>\n<li>Alexandre Santerne (CAUP, Portugal)<\/li>\n<li>Shay Zucker (Tel-Aviv University, Israel)<\/li>\n<\/ul>\n","protected":false},"excerpt":{"rendered":"<p>List of team members and affiliations: Jos\u00e9 Manuel Almenara (IPAG, France) Roi Alonso (IAC, Spain) Dave Armstrong (University of Warwick, UK) Susana Barros (CAUP, Portugal) Juan Cabrera (DLR, Germany) [coordinator] Rodrigo D\u00edaz (Observatoire de Gen\u00e8ve, Switzerland) Rapha\u00eblle Haywood (University of &hellip; <a href=\"https:\/\/www.issibern.ch\/teams\/divplansys\/participants\/\">Continue reading <span class=\"meta-nav\">&rarr;<\/span><\/a><\/p>\n","protected":false},"author":2,"featured_media":0,"parent":0,"menu_order":0,"comment_status":"closed","ping_status":"closed","template":"","meta":{"footnotes":""},"class_list":["post-84","page","type-page","status-publish","hentry"],"_links":{"self":[{"href":"https:\/\/www.issibern.ch\/teams\/divplansys\/wp-json\/wp\/v2\/pages\/84","targetHints":{"allow":["GET"]}}],"collection":[{"href":"https:\/\/www.issibern.ch\/teams\/divplansys\/wp-json\/wp\/v2\/pages"}],"about":[{"href":"https:\/\/www.issibern.ch\/teams\/divplansys\/wp-json\/wp\/v2\/types\/page"}],"author":[{"embeddable":true,"href":"https:\/\/www.issibern.ch\/teams\/divplansys\/wp-json\/wp\/v2\/users\/2"}],"replies":[{"embeddable":true,"href":"https:\/\/www.issibern.ch\/teams\/divplansys\/wp-json\/wp\/v2\/comments?post=84"}],"version-history":[{"count":0,"href":"https:\/\/www.issibern.ch\/teams\/divplansys\/wp-json\/wp\/v2\/pages\/84\/revisions"}],"wp:attachment":[{"href":"https:\/\/www.issibern.ch\/teams\/divplansys\/wp-json\/wp\/v2\/media?parent=84"}],"curies":[{"name":"wp","href":"https:\/\/api.w.org\/{rel}","templated":true}]}}