{"id":16,"date":"2018-03-07T18:18:27","date_gmt":"2018-03-07T16:18:27","guid":{"rendered":"http:\/\/www.issibern.ch\/teams\/encelade\/?page_id=16"},"modified":"2018-03-07T18:18:27","modified_gmt":"2018-03-07T16:18:27","slug":"members","status":"publish","type":"page","link":"https:\/\/www.issibern.ch\/teams\/encelade\/members\/","title":{"rendered":"Members"},"content":{"rendered":"<h2><b>Team leader<\/b><\/h2>\n<p>Val\u00e9ry Lainey, Jet Propulsion Laboratory, USA &amp; IMCCE, Paris Observatory, France<\/p>\n<h2>Core members<\/h2>\n<ul>\n<li><a href=\"http:\/\/www.ov.ufrj.br\/docentes\/marcelo-assafin\/\" target=\"massafin\" rel=\"noopener\">Marcelo Assafin<\/a>, Observat&oacute;rio do Valongo, Brazil<\/li>\n<li><a href=\"https:\/\/perso.imcce.fr\/kevin-baillie\/\" target=\"kbaillie\" rel=\"noopener\">K\u00e9vin Bailli\u00e9<\/a>, IMCCE, Paris Observatory, France<\/li>\n<li><a href=\"http:\/\/www.ipgp.fr\/fr\/charnoz-sebastien\" target=\"scharnoz\" rel=\"noopener\">S\u00e9bastien Charnoz<\/a>, IPG, Paris, France<\/li>\n<li><a href=\"https:\/\/www.qmul.ac.uk\/spa\/people\/research-staff\/profiles\/ncooper.html\" target=\"ncooper\" rel=\"noopener\">Nick Cooper<\/a>, Queen Mary University of London, UK<\/li>\n<li><a href=\"https:\/\/scienceandtechnology.jpl.nasa.gov\/people\/r_jacobson\" target=\"rjacobson\" rel=\"noopener\">Robert A. Jacobson<\/a>, Jet Propulsion Laboratory, USA<\/li>\n<li><a href=\"http:\/\/sfmathis.free.fr\/Home.html\" target=\"smathis\" rel=\"noopener\">St\u00e9phane Mathis<\/a>, AIM\/CEA, Gif sur Yvette, France<\/li>\n<li><a href=\"http:\/\/astro.qmul.ac.uk\/directory\/c.d.murray\" target=\"cmurray\" rel=\"noopener\">Carl D. Murray<\/a>, Queen Mary University of London, UK<\/li>\n<li><a href=\"http:\/\/perso.utinam.cnrs.fr\/~bnoyelle\/\" target=\"bnoyelles\" rel=\"noopener\">Beno\u00eet Noyelles<\/a>, UTINAM, University of Franche-Comt\u00e9, Besan\u00e7on, France<\/li>\n<li>Nicolas Rambaux, IMCCE &amp; UPMC, Paris, France<\/li>\n<li>St\u00e9fan Renner, IMCCE &amp; University of Lille, France<\/li>\n<li>Vincent Robert, IMCCE &amp; IPSA, France<\/li>\n<\/ul>\n<h2><b>Additional experts<\/b><\/h2>\n<ul>\n<li><a href=\"https:\/\/perso.imcce.fr\/jean-eudes-arlot\/\" target=\"jearlot\" rel=\"noopener\">Jean-Eudes Arlot<\/a>, IMCCE, Paris Observatory, France<\/li>\n<li>Marina Brozovic, Jet Propulsion Laboratory, USA<\/li>\n<li><a href=\"http:\/\/astro.cornell.edu\/members\/maryame-el-moutamid.html\" target=\"melmoutamid\" rel=\"noopener\">Maryame El Moutamid<\/a>, Cornell University, USA<\/li>\n<li><a href=\"http:\/\/josselin.desmars.free.fr\/work\/contact\/\" target=\"jdesmars\" rel=\"noopener\">Josselin Desmars<\/a>, LESIA, Paris Observatory, France<\/li>\n<li><a href=\"http:\/\/www.tapir.caltech.edu\/~fuller\/\" target=\"jfuller\" rel=\"noopener\">Jim Fuller<\/a>, CalTech, USA<\/li>\n<li><a href=\"https:\/\/syrte.obspm.fr\/~leponcin\/\" target=\"clpl\" rel=\"noopener\">Christophe Le Poncin-Lafitte<\/a>, SYRTE, Paris Observatory, France<\/li>\n<li>William Polycarpe, IMCCE, Paris Observatory, France<\/li>\n<li>Altair Ramos Gomes J&uacute;nior, Observat\u00f3rio do Valongo, Brazil<\/li>\n<li>Radwan Tajeddine, Cornell University, USA<\/li>\n<li><a href=\"https:\/\/lpg-umr6112.fr\/index.php?option=com_content&amp;view=article&amp;id=604&amp;lang=fr\" target=\"gtobie\" rel=\"noopener\">Gabriel Tobie<\/a>, LPG, Nantes, France<\/li>\n<li>Roberto Vieira-Martins, Observatorio Nacional, Rio de Janeiro, Brazil<\/li>\n<li>Alain Vienne, IMCCE &amp; University of Lille, France<\/li>\n<li>Xiaojin Xi, IMCCE, Paris Observatory, France<\/li>\n<\/ul>\n<h2><b>PhD students<\/b><\/h2>\n<ul>\n<li>Quentin Andr\u00e9, AIM\/CEA, Gif sur Yvette, France<\/li>\n<li>Bruno Morgado, Observatorio Nacional, Rio de Janeiro, Brazil<\/li>\n<\/ul>\n","protected":false},"excerpt":{"rendered":"<p>Team leader Val\u00e9ry Lainey, Jet Propulsion Laboratory, USA &amp; IMCCE, Paris Observatory, France Core members Marcelo Assafin, Observat&oacute;rio do Valongo, Brazil K\u00e9vin Bailli\u00e9, IMCCE, Paris Observatory, France S\u00e9bastien Charnoz, IPG, Paris, France Nick Cooper, Queen Mary University of London, UK &hellip; <a href=\"https:\/\/www.issibern.ch\/teams\/encelade\/members\/\">Continue reading <span class=\"meta-nav\">&rarr;<\/span><\/a><\/p>\n","protected":false},"author":3,"featured_media":0,"parent":0,"menu_order":0,"comment_status":"closed","ping_status":"closed","template":"","meta":{"footnotes":""},"class_list":["post-16","page","type-page","status-publish","hentry"],"_links":{"self":[{"href":"https:\/\/www.issibern.ch\/teams\/encelade\/wp-json\/wp\/v2\/pages\/16","targetHints":{"allow":["GET"]}}],"collection":[{"href":"https:\/\/www.issibern.ch\/teams\/encelade\/wp-json\/wp\/v2\/pages"}],"about":[{"href":"https:\/\/www.issibern.ch\/teams\/encelade\/wp-json\/wp\/v2\/types\/page"}],"author":[{"embeddable":true,"href":"https:\/\/www.issibern.ch\/teams\/encelade\/wp-json\/wp\/v2\/users\/3"}],"replies":[{"embeddable":true,"href":"https:\/\/www.issibern.ch\/teams\/encelade\/wp-json\/wp\/v2\/comments?post=16"}],"version-history":[{"count":0,"href":"https:\/\/www.issibern.ch\/teams\/encelade\/wp-json\/wp\/v2\/pages\/16\/revisions"}],"wp:attachment":[{"href":"https:\/\/www.issibern.ch\/teams\/encelade\/wp-json\/wp\/v2\/media?parent=16"}],"curies":[{"name":"wp","href":"https:\/\/api.w.org\/{rel}","templated":true}]}}