{"id":8,"date":"2016-10-05T14:36:34","date_gmt":"2016-10-05T12:36:34","guid":{"rendered":"http:\/\/www.issibern.ch\/teams\/euromoon\/?page_id=6"},"modified":"2016-10-05T14:36:34","modified_gmt":"2016-10-05T12:36:34","slug":"team-members","status":"publish","type":"page","link":"https:\/\/www.issibern.ch\/teams\/euromoon\/team-members\/","title":{"rendered":"Team Members"},"content":{"rendered":"<p>Coordinating person:<\/p>\n<p><strong>Prof Manuel Grande<\/strong><strong>, <\/strong>Aberystwyth University, <strong>UK<\/strong><\/p>\n<p>IMAPS Aberystwyth University, Penglais\u00a0STY23 3B Aberystwyth, UK<\/p>\n<p>Phone:\u00a0\u00a0\u00a0 + 44 1970622624<\/p>\n<p>e-mail:\u00a0\u00a0 <a href=\"mailto:m.grande@aber.ac.uk\">m.grande@aber.ac.uk<\/a><\/p>\n<p><strong>\u00a0<\/strong><\/p>\n<p><strong>Patrick Pinet<\/strong><strong>, <\/strong>IRAP, <strong>France<\/strong><\/p>\n<p>Dr Patrick Pinet IRAP\/ UMR 5277, Universit\u00e9 de Toulouse &#8211; UPS\/CNRS<\/p>\n<p>14, Avenue Edouard Belin, 31400 Toulouse, France<\/p>\n<p>Tel.: (+33) 5 61 33 29 65 Fax: (+33) 5 61 33 29 00<\/p>\n<p>email: <a href=\"mailto:patrick.pinet@irap.omp.eu\">patrick.pinet@irap.omp.eu<\/a><\/p>\n<p>&nbsp;<\/p>\n<p><strong>Harald Hiesinger<\/strong><strong>,<\/strong> Westf\u00e4lische Wilhelms-Universit\u00e4t M\u00fcnster, <strong>Germany<\/strong><\/p>\n<p>Nottulner Landweg 27, 48161 M\u00fcnster, Germany<\/p>\n<p>Phone: 02534 645136 (home), 0251 8339057 (office), 0151 16563388 (cell)<\/p>\n<p>e-mail: <a href=\"mailto:Hiesinger@Uni-Muenster.de\">Hiesinger@Uni-Muenster.de<\/a><\/p>\n<p>&nbsp;<\/p>\n<p><strong>Audrey Souchon,<\/strong><strong><sup>\u00a0<\/sup><\/strong>Space Exploration Institute(SPACE-X)<strong>, <\/strong>Neuchatel,<strong> Switzerland<\/strong><\/p>\n<p>Space Exploration Institute (Space-X), 68 Faubourg de l\u2019H\u00f4pital, CP 774, CH-2002, Neuch\u00e2tel, Switzerland<\/p>\n<p>Tel: +41 32 725 80 45<\/p>\n<p>e-mail: <a href=\"mailto:audrey.souchon@space-x.ch\">audrey.souchon@space-x.ch<\/a><\/p>\n<p><strong>\u00a0<\/strong><\/p>\n<p><strong>Juhani Huovelin<span style=\"font-size: 10px\">,<\/span><\/strong>\u00a0Helsinki Univ, <strong>Finland<\/strong>.<\/p>\n<p>Department of Physics\u00a0\u00a0 P.O. Box 48\u00a0 (Erik Palmenin aukio 1), FIN-00014 University of Helsinki, Finland<\/p>\n<p>Telephone: \u00a0\u00a0\u00a0\u00a0\u00a0\u00a0\u00a0\u00a0\u00a0\u00a0\u00a0\u00a0\u00a0\u00a0\u00a0\u00a0\u00a0\u00a0\u00a0\u00a0\u00a0\u00a0\u00a0\u00a0\u00a0 +358- 9-19122948, +358-50-5841449<\/p>\n<p>email: \u00a0\u00a0\u00a0\u00a0\u00a0\u00a0\u00a0\u00a0\u00a0\u00a0\u00a0\u00a0\u00a0\u00a0\u00a0\u00a0\u00a0\u00a0\u00a0\u00a0\u00a0\u00a0\u00a0\u00a0\u00a0\u00a0\u00a0\u00a0\u00a0\u00a0\u00a0\u00a0\u00a0\u00a0 <a href=\"mailto:Juhani.Huovelin@Helsinki.Fi\">Juhani.Huovelin@Helsinki.Fi<\/a><\/p>\n<p><strong>\u00a0<\/strong><\/p>\n<p><strong>Sara Russell<\/strong><strong>, <\/strong>Natural History Museum London <strong>UK<\/strong><\/p>\n<p>Natural History Museum, Cromwell Rd, London SW7 5BD, UK<\/p>\n<p>+44 20 7942 5000<\/p>\n<p>e-mail sarr@nhm.ac.uk<\/p>\n<p><strong>\u00a0<\/strong><\/p>\n<p><strong>Yong-Chun Zheng<\/strong><strong>,<\/strong> NAOC, <strong>China<\/strong><\/p>\n<p>National Astronomical Observatories, Chinese Academy of Sciences, A20, Datun Rd., Chaoyang, Beijing, China. 100012<\/p>\n<p>Telephone: 0086-10-64880680 (office).\u00a0\u00a0 0086-13716366069 (Mobile) Fax: 0086-10-64888703<\/p>\n<p>e-mail: \u00a0<a href=\"mailto:zyc@nao.cas.cn\">zyc@nao.cas.cn<\/a><\/p>\n<p><strong>\u00a0<\/strong><\/p>\n<p><strong>David Lawrence<\/strong><strong>, <\/strong>APL, <strong>USA<\/strong><\/p>\n<p>Johns Hopkins Applied Physics Laboratory, 11100 Johns Hopkins Drive, Laurel, MD<\/p>\n<p>240-228-9615;<\/p>\n<p>email: <a href=\"mailto:David.J.Lawrence@jhuapl.edu\">David.J.Lawrence@jhuapl.edu<\/a><\/p>\n<p>&nbsp;<\/p>\n<p><strong>Urs Mall<\/strong><strong>, <\/strong>MPI\/SSR, <strong>Germany<\/strong><\/p>\n<p>Justus-von-Liebig-Weg 3, 7077 G\u00f6ttingen<\/p>\n<p>Phone: +49 551 384 979-152<\/p>\n<p>email: <a href=\"mailto:mall@mps.mpg.de\">mall@mps.mpg.de<\/a><\/p>\n<p><strong>\u00a0<\/strong><\/p>\n<p><strong>Mahesh Anand,\u00a0<\/strong>Open University, <strong>UK<\/strong><\/p>\n<p><strong>\u00a0\u00a0\u00a0\u00a0\u00a0\u00a0\u00a0\u00a0\u00a0\u00a0\u00a0\u00a0\u00a0\u00a0\u00a0 <\/strong>Department of Physical Sciences, Walton Hall, Milton Keynes, MK7 6AA, UK<\/p>\n<p>Phone: <strong>+<\/strong>441908858551<\/p>\n<p>email: <a href=\"mailto:Mahesh.Anand@open.ac.uk\">Mahesh.Anand@open.ac.uk<\/a><\/p>\n<p><strong>\u00a0<\/strong><\/p>\n<p><strong>Carle Pieters,\u00a0<\/strong>Brown University, <strong>USA<\/strong><\/p>\n<p>Department of Geological Sciences, Brown University<\/p>\n<p>Box 1846, Providence RI 02912\u00a0 USA<\/p>\n<p>Phone: (401) 863-2417;<\/p>\n<p>email: <a href=\"mailto:Carle_Pieters@Brown.edu\">Carle_Pieters@Brown.edu<\/a><\/p>\n","protected":false},"excerpt":{"rendered":"<p>Coordinating person: Prof Manuel Grande, Aberystwyth University, UK IMAPS Aberystwyth University, Penglais\u00a0STY23 3B Aberystwyth, UK Phone:\u00a0\u00a0\u00a0 + 44 1970622624 e-mail:\u00a0\u00a0 m.grande@aber.ac.uk \u00a0 Patrick Pinet, IRAP, France Dr Patrick Pinet IRAP\/ UMR 5277, Universit\u00e9 de Toulouse &#8211; UPS\/CNRS 14, Avenue Edouard &hellip; <a href=\"https:\/\/www.issibern.ch\/teams\/euromoon\/team-members\/\">Continue reading <span class=\"meta-nav\">&rarr;<\/span><\/a><\/p>\n","protected":false},"author":2,"featured_media":0,"parent":0,"menu_order":0,"comment_status":"closed","ping_status":"closed","template":"","meta":{"footnotes":""},"class_list":["post-8","page","type-page","status-publish","hentry"],"_links":{"self":[{"href":"https:\/\/www.issibern.ch\/teams\/euromoon\/wp-json\/wp\/v2\/pages\/8","targetHints":{"allow":["GET"]}}],"collection":[{"href":"https:\/\/www.issibern.ch\/teams\/euromoon\/wp-json\/wp\/v2\/pages"}],"about":[{"href":"https:\/\/www.issibern.ch\/teams\/euromoon\/wp-json\/wp\/v2\/types\/page"}],"author":[{"embeddable":true,"href":"https:\/\/www.issibern.ch\/teams\/euromoon\/wp-json\/wp\/v2\/users\/2"}],"replies":[{"embeddable":true,"href":"https:\/\/www.issibern.ch\/teams\/euromoon\/wp-json\/wp\/v2\/comments?post=8"}],"version-history":[{"count":0,"href":"https:\/\/www.issibern.ch\/teams\/euromoon\/wp-json\/wp\/v2\/pages\/8\/revisions"}],"wp:attachment":[{"href":"https:\/\/www.issibern.ch\/teams\/euromoon\/wp-json\/wp\/v2\/media?parent=8"}],"curies":[{"name":"wp","href":"https:\/\/api.w.org\/{rel}","templated":true}]}}