{"id":19,"date":"2019-07-21T12:14:10","date_gmt":"2019-07-21T10:14:10","guid":{"rendered":"http:\/\/www.issibern.ch\/teams\/exoeternal\/?page_id=19"},"modified":"2019-07-21T12:14:10","modified_gmt":"2019-07-21T10:14:10","slug":"publications","status":"publish","type":"page","link":"https:\/\/www.issibern.ch\/teams\/exoeternal\/publications\/","title":{"rendered":"Publications"},"content":{"rendered":"\n<p><strong>2022<\/strong> <strong>[7]<\/strong><\/p>\n\n\n\n<p>[30] Papaioannou, A.,  K. Herbst, T. Ramm. E. W. Cliver, D. Lario, and A. M. Veronig, <strong>Revisiting Empirical Solar Energetic Particle Scaling Relations &#8211; I. Solar flares<\/strong>, accepted at A&amp;A, preprint available at <a rel=\"noreferrer noopener\" aria-label=\"ArXiv (opens in a new tab)\" href=\"https:\/\/doi.org\/10.48550\/arXiv.2211.15312\" target=\"_blank\">ArXiv<\/a><\/p>\n\n\n\n<p>[29] Light, J., S.E.S. Ferreira, N.E. Engelbrecht, K. Scherer, and K. Herbst, <strong>On the numerical modeling of astrospheres, including those of Luminous Blue Variable stars, and the modulation of cosmic rays within<\/strong>, <a rel=\"noreferrer noopener\" href=\"https:\/\/doi.org\/10.1093\/mnras\/stac2312\" target=\"_blank\">MNRAS, stac2312<\/a><\/p>\n\n\n\n<p>[28] Herbst, K.,  L. Baalmann, A. Bykov, N. E. Engelbrecht, S. E. S. Ferreira,  V. V. Izmodenov, S. Korolkov, K. P. Levenfish, J. L.  Linsky, D. M.-A. Meyer, K. Scherer and R. D. T. Strauss, <strong>Astrospheres of Planet-Hosting Cool Stars and Beyond &#8211; When Modeling Meets Observations<\/strong>, <a rel=\"noreferrer noopener\" href=\"https:\/\/doi.org\/10.1007\/s11214-022-00894-3\" target=\"_blank\">Space Sci. Rev., 218:29<\/a> (open access)<\/p>\n\n\n\n<p>[27] Engelbrecht, N. E., A. Vogt, K. Herbst, D. T. Strauss, A. Burger, <strong>Revisiting the Revisited Palmer Consensus: New Insights from Jovian Electron Transport<\/strong>, <a rel=\"noreferrer noopener\" href=\"https:\/\/doi.org\/10.3847\/1538-4357\/ac58f5\" target=\"_blank\">ApJ, 929, 8<\/a>. (open access)<\/p>\n\n\n\n<p>[26] Papaioannou, A., A. Kouloumvakos, A. Mishev, R. Vainio, I. Usoskin, K. Herbst, et al., <strong>The First Ground Level Enhancement of Solar Cycle 25 on 28 October 2021<\/strong>, <a rel=\"noreferrer noopener\" href=\"https:\/\/doi.org\/10.1051\/0004-6361\/202142855\" target=\"_blank\">Astron. Astrophys.,  660, L5<\/a>, preprint available at <a rel=\"noreferrer noopener\" href=\"https:\/\/arxiv.org\/abs\/2202.07927\" target=\"_blank\">ArXiv<\/a>.<\/p>\n\n\n\n<p>[25] Grenfell, J. L., F. Wunderlich, M. Sinnhuber, K. Herbst, et al., <strong>Atmospheric processes affecting methane on Mars<\/strong>, <a href=\"https:\/\/doi.org\/10.1016\/j.icarus.2022.114940\" target=\"_blank\" rel=\"noreferrer noopener\" aria-label=\"ICARUS, 114940 (opens in a new tab)\">ICARUS, 114940<\/a>, preprint available at <a href=\"https:\/\/arxiv.org\/abs\/2202.04325\">ArXiv<\/a>.<\/p>\n\n\n\n<p>[24] Hu, J., V. S. Airapetian, G. Li, G. Zank, and M. Jin, <strong>Extreme Energetic Particle Events by Superflare Associated CMEs from Solar-like Stars<\/strong>, <a rel=\"noreferrer noopener\" aria-label=\"Science Advances, 8 (opens in a new tab)\" href=\"https:\/\/www.science.org\/doi\/epdf\/10.1126\/sciadv.abi9743\" target=\"_blank\">Sci. Adv., 8<\/a>.<\/p>\n\n\n\n<p><strong>2021<\/strong> <strong>[11]<\/strong><\/p>\n\n\n\n<p>[23] Namekata, K., Maehara, H., Honda, S. <em>et al.<\/em> <strong>Probable detection of an eruptive filament from a superflare on a solar-type star<\/strong>, <em><a href=\"https:\/\/doi.org\/10.1038\/s41550-021-01532-8\">Nat Astron<\/a><\/em>. (open access)<\/p>\n\n\n\n<p>[22] Herbst, K., J. L. Grenfell, M. Sinnhuber, and F. Wunderlich,<strong> INCREASE &#8211; <\/strong>An updated model suite to study the <strong>IN<\/strong>fluence of <strong>C<\/strong>osmic <strong>R<\/strong>ays on<strong> E<\/strong>xoplanetary <strong>A<\/strong>tmo<strong>S<\/strong>pher<strong>E<\/strong>s, <a rel=\"noreferrer noopener\" aria-label=\"Astron. Nachr., 1. (opens in a new tab)\" href=\"https:\/\/doi.org\/10.1002\/asna.20210072\" target=\"_blank\">Astron. Nachr., 1.<\/a> (open access)<\/p>\n\n\n\n<p>[21] Snellen, I., + 66 co-authors, &nbsp;<strong>Detecting life outside our solar system with a large high-contrast-imaging mission<\/strong>, <a rel=\"noreferrer noopener\" aria-label=\"Exp. Astron. (opens in a new tab)\" href=\"https:\/\/doi.org\/10.1007\/s10686-021-09803-y\" target=\"_blank\">Exp. Astron.<\/a>.<\/p>\n\n\n\n<p>[20] Gebauer, S., I. Vilovic, J. L. Grenfell, F. Wunderlich, F. Schreier, and H. Rauer, <strong>Influence of Biomass Emissions on Habitability, Biosignatures, and Detectability in Earth-like Atmospheres<\/strong>, <a rel=\"noreferrer noopener\" aria-label=\"ApJ 909:128 (opens in a new tab)\" href=\"https:\/\/doi.org\/10.3847\/1538-4357\/abd9cc\" target=\"_blank\">ApJ 909:128<\/a>.<\/p>\n\n\n\n<p>[19] Mekhaldi, F., F. Adolphi, K. Herbst, and R. Muscheler, <strong>The signal of solar storms embedded in cosmogenic radionuclides: Detectability and uncertainties<\/strong>, <a rel=\"noreferrer noopener\" aria-label=\"Journal of Geophysical Research: Space Physics, 126, e2021JA029351 (opens in a new tab)\" href=\"https:\/\/doi.org\/10.1029\/2021JA029351\" target=\"_blank\">JGR: Space Physics, 126, e2021JA029351<\/a>.<\/p>\n\n\n\n<p>[18] Airapetian, V. S., M. Jin, T. Lueftinger, S. B. Saikia, O. Kochukhov, M. Guedel, B. Van Der Holst, and W. Manchester IV,<strong> One Year in the Life of Young Suns: Data Constrained Corona-Wind Model of k<em>1 Ceti<\/em><\/strong><em>,<\/em> <a rel=\"noreferrer noopener\" aria-label=\"ApJ, 916 96 (opens in a new tab)\" href=\"https:\/\/iopscience.iop.org\/article\/10.3847\/1538-4357\/ac081e\" target=\"_blank\"><em>ApJ, <\/em>916 96<\/a>.<\/p>\n\n\n\n<p>[17] Lavasa E., G. Giannopoulos, A. Papaioannou, A. Anastasiadis, I. A. Daglis, A. Aran, D. Pacheco, and B. Sanahuja, <strong>Assessing the predictability of Solar Energetic Particles with the use of machine learning techniques<\/strong>, <a href=\"https:\/\/link.springer.com\/article\/10.1007\/s11207-021-01837-x\" target=\"_blank\" rel=\"noreferrer noopener\" aria-label=\"Solar Physics, 296, 107 (opens in a new tab)\">Solar Physics, 296, 107<\/a>.<\/p>\n\n\n\n<p>[16] Caprotti, A., M. Br\u00fcdern, S. Burmeister, B. Heber, and K. Herbst, <strong>Yield function of the DOSimetry TELescope count and dose rates aboard the International Space Station<\/strong>, <a href=\"https:\/\/doi.org\/10.1029\/2020SW002510\">Space Weather, 19, e2020SW002510<\/a>.<\/p>\n\n\n\n<p>[15] Herbst, K., A. Papaioannou, V. S. Airapetian, and D. Atri, <strong>From Starspots to Stellar Coronal Mass Ejections &#8211; Revisiting Empirical Stellar Relations<\/strong>, <a rel=\"noreferrer noopener\" aria-label=\"907, 89, ApJ (opens in a new tab)\" href=\"https:\/\/iopscience.iop.org\/article\/10.3847\/1538-4357\/abcc04\" target=\"_blank\">ApJ, 907, 89<\/a>. Preprint available at <a href=\"https:\/\/arxiv.org\/abs\/2011.03761\">ArXiv<\/a>.<\/p>\n\n\n\n<p>[14] Maehara, H., Y. Notsu, K. Namekata, et al., <strong>Time-resolved spectroscopy and photometry of an M dwarf flare star YZ Canis Minoris OISTER and TESS: Blue asymmetry in H\u03b1 line during the non-white light flare<\/strong>, <a href=\"https:\/\/doi.org\/10.1093\/pasj\/psaa098\">PASJ, 73, 1<\/a>. Preprint available at <a href=\"https:\/\/arxiv.org\/pdf\/2009.14412.pdf\">ArXiv<\/a>.<\/p>\n\n\n\n<p>[13] Okamoto, S., Y. Notsu, H. Maehara, K. Namekata, S. Honda, K. Ikuta,  D. Nogami, and K. Shibata, <strong>Statistical Properties of Superflares on Solar-type Stars: Results Using All of the <em>Kepler<\/em> Primary Mission Data<\/strong>,<a href=\"https:\/\/doi.org\/10.3847\/1538-4357\/abc8f5\"> ApJ, 906 72<\/a>. preprint available at <a href=\"https:\/\/arxiv.org\/abs\/2011.02117\">ArXiv<\/a>.<\/p>\n\n\n\n<p><strong>2020<\/strong> <strong>[11]<\/strong><\/p>\n\n\n\n<p>[12] Gebauer, S., J. L. Grenfell, H. Lammer, J.-P. P. de Vera, L. Spro\u00df, V. S. Airapetian, M. Sinnhuber, and H. Rauer, <strong>Atmospheric Nitrogen When Life Evolved on Earth<\/strong>, <a href=\"https:\/\/doi.org\/10.1089\/ast.2019.2212\">Astrobiology, 20, 12<\/a>.<\/p>\n\n\n\n<p>[11] Toriumi, S., V. S. Airapetian, H. Hudson, C. J. Shriver, M.C. M. Chueng, and M. L. DeRosa, <strong>Sun-as-a-star Spectral Irradiance Observations of Transiting Active Regions<\/strong>, <a href=\"https:\/\/iopscience.iop.org\/article\/10.3847\/1538-4357\/abadf9\">ApJ, 902:36<\/a>.<\/p>\n\n\n\n<p>[10] Grenfell, J. L., J. Leconte, F. Forget, M. Godolt, \u00d3. Carri\u00f3n-Gonz\u00e1lez, L. Noack, F. Tian, H. Rauer, F. Gaillard, \u00c9. Bolmont, B. Charnay, and M. Turbet,<strong> Atmospheric Diversity of Low Mass Exoplanets \u2013 some Central Aspects<\/strong>, <a href=\"https:\/\/link.springer.com\/article\/10.1007\/s11214-020-00716-4\">Space Science Reviews, 216, 89<\/a>.<\/p>\n\n\n\n<p>[9] Herbst, K., K. Scherer, S.E.S. Ferreira, L. R. Baalmann, E. N. Engelbrecht, H. Fichtner, J. Kleimann, R.D.T. Strauss, D. Moeketsi, and S. Mohamed, <strong>On the Diversity of M-Star astrospheres and the Role of Galactic Cosmic Rays Within<\/strong>, <a href=\"https:\/\/iopscience.iop.org\/article\/10.3847\/2041-8213\/ab9df3\">ApJ Letters, 897, 2<\/a>,  preprint available at <a href=\"https:\/\/arxiv.org\/pdf\/2006.09941.pdf\">ArXiv<\/a>.<\/p>\n\n\n\n<p>[8] Ortenzi, G., L. Noack, F. Sohl, C. M. Guimond, J. L. Grenfell, C. Dorn, J. M. Schmidt, S. Vulpius, N. Katyal, D. Kitzmann, and H. Rauer, <strong>Mantle redox state drives outgassing chemistry and atmosphere composition of rocky planets<\/strong>, <a href=\"https:\/\/www.nature.com\/articles\/s41598-020-67751-7\">Scientific Reports, 10, 10907<\/a>.<\/p>\n\n\n\n<p>[7] Grenfell, J. L.,&nbsp; M. Godolt, J. Cabrera, L. Carone, A. Garc\u03afa Mu\u00f1oz, D. Kitzmann, A. M. S. Smith, and Heike Rauer, <strong>Atmospheric Characterization via Broadband Color Filterson the PLAnetary Transits and Oscillations of stars (PLATO) Mission<\/strong><em>, <\/em><a href=\"https:\/\/link.springer.com\/article\/10.1007%2Fs10686-020-09660-1\">Experimental Astronomy,<em> 5<\/em>0, 1\u201349<\/a>, preprint available at <a href=\"https:\/\/arxiv.org\/ftp\/arxiv\/papers\/2004\/2004.06396.pdf\">ArXiv<\/a>.<\/p>\n\n\n\n<p>[6] Vogt, A., E. N. Engelbrecht, R. D. Strauss, B. Heber, A. Kopp, and K. Herbst, <strong>On the residence-time of Jovian electrons in the inner heliosphere<\/strong>, <a href=\"https:\/\/doi.org\/10.1051\/0004-6361\/201936897\">A&amp;A, 642, A170.<\/a><\/p>\n\n\n\n<p>[5] Scheucher, M., F. Wunderlich, J. L. Grenfell, et al., <strong>Consistently Simulating a Wide Range of Atmospheric Scenarios for K2-18b with a Flexible Radiative Transfer Module<\/strong>, <a href=\"https:\/\/iopscience.iop.org\/article\/10.3847\/1538-4357\/ab9084\">ApJ, 898, 1<\/a>, preprint available at <a href=\"https:\/\/arxiv.org\/abs\/2005.02114\">ArXiv.<\/a><\/p>\n\n\n\n<p>[4] Scheucher, M., K. Herbst, V. Schmidt, J. L. Grenfell, F. Schreier, S. Banjac, B. Heber, H. Rauer, and M. Sinnhuber, <strong>Proxima Centauri b: A Strong Case for including Cosmic-Ray-induced Chemistry in Atmospheric Biosignature Studies<\/strong>, <a href=\"https:\/\/iopscience.iop.org\/article\/10.3847\/1538-4357\/ab7b74\">ApJ, 893:12 (7pp)<\/a>, preprint available at <a href=\"https:\/\/arxiv.org\/abs\/2003.02036\">ArXiv<\/a>.<\/p>\n\n\n\n<p>[3] Scherer, K., L. R. Baalmann, H. Fichtner, J. Kleimann, D. J. Bomans, K. Weis, S.E.S. Ferreira, and K. Herbst, <strong>MHD-shock structures of astrospheres: \u03bb Cephei-like astrospheres<\/strong>, <a href=\"https:\/\/doi.org\/10.1093\/mnras\/staa497\">MNRAS, 493, 3<\/a>, preprint available at <a href=\"https:\/\/arxiv.org\/abs\/2002.06966\">ArXiv<\/a>.<\/p>\n\n\n\n<p>[2] Herbst, K., S. Banjac, D. Atri, and T. A. Nordheim, <strong>Revisiting the cosmic-ray induced Venusian radiation dose in the context of habitability<\/strong>, <a href=\"https:\/\/doi.org\/10.1051\/0004-6361\/201936968\">Astron. Astrophys., 633, A15<\/a>, 2020, preprint available at <a href=\"https:\/\/arxiv.org\/pdf\/1911.12788.pdf\">ArXiv<\/a>.<\/p>\n\n\n\n<p><strong>2019 [1]<\/strong><\/p>\n\n\n\n<p>[1] Herbst, K., J. L. Grenfell, M. Sinnhuber, H. Rauer, B. Heber, S. Banjac, M. Scheucher, V. Schmidt, S. Gebauer, R. Lehmann, and F. Schreier, <strong>A new model suite to determine the influence of cosmic rays on (exo)planetary atmospheric biosignatures. Validation based on modern Earth<\/strong>, <a rel=\"noreferrer noopener\" aria-label=\" (opens in a new tab)\" href=\"https:\/\/doi.org\/10.1051\/0004-6361\/201935888\" target=\"_blank\">Astron. Astrophys., 631, A101<\/a>, preprint available <a rel=\"noreferrer noopener\" aria-label=\" (opens in a new tab)\" href=\"https:\/\/arxiv.org\/abs\/1909.11632\" target=\"_blank\">at ArXiv<\/a> <\/p>\n","protected":false},"excerpt":{"rendered":"<p>2022 [7] [30] Papaioannou, A., K. Herbst, T. Ramm. E. W. Cliver, D. Lario, and A. M. Veronig, Revisiting Empirical Solar Energetic Particle Scaling Relations &#8211; I. Solar flares, accepted at A&amp;A, preprint available at ArXiv [29] Light, J., S.E.S. &hellip; <a href=\"https:\/\/www.issibern.ch\/teams\/exoeternal\/publications\/\">Continue reading <span class=\"meta-nav\">&rarr;<\/span><\/a><\/p>\n","protected":false},"author":2,"featured_media":0,"parent":0,"menu_order":0,"comment_status":"closed","ping_status":"closed","template":"","meta":{"footnotes":""},"class_list":["post-19","page","type-page","status-publish","hentry"],"_links":{"self":[{"href":"https:\/\/www.issibern.ch\/teams\/exoeternal\/wp-json\/wp\/v2\/pages\/19","targetHints":{"allow":["GET"]}}],"collection":[{"href":"https:\/\/www.issibern.ch\/teams\/exoeternal\/wp-json\/wp\/v2\/pages"}],"about":[{"href":"https:\/\/www.issibern.ch\/teams\/exoeternal\/wp-json\/wp\/v2\/types\/page"}],"author":[{"embeddable":true,"href":"https:\/\/www.issibern.ch\/teams\/exoeternal\/wp-json\/wp\/v2\/users\/2"}],"replies":[{"embeddable":true,"href":"https:\/\/www.issibern.ch\/teams\/exoeternal\/wp-json\/wp\/v2\/comments?post=19"}],"version-history":[{"count":0,"href":"https:\/\/www.issibern.ch\/teams\/exoeternal\/wp-json\/wp\/v2\/pages\/19\/revisions"}],"wp:attachment":[{"href":"https:\/\/www.issibern.ch\/teams\/exoeternal\/wp-json\/wp\/v2\/media?parent=19"}],"curies":[{"name":"wp","href":"https:\/\/api.w.org\/{rel}","templated":true}]}}