{"id":9,"date":"2019-07-12T19:53:44","date_gmt":"2019-07-12T17:53:44","guid":{"rendered":"http:\/\/www.issibern.ch\/teams\/fieldsolflare\/?page_id=9"},"modified":"2019-07-12T19:53:44","modified_gmt":"2019-07-12T17:53:44","slug":"flare-codes","status":"publish","type":"page","link":"https:\/\/www.issibern.ch\/teams\/fieldsolflare\/flare-codes\/","title":{"rendered":"Flare Codes"},"content":{"rendered":"\n<p>The three solar (&amp; stellar) flare codes that we will be using, comparing, and contrasting are listed below with links to some relevant  papers describing the code features and uses. <\/p>\n\n\n\n<p><strong><em>RADYN<\/em><\/strong><br><a rel=\"noreferrer noopener\" aria-label=\"Carlsson, M. &amp; Stein, R.F. (1995) (opens in a new tab)\" href=\"https:\/\/ui.adsabs.harvard.edu\/abs\/1995ApJ...440L..29C\/abstract\" target=\"_blank\">Carlsson, M. &amp; Stein, R.F. (1995)<\/a>. <em>Does a Nonmagnetic Solar Chromosphere Exist?<\/em> The Astrophysical Journal Letters, Volume 440<br><br><a rel=\"noreferrer noopener\" aria-label=\"Carlsson, M. &amp; Stein, R.F. (1997) (opens in a new tab)\" href=\"https:\/\/ui.adsabs.harvard.edu\/abs\/1997ApJ...481..500C\/abstract\" target=\"_blank\">Carlsson, M. &amp; Stein, R.F. (1997)<\/a>. <em>Formation of Solar Calcium H and K Bright Grains<\/em>. The Astrophysical Journal Volume, 481<br><br><a rel=\"noreferrer noopener\" aria-label=\"Allred, J.C., et al., (2005) (opens in a new tab)\" href=\"https:\/\/ui.adsabs.harvard.edu\/abs\/2005ApJ...630..573A\/abstract\" target=\"_blank\">Allred, J.C., et al., (2005)<\/a>. <em>Radiative Hydrodynamic Models of the Optical and Ultraviolet Emission from Solar Flares. <\/em>The Astrophysical Journal, Volume 630<br><br><a href=\"https:\/\/ui.adsabs.harvard.edu\/abs\/2015ApJ...809..104A\/abstract\" target=\"_blank\" rel=\"noreferrer noopener\" aria-label=\"Allred, J.C., et al., (2015) (opens in a new tab)\">Allred, J.C., et al., (2015)<\/a>.<em> A Unified Computational Model for Solar and Stellar Flares, <\/em>The Astrophysical Journal. Volume 809<\/p>\n\n\n\n<p><strong><em>HYDRAD<\/em><\/strong><br><a rel=\"noreferrer noopener\" aria-label=\"Bradsaw, S.J. &amp; Mason, H.E. (2003) (opens in a new tab)\" href=\"https:\/\/ui.adsabs.harvard.edu\/abs\/2003A%26A...401..699B\/abstract\" target=\"_blank\">Bradsaw, S.J. &amp; Mason, H.E. (2003)<\/a>. <em>A Self-Consistent Treatment of Radiation in Coronal Loop Modelling. <\/em>Astronomy &amp; Astrophysics, Volume 401<br><br><a href=\"https:\/\/ui.adsabs.harvard.edu\/abs\/2013ApJ...770...12B\/abstract\" target=\"_blank\" rel=\"noreferrer noopener\" aria-label=\"Bradshaw, S.J. &amp; Cargill, P.J. (2013) (opens in a new tab)\">Bradshaw, S.J. &amp; Cargill, P.J. (2013)<\/a>. <em>The Influence of Numerical Resolution on Coronal Density in Hydrodynamic Models of Impulsive Heating<\/em>. The Astrophysical Journal, Volume 770<br><br><a rel=\"noreferrer noopener\" aria-label=\"Reep, J.W., Bradshaw, S.J., Crump, N.A. &amp; Warren, H.P. (2019) (opens in a new tab)\" href=\"https:\/\/ui.adsabs.harvard.edu\/abs\/2019ApJ...871...18R\/abstract\" target=\"_blank\">Reep, J.W., Bradshaw, S.J., Crump, N.A. &amp; Warren, H.P. (2019)<\/a>. <em>Efficient Calculation of Non-local Thermodynamic Equilibrium Effects in Multithreaded Hydrodynamic Simulations of Solar Flares<\/em>. The Astrophysical Journal, Volume 871<\/p>\n\n\n\n<p><\/p>\n\n\n\n<p><strong><em>FLARIX<\/em><\/strong><br><a rel=\"noreferrer noopener\" aria-label=\"Varady, M., Ka\u0161parov\u00e1, J., Moravec, Z., Heinzel, P. &amp; Karlicky, M. (2010) (opens in a new tab)\" href=\"https:\/\/ui.adsabs.harvard.edu\/abs\/2010ITPS...38.2249V\/abstract\" target=\"_blank\">Varady, M., Ka\u0161parov\u00e1, J., Moravec, Z., Heinzel, P. &amp; Karlicky, M. (2010)<\/a>.<em> Modelling of Solar Flare Plasma and Its Radiation.<\/em> IEEE Transactions on Plasma Science, Volume 38<br><br><a rel=\"noreferrer noopener\" aria-label=\"Heinzel, P., Ka\u0161parov\u00e1, J., Varady, M., Karlicky, M. &amp; Moravec, Z. (2016) (opens in a new tab)\" href=\"https:\/\/ui.adsabs.harvard.edu\/abs\/2016IAUS..320..233H\/abstract\" target=\"_blank\">Heinzel, P., Ka\u0161parov\u00e1, J., Varady, M., Karlicky, M. &amp; Moravec, Z. (2016)<\/a>. <em>Numerical RHD Simulations of Flaring Chromospheres with FLARIX<\/em>. Solar and Stellar Flares and their Effects on Planets, Proceedings of the International Astronomical Union, IAU Symposium, Volume 320                 <br><br><a rel=\"noreferrer noopener\" aria-label=\"Varady, M., Karlick\u00fd, M., Moravec, Z. &amp; Ka\u0161parov\u00e1, J. (2014) (opens in a new tab)\" href=\"https:\/\/ui.adsabs.harvard.edu\/abs\/2014A%26A...563A..51V\/abstract\" target=\"_blank\">Varady, M., Karlick\u00fd, M., Moravec, Z. &amp; Ka\u0161parov\u00e1, J. (2014)<\/a>. <em>Modifications of thick-target model: re-acceleration of electron beams by static and stochastic electric fields<\/em>. Astronomy &amp; Astrophysics, Volume 563<br><br><a rel=\"noreferrer noopener\" aria-label=\"Ka\u0161parov\u00e1, J. &amp; Varady, M. &amp; Heinzel, P. &amp; Karlick\u00fd, M. &amp; Moravec, Z. (2009) (opens in a new tab)\" href=\"https:\/\/ui.adsabs.harvard.edu\/abs\/2009A%26A...499..923K\/abstract\" target=\"_blank\">Ka\u0161parov\u00e1, J. &amp; Varady, M. &amp; Heinzel, P. &amp; Karlick\u00fd, M. &amp; Moravec, Z. (2009)<\/a>. <em>Response of optical hydrogen lines to beam heating. I. Electron beams.<\/em> Astronomy and Astrophysics, Volume 499<\/p>\n\n\n\n<p><\/p>\n\n\n\n<p><br><br><\/p>\n\n\n\n<p><\/p>\n\n\n\n<p><br><\/p>\n\n\n\n<p><\/p>\n\n\n\n<p><\/p>\n\n\n\n<p><\/p>\n","protected":false},"excerpt":{"rendered":"<p>The three solar (&amp; stellar) flare codes that we will be using, comparing, and contrasting are listed below with links to some relevant papers describing the code features and uses. RADYNCarlsson, M. &amp; Stein, R.F. (1995). Does a Nonmagnetic Solar &hellip; <a href=\"https:\/\/www.issibern.ch\/teams\/fieldsolflare\/flare-codes\/\">Continue reading <span class=\"meta-nav\">&rarr;<\/span><\/a><\/p>\n","protected":false},"author":2,"featured_media":0,"parent":0,"menu_order":0,"comment_status":"closed","ping_status":"closed","template":"","meta":{"footnotes":""},"class_list":["post-9","page","type-page","status-publish","hentry"],"_links":{"self":[{"href":"https:\/\/www.issibern.ch\/teams\/fieldsolflare\/wp-json\/wp\/v2\/pages\/9","targetHints":{"allow":["GET"]}}],"collection":[{"href":"https:\/\/www.issibern.ch\/teams\/fieldsolflare\/wp-json\/wp\/v2\/pages"}],"about":[{"href":"https:\/\/www.issibern.ch\/teams\/fieldsolflare\/wp-json\/wp\/v2\/types\/page"}],"author":[{"embeddable":true,"href":"https:\/\/www.issibern.ch\/teams\/fieldsolflare\/wp-json\/wp\/v2\/users\/2"}],"replies":[{"embeddable":true,"href":"https:\/\/www.issibern.ch\/teams\/fieldsolflare\/wp-json\/wp\/v2\/comments?post=9"}],"version-history":[{"count":0,"href":"https:\/\/www.issibern.ch\/teams\/fieldsolflare\/wp-json\/wp\/v2\/pages\/9\/revisions"}],"wp:attachment":[{"href":"https:\/\/www.issibern.ch\/teams\/fieldsolflare\/wp-json\/wp\/v2\/media?parent=9"}],"curies":[{"name":"wp","href":"https:\/\/api.w.org\/{rel}","templated":true}]}}