{"id":17,"date":"2018-06-14T14:06:43","date_gmt":"2018-06-14T12:06:43","guid":{"rendered":"http:\/\/www.issibern.ch\/teams\/gaiabgm\/?page_id=17"},"modified":"2018-06-14T14:06:43","modified_gmt":"2018-06-14T12:06:43","slug":"team-members","status":"publish","type":"page","link":"https:\/\/www.issibern.ch\/teams\/gaiabgm\/team-members\/","title":{"rendered":"Team members"},"content":{"rendered":"<header class=\"entry-header\"><\/header>\n<div class=\"entry-content\">\n<div class=\"page\" title=\"Page 4\">\n<div class=\"layoutArea\">\n<div class=\"column\">\n<div class=\"page\" title=\"Page 4\">\n<div class=\"layoutArea\">\n<div class=\"column\">\n<p>The project is supported by competences of 7 members from 4 countries, and 5 institutes, plus several associates in different countries.<\/p>\n<p><strong>Members<\/strong><\/p>\n<\/div>\n<\/div>\n<\/div>\n<ul>\n<li>At Institut UTINAM, Besan\u00e7on, France: <strong>Annie Robin<\/strong>, <strong>C\u00e9line Reyl\u00e9<\/strong> and <strong>Nad\u00e8ge Lagarde<\/strong><\/li>\n<li>At Strasbourg Observatory, France : <strong>Olivier Bienaym\u00e9<\/strong><\/li>\n<li>At Barcelona University, Spain: <strong>Francesca Figueras<\/strong><\/li>\n<li>At Geneva Observatory, Switzerland: <strong>Corinne Charbonnel<\/strong><\/li>\n<li>At University of Concepcion, Chile, and Institut UTINAM, Besan\u00e7on: <strong>Jos\u00e9 Gregorio Fern \u0301andez- Trincado<\/strong><\/li>\n<\/ul>\n<\/div>\n<\/div>\n<\/div>\n<div class=\"page\" title=\"Page 5\">\n<div class=\"layoutArea\">\n<div class=\"column\">\n<p><strong>Associates<\/strong><\/p>\n<ul style=\"list-style-type: square\">\n<li><strong>Teresa Antoja<\/strong>, <strong>Merc\u00e8 Romero<\/strong>, and <strong>Xavier Luri<\/strong> from University of Barcelona, Spain<\/li>\n<li><strong>Benoit Famaey<\/strong>, Strasbourg Observatory, France<\/li>\n<li><strong>Eamonn Kerins<\/strong>, Manchester University, UK<\/li>\n<li><strong>Supachai Awiphan<\/strong>, National Astronomical Research Institute of Thailand, Chiang Mai, Thailand<\/li>\n<li><strong>Julien Montillaud<\/strong>, <strong>Nahuel Cabral,<\/strong> <strong>Jean-Baptiste Salomon,<\/strong> Institut UTINAM, Besan\u00e7on, France<\/li>\n<li><strong>Douglas Marshall<\/strong>, CEA, Saclay, France<\/li>\n<\/ul>\n<p><strong>Students <\/strong><\/p>\n<ul style=\"list-style-type: square\">\n<li>Roger Mor (Barcelona)<\/li>\n<li>David Cornu (Besan\u00e7on)<\/li>\n<li>Thibaut Dumont (Geneva)<\/li>\n<\/ul>\n<\/div>\n<\/div>\n<\/div>\n<\/div>\n","protected":false},"excerpt":{"rendered":"<p>The project is supported by competences of 7 members from 4 countries, and 5 institutes, plus several associates in different countries. Members At Institut UTINAM, Besan\u00e7on, France: Annie Robin, C\u00e9line Reyl\u00e9 and Nad\u00e8ge Lagarde At Strasbourg Observatory, France : Olivier &hellip; <a href=\"https:\/\/www.issibern.ch\/teams\/gaiabgm\/team-members\/\">Continue reading <span class=\"meta-nav\">&rarr;<\/span><\/a><\/p>\n","protected":false},"author":2,"featured_media":68,"parent":0,"menu_order":0,"comment_status":"closed","ping_status":"closed","template":"","meta":{"footnotes":""},"class_list":["post-17","page","type-page","status-publish","has-post-thumbnail","hentry"],"_links":{"self":[{"href":"https:\/\/www.issibern.ch\/teams\/gaiabgm\/wp-json\/wp\/v2\/pages\/17","targetHints":{"allow":["GET"]}}],"collection":[{"href":"https:\/\/www.issibern.ch\/teams\/gaiabgm\/wp-json\/wp\/v2\/pages"}],"about":[{"href":"https:\/\/www.issibern.ch\/teams\/gaiabgm\/wp-json\/wp\/v2\/types\/page"}],"author":[{"embeddable":true,"href":"https:\/\/www.issibern.ch\/teams\/gaiabgm\/wp-json\/wp\/v2\/users\/2"}],"replies":[{"embeddable":true,"href":"https:\/\/www.issibern.ch\/teams\/gaiabgm\/wp-json\/wp\/v2\/comments?post=17"}],"version-history":[{"count":0,"href":"https:\/\/www.issibern.ch\/teams\/gaiabgm\/wp-json\/wp\/v2\/pages\/17\/revisions"}],"wp:featuredmedia":[{"embeddable":true,"href":"https:\/\/www.issibern.ch\/teams\/gaiabgm\/wp-json\/wp\/v2\/media\/68"}],"wp:attachment":[{"href":"https:\/\/www.issibern.ch\/teams\/gaiabgm\/wp-json\/wp\/v2\/media?parent=17"}],"curies":[{"name":"wp","href":"https:\/\/api.w.org\/{rel}","templated":true}]}}