{"id":58,"date":"2019-02-04T13:52:40","date_gmt":"2019-02-04T11:52:40","guid":{"rendered":"http:\/\/www.issibern.ch\/teams\/gaiabgm\/?page_id=58"},"modified":"2019-02-04T13:52:40","modified_gmt":"2019-02-04T11:52:40","slug":"publications","status":"publish","type":"page","link":"https:\/\/www.issibern.ch\/teams\/gaiabgm\/publications\/","title":{"rendered":"Publications"},"content":{"rendered":"<ul>\n<li><span style=\"color: #ff99cc;font-size: 12pt\"><a style=\"color: #ff99cc\" href=\"http:\/\/cdsads.u-strasbg.fr\/abs\/2019arXiv190107564M\"><strong><span style=\"color: #ff99cc\">Gaia DR2 reveals a star formation burst in the disc 2-3 Gyr ago<\/span>.<\/strong> <\/a><\/span>Mor,\u00a0R.; Robin,\u00a0A.\u00a0C.; Figueras,\u00a0F.; Roca-Fabregas,\u00a0S.; Luri,\u00a0X. <a href=\"http:\/\/cdsads.u-strasbg.fr\/abs\/2019A%26A...624L...1M\">A&amp;A 624, L1<\/a><\/li>\n<\/ul>\n<p style=\"padding-left: 90px\">NB: This article was mentionned in a <strong>Nature Highlight<\/strong>: <a href=\"https:\/\/www-nature.com\/articles\/d41586-019-01226-2\"><em>The cosmic drama that helped to build the Milky Way. Stellar baby boom added a slew of stars to the Galaxy\u2019s disk. <\/em><\/a><\/p>\n<ul>\n<li><span style=\"font-size: 12pt\"><a href=\"https:\/\/arxiv.org\/abs\/1906.02078\"><strong><span style=\"color: #ff99cc\">Integrals of motion for non-axisymmetric potentials.<\/span><\/strong><\/a><\/span> O. Bienaym\u00e9. 2019. A&amp;A\u00a0 627,A123. <a href=\"https:\/\/ui.adsabs.harvard.edu\/#abs\/2019A%26A...627A.123B\/abstract\">https:\/\/ui.adsabs.harvard.edu\/#abs\/2019A%26A&#8230;627A.123B\/abstract<\/a><\/li>\n<\/ul>\n<ul>\n<li><span style=\"color: #ff99cc;font-size: 12pt\"><strong>Kinematics and dynamics of Gaia red clump stars<\/strong>. <strong>Revisiting north-south asymmetries and the dark matter density at large heights<\/strong>. <\/span>Jean-Baptiste Salomon, Olivier Bienaym\u00e9, C\u00e9line Reyl\u00e9, Annie C. Robin, and Benoit Famaey. <span style=\"color: #3366ff\">A&amp;A 643, A75 (2021). .<a href=\"https:\/\/ui.adsabs.harvard.edu\/link_gateway\/2020A&amp;A...643A..75S\/doi:10.1051\/0004-6361\/202038535\" target=\"_blank\" rel=\"noreferrer noopener\" data-target=\"DOI\">DOI: 10.1051\/0004-6361\/202038535<\/a><br \/>\n<\/span><\/li>\n<\/ul>\n<div class=\"row\">\n<div class=\"col-xs-10 col-xs-offset-1\">\n<ul>\n<li class=\"s-results-title\"><span style=\"color: #ff99cc;font-size: 12pt\"><strong>Deciphering the evolution of the Milky Way discs: Gaia APOGEE Kepler giant stars and the Besan\u00e7on Galaxy Model<\/strong>,<\/span> <span dir=\"ltr\" role=\"presentation\">N.<\/span> <span dir=\"ltr\" role=\"presentation\">Lagarde<\/span>\u00a0<span dir=\"ltr\" role=\"presentation\">, C.<\/span> <span dir=\"ltr\" role=\"presentation\">Reyl\u00e9<\/span><span dir=\"ltr\" role=\"presentation\">, C.<\/span> <span dir=\"ltr\" role=\"presentation\">Chiappini<\/span><span dir=\"ltr\" role=\"presentation\">, R.<\/span> <span dir=\"ltr\" role=\"presentation\">Mor<\/span><span dir=\"ltr\" role=\"presentation\">, F.<\/span> <span dir=\"ltr\" role=\"presentation\">Anders<\/span><span dir=\"ltr\" role=\"presentation\">, F.<\/span> <span dir=\"ltr\" role=\"presentation\">Figueras<\/span><span dir=\"ltr\" role=\"presentation\">, A.<\/span> <span dir=\"ltr\" role=\"presentation\">Miglio<\/span><span dir=\"ltr\" role=\"presentation\">, M.<\/span> <span dir=\"ltr\" role=\"presentation\">Romero-G\u00f3mez<\/span><span dir=\"ltr\" role=\"presentation\">, <\/span><span dir=\"ltr\" role=\"presentation\">T.<\/span> <span dir=\"ltr\" role=\"presentation\">Antoja<\/span><span dir=\"ltr\" role=\"presentation\">, N.<\/span> <span dir=\"ltr\" role=\"presentation\">Cabral<\/span><span dir=\"ltr\" role=\"presentation\">,<\/span><span dir=\"ltr\" role=\"presentation\"> J.-B.<\/span> <span dir=\"ltr\" role=\"presentation\">Salomon<\/span><span dir=\"ltr\" role=\"presentation\">, A. C.<\/span> <span dir=\"ltr\" role=\"presentation\">Robin<\/span><span dir=\"ltr\" role=\"presentation\">, O.<\/span> <span dir=\"ltr\" role=\"presentation\">Bienaym\u00e9<\/span><span dir=\"ltr\" role=\"presentation\">, C.<\/span> <span dir=\"ltr\" role=\"presentation\">Soubiran<\/span><span dir=\"ltr\" role=\"presentation\">, <\/span><span dir=\"ltr\" role=\"presentation\">D.<\/span> <span dir=\"ltr\" role=\"presentation\">Cornu<\/span><span dir=\"ltr\" role=\"presentation\">, and J.<\/span> <span dir=\"ltr\" role=\"presentation\">Montillaud, <\/span><span dir=\"ltr\" role=\"presentation\">A&amp;A 654, A13 (2021), <a href=\"https:\/\/doi.org\/10.1051\/0004-6361\/202039982\">https:\/\/doi.org\/10.1051\/0004-6361\/202039982<\/a><button class=\"clickandreadBtn\" title=\"La ressource a \u00e9t\u00e9 trouv\u00e9e dans Unpaywall\" name=\"CLICKANDREADLink\"><img decoding=\"async\" src=\"image\/svg+xml;base64,PHN2ZyBpZD0iQ2FscXVlXzEiIGRhdGEtbmFtZT0iQ2FscXVlIDEiIHhtbG5zPSJodHRwOi8vd3d3LnczLm9yZy8yMDAwL3N2ZyIgdmlld0JveD0iMCAwIDUwIDI4LjE4Ij48cmVjdCB3aWR0aD0iNTAiIGhlaWdodD0iMjguMTgiIHJ4PSIxNC4wOSIgc3R5bGU9ImZpbGw6IzIxY2UyMSIvPjxwYXRoIGQ9Ik0xOC45MywxNi40NWEuMzIuMzIsMCwwLDAtLjU0LjIydjJoLTRhNS4wOCw1LjA4LDAsMCwxLDAtMTAuMTZoNS4yMlY1LjQ0SDE0LjQ0YTguMTQsOC4xNCwwLDAsMCwwLDE2LjI4aDR2MmEuMzIuMzIsMCwwLDAsLjU0LjIzbDMuNTEtMy41MWEuMzQuMzQsMCwwLDAsMC0uNDZaIiBzdHlsZT0iZmlsbDojZmZmIi8+PHBhdGggZD0iTTQyLjUyLDIxLjA3bC00Ljg0LTUuNjlhMCwwLDAsMCwxLDAsMCw1LjMsNS4zLDAsMCwwLDIuNTktNC45LDUuNDMsNS40MywwLDAsMC01LjQ4LTVIMjguNDhhMCwwLDAsMCwwLDAsMFYyMS42OWEwLDAsMCwwLDAsMCwwaDMuMDVsMCwwVjguNTVzMCwwLDAsMEgzNWEyLjI0LDIuMjQsMCwwLDEsMi4yMiwyLjUzLDIuMywyLjMsMCwwLDEtMi4zMiwySDMyLjRhLjM2LjM2LDAsMCwwLS4yOC41OWw2LjYyLDcuNzlhLjkzLjkzLDAsMCwwLC42OC4zMWgyLjgxQS4zOS4zOSwwLDAsMCw0Mi41MiwyMS4wN1oiIHN0eWxlPSJmaWxsOiNmZmYiLz48Y2lyY2xlIGN4PSIyNC4yIiBjeT0iOC4yIiByPSIyLjc2IiBzdHlsZT0iZmlsbDojZmZmIi8+PC9zdmc+\" width=\"27\" \/><\/button><br \/>\n<\/span><\/li>\n<\/ul>\n<\/div>\n<div class=\"col-xs-10 col-xs-offset-1\">\n<ul>\n<li class=\"s-results-title\"><span style=\"color: #ff99cc\"><span style=\"font-size: 12pt\"><strong>3D extinction mapping of the Milky Way using Convolutional Neural Networks: Presentation of the method and demonstration in the Carina Arm region<\/strong><\/span>,<\/span> Cornu, D., Montillaud, J., Marshall, D., Robin, A.C., Cambresy, L., <strong>submitted<\/strong> to A&amp;A.<\/li>\n<li>\n<div class=\"page\" title=\"Page 1\">\n<div class=\"layoutArea\">\n<div class=\"column\">\n<p><span style=\"color: #ff99cc;font-size: 12pt\"><strong>A self-consistent dynamical model of the Milky Way disc set to Gaia data, <\/strong><\/span>A.C. Robin, O. Bienayme\u0301, J.B. Salomon, C. Reyle\u0301, N. Lagarde, F. Figueras, R. Mor, J. G. Ferna\u0301ndez-Trincado, J. Montillaud. A&amp;A 667, A98 (2022). <a href=\"https:\/\/ui.adsabs.harvard.edu\/link_gateway\/2022A&amp;A...667A..98R\/doi:10.1051\/0004-6361\/202243686\" target=\"_blank\" rel=\"noreferrer noopener\" data-target=\"DOI\">10.1051\/0004-6361\/202243686<\/a><\/p>\n<p>Link to the gitlab site providing the Galactic gravitational potential and an orbit integrator in this potential: <a href=\"https:\/\/gitlab.com\/bgpot\/BGPotential\">https:\/\/gitlab.com\/bgpot\/BGPotential<\/a><\/p>\n<p>&nbsp;<\/p>\n<p>&nbsp;<\/p>\n<p>&nbsp;<\/p>\n<\/div>\n<\/div>\n<\/div>\n<\/li>\n<\/ul>\n<\/div>\n<\/div>\n<div><\/div>\n<div><\/div>\n<div><\/div>\n<div><\/div>\n","protected":false},"excerpt":{"rendered":"<p>Gaia DR2 reveals a star formation burst in the disc 2-3 Gyr ago. Mor,\u00a0R.; Robin,\u00a0A.\u00a0C.; Figueras,\u00a0F.; Roca-Fabregas,\u00a0S.; Luri,\u00a0X. A&amp;A 624, L1 NB: This article was mentionned in a Nature Highlight: The cosmic drama that helped to build the Milky Way. &hellip; <a href=\"https:\/\/www.issibern.ch\/teams\/gaiabgm\/publications\/\">Continue reading <span class=\"meta-nav\">&rarr;<\/span><\/a><\/p>\n","protected":false},"author":2,"featured_media":0,"parent":0,"menu_order":0,"comment_status":"closed","ping_status":"closed","template":"","meta":{"footnotes":""},"class_list":["post-58","page","type-page","status-publish","hentry"],"_links":{"self":[{"href":"https:\/\/www.issibern.ch\/teams\/gaiabgm\/wp-json\/wp\/v2\/pages\/58","targetHints":{"allow":["GET"]}}],"collection":[{"href":"https:\/\/www.issibern.ch\/teams\/gaiabgm\/wp-json\/wp\/v2\/pages"}],"about":[{"href":"https:\/\/www.issibern.ch\/teams\/gaiabgm\/wp-json\/wp\/v2\/types\/page"}],"author":[{"embeddable":true,"href":"https:\/\/www.issibern.ch\/teams\/gaiabgm\/wp-json\/wp\/v2\/users\/2"}],"replies":[{"embeddable":true,"href":"https:\/\/www.issibern.ch\/teams\/gaiabgm\/wp-json\/wp\/v2\/comments?post=58"}],"version-history":[{"count":0,"href":"https:\/\/www.issibern.ch\/teams\/gaiabgm\/wp-json\/wp\/v2\/pages\/58\/revisions"}],"wp:attachment":[{"href":"https:\/\/www.issibern.ch\/teams\/gaiabgm\/wp-json\/wp\/v2\/media?parent=58"}],"curies":[{"name":"wp","href":"https:\/\/api.w.org\/{rel}","templated":true}]}}