{"id":78,"date":"2019-05-27T16:51:01","date_gmt":"2019-05-27T14:51:01","guid":{"rendered":"http:\/\/www.issibern.ch\/teams\/gaiabgm\/?page_id=78"},"modified":"2019-05-27T16:51:01","modified_gmt":"2019-05-27T14:51:01","slug":"press-releases","status":"publish","type":"page","link":"https:\/\/www.issibern.ch\/teams\/gaiabgm\/press-releases\/","title":{"rendered":"Press releases"},"content":{"rendered":"<p><strong>Press releases for article Mor et al 2019 :<\/strong><\/p>\n<p class=\"title\">&#8211; <a href=\"https:\/\/www.iflscience.com\/space\/a-massive-burst-of-star-formation-happened-in-the-milky-way-billions-of-years-ago\/\"><em>A Massive Burst Of Star Formation Happened In The Milky Way Billions Of Years Ago <\/em><\/a><em>(<\/em>IFL Science, USA<em>)<\/em><\/p>\n<p class=\"title\"><a href=\"https:\/\/www.pulskosmosu.pl\/2019\/05\/09\/wzrost-intensywnosci-procesow-gwiazdotworczych-w-drodze-mlecznej-2-3-miliardy-lat-temu\/\">&#8211; <em>Wzrost intensywno\u015bci proces\u00f3w gwiazdotw\u00f3rczych w Drodze Mlecznej 2-3 miliardy lat temu <\/em><\/a><em>(<\/em>PULS KOSMOZU, Pl<em>)<\/em><\/p>\n<p><em>&#8211; <\/em><a href=\"https:\/\/www.globalscience.it\/11923\/cosmo\/un-baby-boom-stellare-nel-passato-della-via-lattea\/\"><em>Un \u2018baby boom\u2019 stellare nel passato della Via Lattea <\/em><\/a><em>(<\/em>Global Science, It<em>)<\/em><\/p>\n<p class=\"title\"><em>&#8211; <a href=\"http:\/\/news.ggo.net\/html\/art\/3579503.html\">A Massive Burst Of Star Formation Happened In The Milky Way Billions Of Years Ago<\/a><\/em><\/p>\n<p>&#8211; <em><a href=\"https:\/\/www.scientias.nl\/meer-dan-de-helft-van-de-sterren-in-de-melkweg-zijn-zon-2-miljard-jaar-geleden-geboren\/\">Een grote \u2018stellaire babyboom\u2019 blies ons sterrenstelsel nieuw leven in<\/a><\/em>(Scientias, Nl)<\/p>\n<p><em>&#8211; <\/em><a href=\"https:\/\/www.ub.edu\/web\/ub\/en\/menu_eines\/noticies\/2019\/05\/015.html\"><em>Star formation burst in the Milky Way 2-3 billion years ago <\/em><\/a>(Universitat de Barcelona, Sp)<\/p>\n<p><em>&#8211; <a href=\"https:\/\/www.futura-sciences.com\/sciences\/actualites\/voie-lactee-voie-lactee-enorme-baby-boom-origine-moitie-etoiles-76042\/\">Voie lact\u00e9e : un \u00e9norme \u00ab baby-boom \u00bb \u00e0 l\u2019origine de la moiti\u00e9 de ses \u00e9toiles<\/a><\/em> (Futura Sciences, Fr)<\/p>\n<p><a href=\"http:\/\/www.insu.cnrs.fr\/fr\/cnrsinfo\/la-galaxie-connu-un-sursaut-de-formation-detoiles-il-y-2-3-milliards-dannees\"><span class=\"field field--name-title field--type-string field--label-hidden\"><em>&#8211; La Galaxie a connu un sursaut de formation d\u2019\u00e9toiles il y a 2-3 milliards d\u2019ann\u00e9es <\/em><\/span><\/a><span class=\"field field--name-title field--type-string field--label-hidden\">(CNRS-INSU, Fr)<\/span><\/p>\n<p><a href=\"https:\/\/www.utinam.cnrs.fr\/?La-Galaxie-a-connu-un-sursaut-de-formation-d-etoiles-il-y-a-2-3-milliards-d\"><em>&#8211; La Galaxie a connu un sursaut de formation d\u2019\u00e9toiles il y a 2-3 milliards d\u2019ann\u00e9es <\/em><\/a>(Institut UTINAM, Fr)<a href=\"https:\/\/www.utinam.cnrs.fr\/?La-Galaxie-a-connu-un-sursaut-de-formation-d-etoiles-il-y-a-2-3-milliards-d\"><em>.<\/em><\/a><\/p>\n<div><\/div>\n","protected":false},"excerpt":{"rendered":"<p>Press releases for article Mor et al 2019 : &#8211; A Massive Burst Of Star Formation Happened In The Milky Way Billions Of Years Ago (IFL Science, USA) &#8211; Wzrost intensywno\u015bci proces\u00f3w gwiazdotw\u00f3rczych w Drodze Mlecznej 2-3 miliardy lat temu &hellip; <a href=\"https:\/\/www.issibern.ch\/teams\/gaiabgm\/press-releases\/\">Continue reading <span class=\"meta-nav\">&rarr;<\/span><\/a><\/p>\n","protected":false},"author":2,"featured_media":0,"parent":0,"menu_order":0,"comment_status":"closed","ping_status":"closed","template":"","meta":{"footnotes":""},"class_list":["post-78","page","type-page","status-publish","hentry"],"_links":{"self":[{"href":"https:\/\/www.issibern.ch\/teams\/gaiabgm\/wp-json\/wp\/v2\/pages\/78","targetHints":{"allow":["GET"]}}],"collection":[{"href":"https:\/\/www.issibern.ch\/teams\/gaiabgm\/wp-json\/wp\/v2\/pages"}],"about":[{"href":"https:\/\/www.issibern.ch\/teams\/gaiabgm\/wp-json\/wp\/v2\/types\/page"}],"author":[{"embeddable":true,"href":"https:\/\/www.issibern.ch\/teams\/gaiabgm\/wp-json\/wp\/v2\/users\/2"}],"replies":[{"embeddable":true,"href":"https:\/\/www.issibern.ch\/teams\/gaiabgm\/wp-json\/wp\/v2\/comments?post=78"}],"version-history":[{"count":0,"href":"https:\/\/www.issibern.ch\/teams\/gaiabgm\/wp-json\/wp\/v2\/pages\/78\/revisions"}],"wp:attachment":[{"href":"https:\/\/www.issibern.ch\/teams\/gaiabgm\/wp-json\/wp\/v2\/media?parent=78"}],"curies":[{"name":"wp","href":"https:\/\/api.w.org\/{rel}","templated":true}]}}