{"id":21,"date":"2018-06-13T15:51:24","date_gmt":"2018-06-13T13:51:24","guid":{"rendered":"http:\/\/www.issibern.ch\/teams\/heroic\/?page_id=21"},"modified":"2023-09-28T12:36:22","modified_gmt":"2023-09-28T12:36:22","slug":"publications","status":"publish","type":"page","link":"https:\/\/www.issibern.ch\/teams\/heroic\/publications\/","title":{"rendered":"Publications"},"content":{"rendered":"<p><strong>2019<\/strong><\/p>\n<p>Herbst, K., S. Banjac and T.A. Nordheim<br \/>\n<strong>Revisiting the cosmic-ray induced Venusian ionization with the Atmospheric Radiation Interaction Simulator (AtRIS)\u00a0<\/strong><br \/>\nAstron. Astrophys.\u00a0[<a href=\"https:\/\/www.aanda.org\/component\/article?access=doi&amp;doi=10.1051\/0004-6361\/201935152\">A&amp;A<\/a>]<br \/>\nDOI:10.1051\/0004-6361\/201935152<\/p>\n<p>Vlahos L.,\u00a0A. Anastasiadis, A. Papaioannou, A. Kouloumvakos and H. Isliker<br \/>\n[<em>Review paper<\/em>]<br \/>\n<strong>Sources of Solar Energetic Particles<\/strong><br \/>\nPhilosophical Transactions of the Royal Society A\u00a0[<a href=\"https:\/\/arxiv.org\/pdf\/1903.08200.pdf\">arXiv<\/a>]<br \/>\nDOI: 10.1098\/rsta.2018.0095<\/p>\n<p>Kouloumvakos A., A. P. Rouillard, Y. Wu, R. Vainio, A. Vourlidas, I. Plotnikov, A. Afanasiev, H. \u00d6nel<br \/>\n<strong>Connecting the Properties of Coronal Shock Waves with those of Solar Energetic Particles<\/strong><br \/>\nAstrophys. J. [<a href=\"https:\/\/iopscience.iop.org\/article\/10.3847\/1538-4357\/ab15d7\">here<\/a>]<br \/>\nDOI: 10.3847\/1538-4357\/ab15d7<\/p>\n<p>Anastasiadis A., D. Lario, A. Papaioannou, A. Kouloumvakos and A. Vourlidas<br \/>\n[<em>Review paper<\/em>]<br \/>\n<strong>Solar Energetic Particles in the inner heliosphere: status &amp; open questions<\/strong><br \/>\nPhilosophical Transactions of the Royal Society A\u00a0[<a href=\"http:\/\/members.noa.gr\/atpapaio\/Publications\/A37.pdf\">here<\/a>]<br \/>\nDOI: 10.1098\/rsta.2018.0100<\/p>\n<p>Cliver E.W., S. W. Kahler, M. Kazachenko, M. Shimojo<br \/>\n<strong>The Disappearing Solar Filament of 2013 September 29 and its Large Associated Proton Event: Implications for Particle Acceleration at the Sun<\/strong><br \/>\nAstrophys. J. [<a href=\"https:\/\/iopscience.iop.org\/article\/10.3847\/1538-4357\/ab0e03\">here<\/a>]<br \/>\nDOI: 10.3847\/1538-4357\/ab0e03<\/p>\n<p>Bazilevskaya G.A., Logachev Yu.I., Daibog E.I., Ginzburg E.A., Ishkov V.N.,<br \/>\nLazutin L.L., Nguyen M.D., Surova G.M., Vlasova N.A., Yakovchouk O.S.<br \/>\n<strong>Dynamic of the Occurrence Rate of the Solar Energetic Particle Events During Solar Activity Cycles 21-24<\/strong><br \/>\nProceedings of the Eleventh Workshop on <em>Solar Influences on the Magnetosphere, Ionosphere and Atmosphere\u00a0<\/em>[<a href=\"http:\/\/83.212.106.54\/owncloud\/index.php\/apps\/files\/?dir=\/Documents\/High%20Energy%20SEPs\/ISSI%202018\/Published%20papers\/2019&amp;fileid=1925\">here<\/a>]<\/p>\n<p>Herbst, K., J. L. Grenfell, M. Sinnhuber, H. Rauer, B. Heber, S. Banjac, M. Scheucher, V. Schmidt, S. Gebauer, R. Lehmann and F. Schreier<br \/>\n<strong>A new model suite to determine the influence of cosmic rays on (exo)planetary atmospheric biosignatures. Validation based on modern Earth\u00a0<\/strong><br \/>\nAstron. Astrophys.\u00a0[<a href=\"https:\/\/www.aanda.org\/component\/article?access=doi&amp;doi=10.1051\/0004-6361\/201935888\">A&amp;A<\/a>]<br \/>\nDOI:10.1051\/0004-6361\/201935888<\/p>\n<p><strong>2020<\/strong><\/p>\n<p>Herbst, K., S. Banjac, D. Atri, and T.A. Nordheim<br \/>\n<strong>Revisiting the cosmic-ray induced Venusian radiation dose in the context of habitability\u00a0<\/strong><br \/>\nAstron. Astrophys.\u00a0[<a href=\"https:\/\/www.aanda.org\/component\/article?access=doi&amp;doi=10.1051\/0004-6361\/201936968\">A&amp;A<\/a>]<br \/>\nDOI: 10.1051\/0004-6361\/201936968<\/p>\n<p>Lario D., Kwon, R. Y., Balmaceda, L., Richardson, I. G., Krupar, V., Thompson, B. J., St Cyr, O. C.,\u00a0 Zhao, L., and Zhang, M.<br \/>\n<strong>Fast and Wide CMEs without Observed&gt; 20 MeV Protons<\/strong><br \/>\nAstrophys. J. \u00a0[<a href=\"https:\/\/iopscience.iop.org\/article\/10.3847\/1538-4357\/ab64e1\">here<\/a>]<br \/>\nDOI: 10.3847\/1538-4357\/ab64e1<\/p>\n<p>Mishev, A., Koldobskiy, S. A., Kovaltsov, G.A., Gil, A., Usoskin, I.G.<br \/>\n<strong>Updated Neutron-Monitor Yield Function: Bridging Between In Situ and Ground-Based Cosmic Ray Measurements<\/strong><br \/>\nJ. Geophys. Res. Space Physics \u00a0[<a href=\"https:\/\/agupubs.onlinelibrary.wiley.com\/doi\/full\/10.1029\/2019JA027433\">JGR<\/a>]<br \/>\nDOI: 10.1029\/2019JA027433<\/p>\n<p>Guo J., Wimmer-Schweingruber R.F., Dumbovi\u0107 M., Heber B., Wang Y.<br \/>\n<strong>A new model describing Forbush Decreases at Mars: combining the heliospheric modulation and the atmospheric influence<\/strong><br \/>\nEarth and Planetary Physics [<a href=\"https:\/\/agupubs.onlinelibrary.wiley.com\/doi\/full\/10.26464\/epp2020007\">here<\/a>]<br \/>\nDOI: 10.26464\/epp2020007<\/p>\n<p>Kouloumvakos A., Rouillard A.P., Share G. H., Plotnikov I., Murphy R., Papaioannou A.,Wu Y.<br \/>\n<b>Evidence for a Coronal Shock Wave Origin for Relativistic Protons Producing Solar Gamma-Rays and Observed by Neutron Monitors at Earth<\/b><br \/>\nAstrophys. J. [<a href=\"https:\/\/iopscience.iop.org\/article\/10.3847\/1538-4357\/ab8227\/meta\">here<\/a>]<br \/>\nDOI:10.3847\/1538-4357\/ab8227<\/p>\n<p>Usoskin I.G., Koldobskiy S.A., Kovaltsov G.A., Rozanov E.V., Sukhodolov T.V., Mishev A.L., Mironova I.A.<br \/>\n<b><strong>Revisited Reference Solar Proton Event of 23 February 1956: Assessment of the Cosmogenic-Isotope Method Sensitivity to Extreme Solar Events<\/strong><\/b><br \/>\nJ. Geophys. Res. Space Physics [<a href=\"https:\/\/agupubs.onlinelibrary.wiley.com\/doi\/full\/10.1029\/2020JA027921?af=R\">JGR<\/a>]<br \/>\nDOI:10.1029\/2020JA027921<\/p>\n<p>Mishev A.L., Usoskin I.G.<br \/>\n<b><strong>Current status and possible extension of the global neutron monitor network<\/strong><\/b><br \/>\nJ. Space Weather Space Clim.\u00a0 [<a href=\"https:\/\/www.swsc-journal.org\/articles\/swsc\/pdf\/2020\/01\/swsc200007.pdf\">here<\/a>]<br \/>\nDOI:10.1051\/swsc\/2020020<\/p>\n<p>Dumbovi\u0107 M., Vr\u0161nak B., Guo J., Heber B., Dissauer K., Carcaboso F., Temmer M., Veronig A., Podladchikova T., M\u00f6stl C., Amerstorfer T., Kirin A.<br \/>\n<strong>Evolution of coronal mass ejections and the corresponding Forbush decreases: modelling vs multi-spacecraft observations<\/strong><br \/>\nSolar Physics [<a href=\"https:\/\/link.springer.com\/article\/10.1007\/s11207-020-01671-7\">here<\/a>] DOI:10.1007\/s11207-020-01671-7<\/p>\n<p>Usoskin I., Koldobskiy S., Kovaltsov G., Gil A., Usoskina I., \u00a0Willamo T.<br \/>\n<b><strong>Revised GLE database: Fluences of solar energetic particles as measured by the neutron monitor network since 1956<\/strong><\/b><br \/>\nAstron. Astrophys.\u00a0 [<a href=\"https:\/\/www.aanda.org\/component\/article?access=doi&amp;doi=10.1051\/0004-6361\/202038272\">A&amp;A<\/a>]<br \/>\nDOI:10.1051\/0004-6361\/202038272<\/p>\n<p>Cliver E.W., Mekhaldi F., and Muscheler R.<br \/>\n<strong>Revised Solar Longitude Distribution of High-energy Proton Flares: Fluences and Spectra<\/strong><br \/>\nAstrophys. J. Lett.\u00a0 [<a href=\"https:\/\/iopscience.iop.org\/article\/10.3847\/2041-8213\/abad44\">here<\/a>]<br \/>\nDOI: 10.3847\/2041-8213\/abad44<\/p>\n<p>Mishev A.L., and Velinov P.I.Y.<br \/>\n<strong>Ionization effect in the Earth&#8217;s atmosphere during the sequence of October-November 2003 Halloween GLE events<\/strong><br \/>\nJ. Atmos. Sol.-Terr. Phys. [<a href=\"https:\/\/www.sciencedirect.com\/science\/article\/pii\/S1364682620302856\">here<\/a>]<br \/>\nDOI: 10.1016\/j.jastp.2020.105484<\/p>\n<p style=\"text-align: justify\">Cliver E. W., Hayakawa H., Love J. J., Neidig D.F<br \/>\n<strong>On the size of the Flare Associated with the Solar Proton Event in 774 AD<\/strong><br \/>\nAstrophys. J.\u00a0 [<a href=\"https:\/\/iopscience.iop.org\/article\/10.3847\/1538-4357\/abad93\">here<\/a>]<br \/>\nDOI: 10.3847\/1538-4357\/abad93<\/p>\n<p><strong>2021<\/strong><\/p>\n<p style=\"text-align: left\">Belov A., Papaioannou A., Abunina M., Dumbovic M., Richardson I.G., Heber B., K\u00fchl P., Herbst K., Anastasiadis A., Vourlidas A., Eroshenko E. and Abunin A.<br \/>\n<strong>On the Rigidity Spectrum of Cosmic Ray Variations within Propagating Interplanetary Disturbances: Neutron Monitor and SOHO\/EPHIN observations at ~1-10 GV<\/strong><br \/>\nAstrophys. J. [<a href=\"https:\/\/iopscience.iop.org\/article\/10.3847\/1538-4357\/abd724\">here<\/a>]<br \/>\nDOI: 10.3847\/1538-4357\/abd724<\/p>\n<p>Mishev A. L., Koldobskiy S.A., Usoskin I.G., Kocharov L.G., Kovaltsov G.A.<br \/>\n<strong>Application of the verified neutron monitor yield function for an extended analysis of the ground level enhancement GLE#71 on May 17, 2012<\/strong><br \/>\nSpace Weather [<a href=\"https:\/\/agupubs.onlinelibrary.wiley.com\/doi\/full\/10.1029\/2020SW002626\">here<\/a>]<br \/>\nDOI: 10.1029\/2020SW002626<\/p>\n<p>Bazilevskaya G.A., Daibog E.I., Logachev Yu.I., Vlasova N.A., Ginzburg E.A., Ishkov V.N., Lazutin L.L., Nguyen M.D., Surova G.M., Yakovchouk O.S.<br \/>\n<strong>Characteristic features of Solar Cosmic Rays in the 21st-24th Solar Activity Cycles According to Data from Catalogs from Solar Proton Events<\/strong><br \/>\nGeomagnetism and Aeronomy [<a href=\"https:\/\/link.springer.com\/article\/10.1134\/S0016793221010023\">here<\/a>]<br \/>\nDOI: 10.1134\/S0016793221010023<\/p>\n<p>Klein K.-L.<br \/>\n<strong>Radio Astronomical Tools for the study of Solar Energetic Particles\u00a0 \u00a0 \u00a0 \u00a0 \u00a0 \u00a0 \u00a0 \u00a0 \u00a0 \u00a0 \u00a0 \u00a0 \u00a0 I. Correlations and Diagnostics of Impulsive Acceleration and Particle Propagation <\/strong>[<em>Review paper<\/em>]<br \/>\nFront. Astron. Space Sci. [<a href=\"https:\/\/www.frontiersin.org\/articles\/10.3389\/fspas.2020.580436\/full\">here<\/a>]<br \/>\nDOI: 10.3389\/fspas.2020.580436<\/p>\n<p>Klein K.-L.<br \/>\n<strong>Radio Astronomical Tools for the study of Solar Energetic Particles\u00a0 \u00a0 \u00a0 \u00a0 \u00a0 \u00a0 \u00a0 \u00a0 \u00a0 \u00a0 \u00a0 \u00a0II. Time-Extended Acceleration at SubRelativistic and Relativistic Energies <\/strong>[<em>Review paper<\/em>]<br \/>\nFront. Astron. Space Sci. [<a href=\"https:\/\/www.frontiersin.org\/articles\/10.3389\/fspas.2020.580445\/full\">here<\/a>]<br \/>\nDOI: 10.3389\/fspas.2020.580445<\/p>\n<p>Koldobskiy S., Raukunen O., Vainio R., Kovaltsov G.A., Usoskin I.<br \/>\n<strong>New Reconstruction of event intergrated spectra (spectral fluences) for major solar energetic particle events<\/strong><br \/>\nAstron. Astrophys. [<a href=\"https:\/\/www.aanda.org\/articles\/aa\/abs\/2021\/03\/aa40058-20\/aa40058-20.html\">here<\/a>]<br \/>\nDOI: 10.1051\/0004-6361\/202040058<\/p>\n<p>Caprotti A., Br\u00fcdern M., Burmeister S., Heber B., Herbst K.<br \/>\n<strong>Yield function\u00a0 of the DOSimetry TELescope count and dose rates aboard the International Space Station<\/strong><br \/>\nSpace Weather [<a href=\"https:\/\/agupubs.onlinelibrary.wiley.com\/doi\/full\/10.1029\/2020SW002510\">here<\/a>]<br \/>\nDOI: 10.1029\/2020SW002510<\/p>\n<p>Mishev A., Koldobskiy S., Kocharov L., Usoskin I.<br \/>\n<strong>GLE # 67 Event on 2 November 2003: An Analysis of the Spectral and Anisotropy Characteristics Using Verified Yield Function and Detrended Neutron Monitor Data<\/strong><br \/>\nSolar Physics [<a href=\"https:\/\/link.springer.com\/article\/10.1007\/s11207-021-01832-2\">here<\/a>]<br \/>\nDOI: 10.1007\/s11207-021-01832-2<\/p>\n<p>Lavasa E., Giannopoulos G., Papaioannou A., Anastasiadis A., Daglis I.A., Aran A., Pacheco D., Sanahuja B.<br \/>\n<strong>Assessing the predictability of Solar Energetic Particles with the use of machine learning techiniques<\/strong><br \/>\nSolar Physics [<a href=\"https:\/\/link.springer.com\/article\/10.1007\/s11207-021-01837-x\">here<\/a>]<br \/>\nDOI: 10.1007\/s11207-021-01837-x<\/p>\n<p>Butikofer R., Kuhl P., Papaioannou A.<br \/>\n<strong>SEP spectra derived from neutron monitor data and from EPHIN space detector during recent GLEs and sub-GLEs<\/strong><br \/>\nProceedings of the Cosmic Ray Studies with Neutron Monitor Detectors | vol.1 [<a href=\"https:\/\/macau.uni-kiel.de\/receive\/macau_mods_00001304\">here<\/a>]<br \/>\nDOI: 10.38072\/2748-3150\/p11<\/p>\n<p>Mishev A., Poluianov S.<br \/>\n<strong>About the Altitude Profile of the Atmospheric Cut-Off of Cosmic Rays: New Revised Assesement<\/strong><br \/>\nSolar Physics [<a href=\"https:\/\/link.springer.com\/article\/10.1007%2Fs11207-021-01875-5\">here<\/a>]<br \/>\nDOI: 10.1007\/s11207-021-01875-5<\/p>\n<p>Bazilevskaya G.A., Logachev Yu.I., Daibog E.I., Vlasova N.A., Ginzburg E.A., Ishkov V.N., Lazutin L.L., Nguyen M.D., Surova G.M., Yakovchouk O.S.<br \/>\n<strong>Statistical links between Solar Cosmic Rays, Type II Radio Emission and Coronal Mass Ejections<\/strong><br \/>\nGeomagnetism and Aeronomy [<a href=\"https:\/\/link.springer.com\/article\/10.1134\/S0016793221050030\">here<\/a>]<br \/>\nDOI: 10.1134\/S0016793221050030<\/p>\n<p><strong>2022<\/strong><\/p>\n<p style=\"text-align: left\">Papaioannou A., Kouloumvakos A., Mishev A., Usoskin I., Herbst K., Rouillard A.P., Anastasiadis A., Gieseler J., Wimmer-Schweigruber and K\u00fchl P.<br \/>\n<strong>The first Ground Level Enhancement of Solar Cycle 25 on 28 October 2021<\/strong><br \/>\nAstron. Astrophys. [<a href=\"https:\/\/www.aanda.org\/component\/article?access=doi&amp;doi=10.1051\/0004-6361\/202142855\">here<\/a>]. Preprint available at ArXiv [<a href=\"https:\/\/arxiv.org\/abs\/2202.07927\">here<\/a>]<br \/>\nDOI: 10.1051\/0004-6361\/202142855<\/p>\n<p style=\"text-align: left\">Cliver E.W., Schrijver C.J., Shibata K. and Usoskin I.<br \/>\n<strong>Extreme Solar Events<\/strong><br \/>\nLiving Rev. Sol. Phys. [<a href=\"https:\/\/link.springer.com\/article\/10.1007\/s41116-022-00033-8\">here<\/a>]<br \/>\nDOI: 10.1007\/s41116-002-00033-8<\/p>\n<p>Papaioannou A., Vainio R., Raukunen O., Jiggens P., Aran A., Dierckxsens M., Mallios S.A., Paassilta M. and Anastasiadis A.<br \/>\n<strong>The Probabilistic Solar Particle Event foRecasting (PROSPER) model\u00a0<\/strong><br \/>\nJ. Space Weather Space Clim. [<a href=\"https:\/\/www.swsc-journal.org\/articles\/swsc\/full_html\/2022\/01\/swsc210075\/swsc210075.html\">here<\/a>]. Preprint available at ArXiv [<a href=\"https:\/\/arxiv.org\/pdf\/2205.07325.pdf\">here<\/a>]<br \/>\nDOI: 10.1051\/swsc\/2022019<\/p>\n<p>Mishev A., Kocharov L., Koldobskiy S., Larsen N., Riihonen E., Vainio R. and Usoskin I.<br \/>\n<strong>High-resolution spectral and anisotropy characteristics of solar protons during the GLE73 on 28 October 2021 derived with Neutron Monitor data analysis<\/strong><br \/>\nSolar Physics [<a href=\"https:\/\/link.springer.com\/article\/10.1007\/s11207-022-02026-0\">here<\/a>]<br \/>\nDOI: 10.1007\/s11207-022-02026-0<\/p>\n<p>Klein K.-L.., Musset S., Vilmer N., Briand C., Krucker S., Battaglia A., Dresing N., Palmroos C. and Gary D.A.<br \/>\n<strong>The relativistic solar particle event on 28 October 2021: Evidence of particle acceleration within and escape from the solar corona<\/strong><br \/>\nAstron. Astrophys. [<a href=\"https:\/\/www.aanda.org\/component\/article?access=doi&amp;doi=10.1051\/0004-6361\/202243903\">here<\/a>]<br \/>\nDOI: 10.1015\/0004-6361\/202243903<\/p>\n<p><strong>2023<\/strong><\/p>\n<p>Papaioannou A., Herbst K., Ramm T., Cliver E.W., Lario D. and Veronig A.W.<br \/>\n<strong>Revisiting Empirical Solar Energetic Particle Scaling Relations: I Solar Flares<\/strong><br \/>\nAstron. Astrophys. [<a href=\"https:\/\/www.aanda.org\/component\/article?access=doi&amp;doi=10.1051\/0004-6361\/202243407\">here<\/a>]. Preprint available at ArXiv [<a href=\"https:\/\/arxiv.org\/abs\/2211.15312\">here<\/a>]<br \/>\nDOI: 10.1051\/0004-6361\/202243407<\/p>\n<p>Lario D., Richardson I.G., Aran A. and Wijsen N.<br \/>\n<strong>High Energy (&gt;40 MeV) Proton Intensity Enhancements Associated with the passage of Interplanetary Shocks at 1 AU<\/strong><br \/>\nAstrophys. J.\u00a0 [<a href=\"https:\/\/iopscience.iop.org\/article\/10.3847\/1538-4357\/acc9c5\/meta\">here<\/a>]<br \/>\nDOI: 10.3847\/1538-4357\/acc9c5<\/p>\n<p>Papaioannou A.<br \/>\n<strong>What do we learn from Ground Level Enhancements?<\/strong><br \/>\nProceedings of the Cosmic Ray Studies with Neutron Monitor Detectors | vol. 2 [here]<br \/>\nDOI: 10.38072\/2748-3150\/p36<\/p>\n","protected":false},"excerpt":{"rendered":"<p>2019 Herbst, K., S. Banjac and T.A. Nordheim Revisiting the cosmic-ray induced Venusian ionization with the Atmospheric Radiation Interaction Simulator (AtRIS)\u00a0 Astron. Astrophys.\u00a0[A&amp;A] DOI:10.1051\/0004-6361\/201935152 Vlahos L.,\u00a0A. Anastasiadis, A. Papaioannou, A. Kouloumvakos and H. Isliker [Review paper] Sources of Solar Energetic &hellip; <a href=\"https:\/\/www.issibern.ch\/teams\/heroic\/publications\/\">Continue reading <span class=\"meta-nav\">&rarr;<\/span><\/a><\/p>\n","protected":false},"author":2,"featured_media":0,"parent":0,"menu_order":0,"comment_status":"closed","ping_status":"closed","template":"","meta":{"footnotes":""},"class_list":["post-21","page","type-page","status-publish","hentry"],"_links":{"self":[{"href":"https:\/\/www.issibern.ch\/teams\/heroic\/wp-json\/wp\/v2\/pages\/21","targetHints":{"allow":["GET"]}}],"collection":[{"href":"https:\/\/www.issibern.ch\/teams\/heroic\/wp-json\/wp\/v2\/pages"}],"about":[{"href":"https:\/\/www.issibern.ch\/teams\/heroic\/wp-json\/wp\/v2\/types\/page"}],"author":[{"embeddable":true,"href":"https:\/\/www.issibern.ch\/teams\/heroic\/wp-json\/wp\/v2\/users\/2"}],"replies":[{"embeddable":true,"href":"https:\/\/www.issibern.ch\/teams\/heroic\/wp-json\/wp\/v2\/comments?post=21"}],"version-history":[{"count":3,"href":"https:\/\/www.issibern.ch\/teams\/heroic\/wp-json\/wp\/v2\/pages\/21\/revisions"}],"predecessor-version":[{"id":75,"href":"https:\/\/www.issibern.ch\/teams\/heroic\/wp-json\/wp\/v2\/pages\/21\/revisions\/75"}],"wp:attachment":[{"href":"https:\/\/www.issibern.ch\/teams\/heroic\/wp-json\/wp\/v2\/media?parent=21"}],"curies":[{"name":"wp","href":"https:\/\/api.w.org\/{rel}","templated":true}]}}