{"id":6,"date":"2013-02-28T13:06:47","date_gmt":"2013-02-28T13:06:47","guid":{"rendered":"http:\/\/www.issibern.ch\/teams\/mhdoscillation\/?page_id=2"},"modified":"2013-02-28T13:06:47","modified_gmt":"2013-02-28T13:06:47","slug":"sample-page","status":"publish","type":"page","link":"https:\/\/www.issibern.ch\/teams\/mhdoscillation\/","title":{"rendered":"Team Members"},"content":{"rendered":"<p><strong>2nd Workshop: 09-13\/12\/2013<\/strong><\/p>\n<p>Valery M. Nakariakov (University of Warwick, UK) &#8211; Team Leader<\/p>\n<p>Petr Jelinek (University of South Bohemia, Czech Republic)<\/p>\n<p>Marian Karlicky (Ondrejov, Czech Republic)<\/p>\n<p>Dmitrii Klimushkin (ISTP SB RAS, Russia)<\/p>\n<p>Dmitrii Kolotkov (University of Warwick, UK)<\/p>\n<p>Nozomu Nishitani (University of Nagoya, Japan)<\/p>\n<p>Tom Van Doorsselaere (University of Leuven, Belgium)<\/p>\n<p>Gary Verth (University of Sheffield, UK)<\/p>\n<p>&nbsp;<\/p>\n<p><strong>1st Workshop:<\/strong><\/p>\n<p>Valery M. Nakariakov (University of Warwick, UK) &#8211; Team Leader<\/p>\n<p>Viacheslav Pilipenko (Space Research Institute, Russia) &#8211; Deputy Team Leader<\/p>\n<p>Tom Van Doorsselaere (University of Leuven, Belgium)<\/p>\n<p>Bal\u00e0sz Heilig (E\u00f6tv\u00f6s Lor\u00e1nd Geophysical Institute, Hungary)<\/p>\n<p>Gary Verth (University of Sheffield, UK)<\/p>\n<p>Dong-Hun Lee (University of Kyung Hee, South Korea)<\/p>\n<p>Petr Jelinek (University of South Bohemia, Czech Republic)<\/p>\n<p>Aki Yoshikawa (University of Kyushu, Japan)<\/p>\n<p>Giuseppe Nistic\u00f2 (University of Warwick, UK)<\/p>\n","protected":false},"excerpt":{"rendered":"<p>2nd Workshop: 09-13\/12\/2013 Valery M. Nakariakov (University of Warwick, UK) &#8211; Team Leader Petr Jelinek (University of South Bohemia, Czech Republic) Marian Karlicky (Ondrejov, Czech Republic) Dmitrii Klimushkin (ISTP SB RAS, Russia) Dmitrii Kolotkov (University of Warwick, UK) Nozomu Nishitani &hellip; <a href=\"https:\/\/www.issibern.ch\/teams\/mhdoscillation\/\">Continue reading <span class=\"meta-nav\">&rarr;<\/span><\/a><\/p>\n","protected":false},"author":2,"featured_media":0,"parent":0,"menu_order":0,"comment_status":"open","ping_status":"open","template":"","meta":{"footnotes":""},"class_list":["post-6","page","type-page","status-publish","hentry"],"_links":{"self":[{"href":"https:\/\/www.issibern.ch\/teams\/mhdoscillation\/wp-json\/wp\/v2\/pages\/6","targetHints":{"allow":["GET"]}}],"collection":[{"href":"https:\/\/www.issibern.ch\/teams\/mhdoscillation\/wp-json\/wp\/v2\/pages"}],"about":[{"href":"https:\/\/www.issibern.ch\/teams\/mhdoscillation\/wp-json\/wp\/v2\/types\/page"}],"author":[{"embeddable":true,"href":"https:\/\/www.issibern.ch\/teams\/mhdoscillation\/wp-json\/wp\/v2\/users\/2"}],"replies":[{"embeddable":true,"href":"https:\/\/www.issibern.ch\/teams\/mhdoscillation\/wp-json\/wp\/v2\/comments?post=6"}],"version-history":[{"count":0,"href":"https:\/\/www.issibern.ch\/teams\/mhdoscillation\/wp-json\/wp\/v2\/pages\/6\/revisions"}],"wp:attachment":[{"href":"https:\/\/www.issibern.ch\/teams\/mhdoscillation\/wp-json\/wp\/v2\/media?parent=6"}],"curies":[{"name":"wp","href":"https:\/\/api.w.org\/{rel}","templated":true}]}}