{"id":248,"date":"2019-11-03T16:51:20","date_gmt":"2019-11-03T14:51:20","guid":{"rendered":"http:\/\/www.issibern.ch\/teams\/observecoronloop\/?page_id=248"},"modified":"2019-11-03T16:51:20","modified_gmt":"2019-11-03T14:51:20","slug":"conferences","status":"publish","type":"page","link":"https:\/\/www.issibern.ch\/teams\/observecoronloop\/conferences\/","title":{"rendered":"Conferences"},"content":{"rendered":"<p><strong>Future conferences organised by team members on the team\u2019s topic:<\/strong><\/p>\n<p><span style=\"font-size: 14pt\"><strong>2021<\/strong><\/span><\/p>\n<div><a href=\"https:\/\/www.cospar-assembly.org\/admin\/session_cospar.php?session=877\" target=\"_blank\" rel=\"noopener noreferrer\">COSPAR 2021 &#8211; Session D2.3 \/ E3.3: THERMAL AND DYNAMIC PLASMA INSTABILITIES ON MULTISCALES: FROM LABORATORIES TO PLANETS, THE SUN\/STARS, GALAXIES, AND\u00a0BEYOND<\/a>, Sydney, Australia<\/div>\n<div>Main Scientific Organiser: Patrick Antolin<\/div>\n<div>Deputy Organiser: Wei Liu<\/div>\n<div><\/div>\n<div>Confirmed invited speakers from the team:<\/div>\n<div>Jim Klimchuk, Clara Froment<\/div>\n<div><\/div>\n<p>&nbsp;<\/p>\n<p><strong>Meetings and conferences where we presented results discussed during our meetings:<\/strong><\/p>\n<p><span style=\"font-size: 14pt\"><strong>2019<\/strong><\/span><\/p>\n<div class=\"\"><a href=\"https:\/\/hinode.nao.ac.jp\/meeting\/hinode-13\/\" target=\"_blank\" rel=\"noopener noreferrer\">Hinode-13<\/a>, Tokyo, Japan<\/div>\n<div><\/div>\n<ul>\n<li>\u201cReconnection Microjets in Solar Coronal Loops\u201d (Patrick Antolin)<\/li>\n<\/ul>\n<p><a href=\"https:\/\/www.epsplasma2019.eu\/\" target=\"_blank\" rel=\"noopener noreferrer\">Plasma Physics Conference<\/a>, Milan, Italy<\/p>\n<ul>\n<li>Coronal rain and thermal non-equilibrium (Patrick Antolin, invited)<\/li>\n<\/ul>\n<p><a href=\"https:\/\/nam2019.org\/\" target=\"_blank\" rel=\"noopener noreferrer\">NAM<\/a>, Lancaster, UK<\/p>\n<ul>\n<li>Multi-scale observations of thermal non equilibrium cycles in coronal loop (Patrick Antolin)<\/li>\n<\/ul>\n<p><a href=\"https:\/\/loops9.wp.st-andrews.ac.uk\/\" target=\"_blank\" rel=\"noopener noreferrer\">9th Coronal Loops Workshop<\/a>, St-Andrews, UK<\/p>\n<ul>\n<li>Exploring Active Region Heating Using a 3D, Volume-Filling Model of the Solar Corona (Cooper Downs)<\/li>\n<li><a href=\"http:\/\/www-solar.mcs.st-and.ac.uk\/~cdj3\/Media\/Conferences_and_Seminars\/CJ_Loops_Talk_2019.pdf\" target=\"_blank\" rel=\"noopener noreferrer\">A Fast and Accurate Method to Capture the Solar Corona\/Transition Region Enthalpy Exchange<\/a> (Craig Johnston)<\/li>\n<li>Reconnection microjets in solar coronal loops (Patrick Antolin)<\/li>\n<li>On the Detection of Periodic Flows in Loops Undergoing Thermal Non-Equilibrium (Gabriel Pelouze)<\/li>\n<li><a href=\"https:\/\/www.issibern.ch\/teams\/observecoronloop\/wp-content\/uploads\/sites\/105\/2019\/11\/Loop9_froment.pdf\">Multi-scale observations of thermal non-equilibrium cycles in coronal loops<\/a> (Clara Froment)<\/li>\n<li>Dynamics of coronal rain blobs (Ram\u00f3n Oliver)<\/li>\n<li>The Role of Asymmetries in Thermal Non-Equilibrium (James Klimchuk)<\/li>\n<\/ul>\n<div class=\"\"><\/div>\n<div class=\"\"><a href=\"http:\/\/solar1.uib.es\/pipa2019\/\" target=\"_blank\" rel=\"noopener noreferrer\">PIPA 2019 &#8211; Partially Ionised Plasma in Astrophysics<\/a>, Mallorca, Spain<\/div>\n<div><\/div>\n<ul>\n<li>\u201cThermal instability-induced fundamental magnetic strands in coronal loops\u201d\u00a0(Patrick Antolin)<\/li>\n<\/ul>\n<p><span style=\"font-size: 14pt\"><strong>2018<\/strong><\/span><\/p>\n<p><a href=\"https:\/\/register-as.oma.be\/sdo2018\/\" target=\"_blank\" rel=\"noopener noreferrer\">SDO workshop<\/a>, Ghent, Belgium<\/p>\n<ul>\n<li>\u00a0The Coronal Monsoon: Thermal Non-Equilibrium revealed by periodic coronal rain (Fr\u00e9d\u00e9ric Auch\u00e8re)<\/li>\n<\/ul>\n<p><a href=\"http:\/\/spg.iaa.es\/hinode12\/\" target=\"_blank\" rel=\"noopener noreferrer\">Hinode 12<\/a>, Granada, Spain<\/p>\n<ul>\n<li><a href=\"https:\/\/www.issibern.ch\/teams\/observecoronloop\/wp-content\/uploads\/sites\/105\/2019\/11\/Hinode_presentation.pdf\" target=\"_blank\" rel=\"noopener noreferrer\">Multi-scale observations of thermal non-equilibrium cycles in coronal loops<\/a> (Clara Froment, Metcalf lecture &#8211; invited)<\/li>\n<\/ul>\n<p><a href=\"https:\/\/www.issibern.ch\/teams\/observecoronloop\/wp-content\/uploads\/sites\/105\/2019\/11\/BUKS2018-Science-Programme.pdf\" target=\"_blank\" rel=\"noopener noreferrer\">BUKS workshop<\/a>, Tenerife, Spain<\/p>\n<ul>\n<li><a href=\"https:\/\/www.issibern.ch\/teams\/observecoronloop\/wp-content\/uploads\/sites\/105\/2019\/11\/BUKS_presentation.pdf\" target=\"_blank\" rel=\"noopener noreferrer\">Long-period intensity pulsations in coronal loops<\/a> (Clara Froment, invited)<\/li>\n<\/ul>\n<div class=\"\"><a href=\"https:\/\/www.cospar-assembly.org\/admin\/sessioninfo.php?session=714\" target=\"_blank\" rel=\"noopener noreferrer\">COSPAR 2018 &#8211; Session D2.2 \/ E3.2: COOL MATERIAL IN THE HOT SOLAR CORONA (PROMINENCES AND CORONAL RAIN) AND NON-SOLAR ANALOGS<\/a>, Pasadena, CA, USA<\/div>\n<div class=\"\">Main Scientific Organiser: Wei Liu<\/div>\n<div class=\"\">Deputy Organiser: Patrick Antolin<\/div>\n<div><\/div>\n<div class=\"\">\n<div>Talks from the ISSI team:<\/div>\n<div><\/div>\n<ul>\n<li>\u201cThe Coronal Monsoon: Thermal Nonequilibrium Revealed by Periodic Coronal Rain\u201d (Fr\u00e9d\u00e9ric Auch\u00e8re)<\/li>\n<li>\u201cMultidimensional simulations on evaporation-condensation in complex coronal magnetic field\u201d (Chun Xia)<\/li>\n<li>\u201cSearch for predicted periodic flows in loops undergoing thermal non-equilibrium\u201d (Gabriel Pelouze)<\/li>\n<li>\u201cWhat brakes coronal rain?\u201d (Ram\u00f3n\u00a0 Oliver)<\/li>\n<li>\u201cReconnection Microjets in the Solar Corona\u201d (Patrick Antolin)<\/li>\n<li>\u201cCool Material in the Hot Solar Corona and the Chromosphere-Corona Mass Cycle\u201d (Wei Liu)<\/li>\n<li>\u201cChemical fractionation in solar prominences\u201d (Susanna Parenti)<\/li>\n<\/ul>\n<\/div>\n<div><a href=\"https:\/\/eas.unige.ch\/\/EWASS2018\/index.jsp\" target=\"_blank\" rel=\"noopener noreferrer\">NAM\/EWASS<\/a>, Liverpool, UK<\/div>\n<div><\/div>\n<ul>\n<li>\u201cReconnection Microjets in the Solar Corona\u201d (Patrick Antolin)<\/li>\n<\/ul>\n<p><span style=\"font-size: 14pt\"><strong>2017<\/strong><\/span><\/p>\n<p><a href=\"http:\/\/astro.elte.hu\/ESPM-15\/\" target=\"_blank\" rel=\"noopener noreferrer\">ESPM<\/a>, Budapest, Hungary<\/p>\n<ul>\n<li>Discovery of periodic coronal rain: implications for coronal heating (Clara Froment)<\/li>\n<\/ul>\n<p><a href=\"http:\/\/www.astropa.unipa.it\/CLW2017\/CLW2017.html\" target=\"_blank\" rel=\"noopener noreferrer\">8th Loops Workshop<\/a>, Palermo, Italy<\/p>\n<ul>\n<li><a href=\"http:\/\/cerere.astropa.unipa.it\/CLW2017\/ProceedingsT\/LW_froment.pdf\" target=\"_blank\" rel=\"noopener noreferrer\">Stratification and time scale of the heating from long period intensity pulsations in coronal loops<\/a> (Clara Froment, invited)<\/li>\n<li><a href=\"http:\/\/cerere.astropa.unipa.it\/CLW2017\/Abstracts\/Talks\/Auchere.pdf\" target=\"_blank\" rel=\"noopener noreferrer\">Periodic pulsations of coronal loops and coronal rain: a unified picture<\/a>\u00a0(Fr\u00e9d\u00e9ric Auch\u00e8re)<\/li>\n<li><a href=\"http:\/\/cerere.astropa.unipa.it\/CLW2017\/ProceedingsT\/gpelouze_clw2017.pdf\" target=\"_blank\" rel=\"noopener noreferrer\">Search for predicted pulsations in plasma velocity, temperature and density in loops undergoing thermal non-equilibrium<\/a> (Gabriel Pelouze)<\/li>\n<li><a href=\"http:\/\/cerere.astropa.unipa.it\/CLW2017\/ProceedingsT\/Winebarger_loops8_v2.pptx\" target=\"_blank\" rel=\"noopener noreferrer\">Identifying Observables that Discriminate Between Impulsive and Footpoint Heating: Long Time Delays<\/a>\u00a0(Amy Winebarger)<\/li>\n<li><a href=\"http:\/\/www-solar.mcs.st-and.ac.uk\/~cdj3\/Media\/Conferences_and_Seminars\/CJ_Loops_Talk_2017.pdf\" target=\"_blank\" rel=\"noopener noreferrer\">htA New Approach for Modelling Chromospheric Evaporation in Response to Enhanced Coronal Heating<\/a>\u00a0(Craig Johnston)<\/li>\n<\/ul>\n","protected":false},"excerpt":{"rendered":"<p>Future conferences organised by team members on the team\u2019s topic: 2021 COSPAR 2021 &#8211; Session D2.3 \/ E3.3: THERMAL AND DYNAMIC PLASMA INSTABILITIES ON MULTISCALES: FROM LABORATORIES TO PLANETS, THE SUN\/STARS, GALAXIES, AND\u00a0BEYOND, Sydney, Australia Main Scientific Organiser: Patrick Antolin &hellip; <a href=\"https:\/\/www.issibern.ch\/teams\/observecoronloop\/conferences\/\">Continue reading <span class=\"meta-nav\">&rarr;<\/span><\/a><\/p>\n","protected":false},"author":2,"featured_media":0,"parent":0,"menu_order":4,"comment_status":"closed","ping_status":"closed","template":"","meta":{"footnotes":""},"class_list":["post-248","page","type-page","status-publish","hentry"],"_links":{"self":[{"href":"https:\/\/www.issibern.ch\/teams\/observecoronloop\/wp-json\/wp\/v2\/pages\/248","targetHints":{"allow":["GET"]}}],"collection":[{"href":"https:\/\/www.issibern.ch\/teams\/observecoronloop\/wp-json\/wp\/v2\/pages"}],"about":[{"href":"https:\/\/www.issibern.ch\/teams\/observecoronloop\/wp-json\/wp\/v2\/types\/page"}],"author":[{"embeddable":true,"href":"https:\/\/www.issibern.ch\/teams\/observecoronloop\/wp-json\/wp\/v2\/users\/2"}],"replies":[{"embeddable":true,"href":"https:\/\/www.issibern.ch\/teams\/observecoronloop\/wp-json\/wp\/v2\/comments?post=248"}],"version-history":[{"count":0,"href":"https:\/\/www.issibern.ch\/teams\/observecoronloop\/wp-json\/wp\/v2\/pages\/248\/revisions"}],"wp:attachment":[{"href":"https:\/\/www.issibern.ch\/teams\/observecoronloop\/wp-json\/wp\/v2\/media?parent=248"}],"curies":[{"name":"wp","href":"https:\/\/api.w.org\/{rel}","templated":true}]}}