{"id":174,"date":"2019-01-28T22:40:43","date_gmt":"2019-01-28T20:40:43","guid":{"rendered":"http:\/\/www.issibern.ch\/teams\/origin3henrgpart\/?page_id=174"},"modified":"2019-01-28T22:40:43","modified_gmt":"2019-01-28T20:40:43","slug":"participants","status":"publish","type":"page","link":"https:\/\/www.issibern.ch\/teams\/origin3henrgpart\/meetings\/participants\/","title":{"rendered":"Participants"},"content":{"rendered":"<div class=\"page\" title=\"Page 9\">\n<div class=\"section\">\n<div class=\"layoutArea\">\n<div class=\"column\">\n<p><span style=\"color: #003366\"><strong>January 21-25, 2019 at ISSI Bern<\/strong><\/span><\/p>\n<p><strong>B\u00e1rta Miroslav (via web-conference)<\/strong><br \/>\nAstronomical Institute, ASCR, Ondrejov, Czech Republic<\/p>\n<p><strong>Bu\u010d\u00edk Radoslav<\/strong><br \/>\nMax Planck Institute for Solar System Research, G\u00f6ttingen, Germany<\/p>\n<div class=\"page\" title=\"Page 9\">\n<div class=\"section\">\n<div class=\"layoutArea\">\n<div class=\"column\">\n<div class=\"page\" title=\"Page 9\">\n<div class=\"section\">\n<div class=\"layoutArea\">\n<div class=\"column\">\n<p><strong>Dahlin Joel<\/strong><br \/>\nNASA, Goddard Space Flight Center, USA<\/p>\n<p><strong>Drake\u00a0James F. <\/strong><br \/>\nInstitute for Physical Science and Technology, University of Maryland, USA<\/p>\n<div class=\"page\" title=\"Page 9\">\n<div class=\"section\">\n<div class=\"layoutArea\">\n<div class=\"column\">\n<p><strong>Eichler David (via web-conference)<\/strong><br \/>\nDepartment of Physics, Ben-Gurion University, Israel<\/p>\n<div class=\"page\" title=\"Page 9\">\n<div class=\"section\">\n<div class=\"layoutArea\">\n<div class=\"column\">\n<p><strong>Fleishman Gregory D. (excused)<\/strong><br \/>\nCenter for Solar-Terrestrial Research, New Jersey Institute of Technology, USA<\/p>\n<p><strong>Fu Xiangrong (via web-conference)<\/strong><br \/>\nNew Mexico Consortium, Los Alamos, USA<\/p>\n<p><strong>G\u00f3mez-Herrero Ra\u00fal (excused)<\/strong><br \/>\nSpace Research Group, University of Alcal\u00e1,\u00a0Spain<\/p>\n<div class=\"page\" title=\"Page 9\">\n<div class=\"section\">\n<div class=\"layoutArea\">\n<div class=\"column\">\n<p><strong>Ho\u00a0George C. <\/strong><br \/>\nApplied Physics Laboratory, Johns Hopkins University, USA<\/p>\n<div class=\"page\" title=\"Page 9\">\n<div class=\"section\">\n<div class=\"layoutArea\">\n<div class=\"column\">\n<p><strong>Jeffrey\u00a0Natasha L. S. <\/strong><br \/>\nSchool of Physics &amp; Astronomy, University of Glasgow, UK<\/p>\n<div class=\"page\" title=\"Page 9\">\n<div class=\"section\">\n<div class=\"layoutArea\">\n<div class=\"column\">\n<p><strong>Kahler\u00a0Stephen <\/strong><br \/>\nU.S. Air Force Research Laboratory, USA<\/p>\n<div class=\"page\" title=\"Page 9\">\n<div class=\"section\">\n<div class=\"layoutArea\">\n<div class=\"column\">\n<p><strong>Kazakov Yevgen<\/strong><br \/>\nRoyal Military Academy, Brussels, Belgium<\/p>\n<p><strong>Kumar\u00a0Rahul <\/strong><br \/>\nDepartment of Astrophysical Sciences, Princeton University, USA<\/p>\n<div class=\"page\" title=\"Page 9\">\n<div class=\"section\">\n<div class=\"layoutArea\">\n<div class=\"column\">\n<p><strong>Laming (John) Martin<\/strong><br \/>\nNaval Research Laboratory, USA<\/p>\n<p><strong>Liu\u00a0Siming<\/strong><br \/>\nPurple Mountain Observatory, Chinese Academy of Sciences, China<\/p>\n<div class=\"page\" title=\"Page 9\">\n<div class=\"section\">\n<div class=\"layoutArea\">\n<div class=\"column\">\n<p><strong>Liu Wei (via web-conference)<\/strong><br \/>\nLockheed Martin Solar and Astrophysics Laboratory, USA<\/p>\n<p><strong>Mulay\u00a0Sargam M. <\/strong><br \/>\nInter-University Centre for Astronomy and Astrophysics, India<\/p>\n<p><strong>Nitta\u00a0Nariaki V.<\/strong><br \/>\nLockheed Martin Advanced Technology Center, USA<\/p>\n<p><strong>Ongena Jozef<\/strong><br \/>\nRoyal Military Academy, Brussels, Belgium<\/p>\n<p><strong>Roth\u00a0Ilan<\/strong><br \/>\nSpace Science Laboratory, University of California, USA<\/p>\n<p><strong>Wang\u00a0Linghua <\/strong><br \/>\nSchool of Earth and Space Sciences, Peking University, China<\/p>\n<div class=\"page\" title=\"Page 9\">\n<div class=\"section\">\n<div class=\"layoutArea\">\n<div class=\"column\">\n<p><strong>Wiedenbeck\u00a0Mark E. <\/strong><br \/>\nJet Propulsion Laboratory, California Institute of Technology, USA<\/p>\n<\/div>\n<\/div>\n<\/div>\n<\/div>\n<\/div>\n<\/div>\n<\/div>\n<\/div>\n<\/div>\n<\/div>\n<\/div>\n<\/div>\n<\/div>\n<\/div>\n<\/div>\n<\/div>\n<\/div>\n<\/div>\n<\/div>\n<\/div>\n<\/div>\n<\/div>\n<\/div>\n<\/div>\n<\/div>\n<\/div>\n<\/div>\n<\/div>\n<\/div>\n<\/div>\n<\/div>\n<\/div>\n<\/div>\n<\/div>\n<\/div>\n<\/div>\n<\/div>\n<\/div>\n<\/div>\n<\/div>\n<\/div>\n<\/div>\n<\/div>\n<\/div>\n<\/div>\n<\/div>\n<\/div>\n<\/div>\n","protected":false},"excerpt":{"rendered":"<p>January 21-25, 2019 at ISSI Bern B\u00e1rta Miroslav (via web-conference) Astronomical Institute, ASCR, Ondrejov, Czech Republic Bu\u010d\u00edk Radoslav Max Planck Institute for Solar System Research, G\u00f6ttingen, Germany Dahlin Joel NASA, Goddard Space Flight Center, USA Drake\u00a0James F. Institute for Physical &hellip; <a href=\"https:\/\/www.issibern.ch\/teams\/origin3henrgpart\/meetings\/participants\/\">Continue reading <span class=\"meta-nav\">&rarr;<\/span><\/a><\/p>\n","protected":false},"author":2,"featured_media":0,"parent":49,"menu_order":2,"comment_status":"closed","ping_status":"closed","template":"","meta":{"footnotes":""},"class_list":["post-174","page","type-page","status-publish","hentry"],"_links":{"self":[{"href":"https:\/\/www.issibern.ch\/teams\/origin3henrgpart\/wp-json\/wp\/v2\/pages\/174","targetHints":{"allow":["GET"]}}],"collection":[{"href":"https:\/\/www.issibern.ch\/teams\/origin3henrgpart\/wp-json\/wp\/v2\/pages"}],"about":[{"href":"https:\/\/www.issibern.ch\/teams\/origin3henrgpart\/wp-json\/wp\/v2\/types\/page"}],"author":[{"embeddable":true,"href":"https:\/\/www.issibern.ch\/teams\/origin3henrgpart\/wp-json\/wp\/v2\/users\/2"}],"replies":[{"embeddable":true,"href":"https:\/\/www.issibern.ch\/teams\/origin3henrgpart\/wp-json\/wp\/v2\/comments?post=174"}],"version-history":[{"count":0,"href":"https:\/\/www.issibern.ch\/teams\/origin3henrgpart\/wp-json\/wp\/v2\/pages\/174\/revisions"}],"up":[{"embeddable":true,"href":"https:\/\/www.issibern.ch\/teams\/origin3henrgpart\/wp-json\/wp\/v2\/pages\/49"}],"wp:attachment":[{"href":"https:\/\/www.issibern.ch\/teams\/origin3henrgpart\/wp-json\/wp\/v2\/media?parent=174"}],"curies":[{"name":"wp","href":"https:\/\/api.w.org\/{rel}","templated":true}]}}