{"id":27,"date":"2018-06-08T19:44:20","date_gmt":"2018-06-08T17:44:20","guid":{"rendered":"http:\/\/www.issibern.ch\/teams\/origin3henrgpart\/?page_id=27"},"modified":"2018-06-08T19:44:20","modified_gmt":"2018-06-08T17:44:20","slug":"team","status":"publish","type":"page","link":"https:\/\/www.issibern.ch\/teams\/origin3henrgpart\/team\/","title":{"rendered":"Team"},"content":{"rendered":"<p><span style=\"font-size: 14pt;color: #003366\"><strong>Team Members:<\/strong><\/span><\/p>\n<div class=\"page\" title=\"Page 9\">\n<div class=\"section\">\n<div class=\"layoutArea\">\n<div class=\"column\">\n<p><strong>Radoslav Bu\u010d\u00edk (Germany, <span style=\"color: #0000ff\">USA<\/span>) <\/strong>&#8211; Team Leader<br \/>\nInstitute for Astrophysics, University of G\u00f6ttingen &amp; Max Planck Institute for Solar System Research, Germany <span style=\"color: #0000ff\">[now at Southwest Research Institute, USA]<\/span><\/p>\n<div class=\"page\" title=\"Page 9\">\n<div class=\"section\">\n<div class=\"layoutArea\">\n<div class=\"column\">\n<div class=\"page\" title=\"Page 9\">\n<div class=\"section\">\n<div class=\"layoutArea\">\n<div class=\"column\">\n<p><strong>James F. Drake (USA)<\/strong>\u00a0&#8211; Team Co-Leader<br \/>\nInstitute for Physical Science and Technology, University of Maryland, USA<\/p>\n<div class=\"page\" title=\"Page 9\">\n<div class=\"section\">\n<div class=\"layoutArea\">\n<div class=\"column\">\n<p><strong>David Eichler (Israel)<\/strong><br \/>\nDepartment of Physics, Ben-Gurion University, Israel (passed away)<\/p>\n<div class=\"page\" title=\"Page 9\">\n<div class=\"section\">\n<div class=\"layoutArea\">\n<div class=\"column\">\n<p><strong>Ra\u00fal G\u00f3mez-Herrero (Spain)<\/strong><br \/>\nSpace Research Group, University of Alcal\u00e1,\u00a0Spain<\/p>\n<div class=\"page\" title=\"Page 9\">\n<div class=\"section\">\n<div class=\"layoutArea\">\n<div class=\"column\">\n<p><strong>Georg C. Ho (USA)<\/strong><br \/>\nApplied Physics Laboratory, Johns Hopkins University, USA<\/p>\n<div class=\"page\" title=\"Page 9\">\n<div class=\"section\">\n<div class=\"layoutArea\">\n<div class=\"column\">\n<p><strong>Natasha L. S. Jeffrey (UK)<\/strong><br \/>\nSchool of Physics &amp; Astronomy, University of Glasgow, <span style=\"color: #0000ff\">[now at\u00a0Northumbria University, Newcastle, UK]<\/span><\/p>\n<div class=\"page\" title=\"Page 9\">\n<div class=\"section\">\n<div class=\"layoutArea\">\n<div class=\"column\">\n<p><strong>Stephen Kahler (USA)<\/strong><br \/>\nU.S. Air Force Research Laboratory, USA<\/p>\n<div class=\"page\" title=\"Page 9\">\n<div class=\"section\">\n<div class=\"layoutArea\">\n<div class=\"column\">\n<p><strong>Rahul Kumar (USA, Israel)<\/strong><br \/>\nDepartment of Astrophysical Sciences, Princeton University, USA &amp; Department of Physics, Ben-Gurion University, Israel<\/p>\n<div class=\"page\" title=\"Page 9\">\n<div class=\"section\">\n<div class=\"layoutArea\">\n<div class=\"column\">\n<p><strong>Siming Liu (China)<\/strong><br \/>\nPurple Mountain Observatory, Chinese Academy of Sciences, China<\/p>\n<div class=\"page\" title=\"Page 9\">\n<div class=\"section\">\n<div class=\"layoutArea\">\n<div class=\"column\">\n<p><strong>Nariaki V. Nitta (USA)<\/strong><br \/>\nLockheed Martin Advanced Technology Center, USA<\/p>\n<p><strong>Linghua Wang (China)<\/strong><br \/>\nSchool of Earth and Space Sciences, Peking University, China<\/p>\n<div class=\"page\" title=\"Page 9\">\n<div class=\"section\">\n<div class=\"layoutArea\">\n<div class=\"column\">\n<p><strong>Mark E. Wiedenbeck (USA)<\/strong><br \/>\nJet Propulsion Laboratory, California Institute of Technology, USA<\/p>\n<\/div>\n<\/div>\n<\/div>\n<\/div>\n<\/div>\n<\/div>\n<\/div>\n<\/div>\n<\/div>\n<\/div>\n<\/div>\n<\/div>\n<\/div>\n<\/div>\n<\/div>\n<\/div>\n<\/div>\n<\/div>\n<\/div>\n<\/div>\n<\/div>\n<\/div>\n<\/div>\n<\/div>\n<\/div>\n<\/div>\n<\/div>\n<\/div>\n<\/div>\n<\/div>\n<\/div>\n<\/div>\n<\/div>\n<\/div>\n<\/div>\n<\/div>\n<\/div>\n<\/div>\n<\/div>\n<\/div>\n<\/div>\n<\/div>\n<\/div>\n<\/div>\n<\/div>\n<\/div>\n<\/div>\n<\/div>\n<p><span style=\"font-size: 14pt;color: #003366\"><strong>Young Scientists:<\/strong><\/span><\/p>\n<div class=\"page\" title=\"Page 9\">\n<div class=\"section\">\n<div class=\"layoutArea\">\n<div class=\"column\">\n<div class=\"page\" title=\"Page 9\">\n<div class=\"section\">\n<div class=\"layoutArea\">\n<div class=\"column\">\n<div class=\"page\" title=\"Page 9\">\n<div class=\"section\">\n<div class=\"layoutArea\">\n<div class=\"column\">\n<div class=\"page\" title=\"Page 9\">\n<div class=\"section\">\n<div class=\"layoutArea\">\n<div class=\"column\">\n<div class=\"page\" title=\"Page 9\">\n<div class=\"section\">\n<div class=\"layoutArea\">\n<div class=\"column\">\n<div class=\"page\" title=\"Page 9\">\n<div class=\"section\">\n<div class=\"layoutArea\">\n<div class=\"column\">\n<div class=\"page\" title=\"Page 9\">\n<div class=\"section\">\n<div class=\"layoutArea\">\n<div class=\"column\">\n<div class=\"page\" title=\"Page 9\">\n<div class=\"section\">\n<div class=\"layoutArea\">\n<div class=\"column\">\n<div class=\"page\" title=\"Page 9\">\n<div class=\"section\">\n<div class=\"layoutArea\">\n<div class=\"column\">\n<div class=\"page\" title=\"Page 9\">\n<div class=\"section\">\n<div class=\"layoutArea\">\n<div class=\"column\">\n<div class=\"page\" title=\"Page 9\">\n<div class=\"section\">\n<div class=\"layoutArea\">\n<div class=\"column\">\n<div class=\"page\" title=\"Page 9\">\n<div class=\"section\">\n<div class=\"layoutArea\">\n<div class=\"column\">\n<p><strong>Joel Dahlin (USA)<\/strong><br \/>\nNASA, Goddard Space Flight Center, USA<\/p>\n<p><strong>Sargam M. Mulay (India, <span style=\"color: #0000ff\">UK<\/span>)<\/strong><br \/>\nInter-University Centre for Astronomy and Astrophysics, India<span style=\"color: #0000ff\"> [now at School of Physics &amp; Astronomy, University of Glasgow, UK]<\/span><\/p>\n<\/div>\n<\/div>\n<\/div>\n<\/div>\n<\/div>\n<\/div>\n<\/div>\n<\/div>\n<\/div>\n<\/div>\n<\/div>\n<\/div>\n<\/div>\n<\/div>\n<\/div>\n<\/div>\n<\/div>\n<\/div>\n<\/div>\n<\/div>\n<\/div>\n<\/div>\n<\/div>\n<\/div>\n<\/div>\n<\/div>\n<\/div>\n<\/div>\n<\/div>\n<\/div>\n<\/div>\n<\/div>\n<\/div>\n<\/div>\n<\/div>\n<\/div>\n<\/div>\n<\/div>\n<\/div>\n<\/div>\n<\/div>\n<\/div>\n<\/div>\n<\/div>\n<\/div>\n<\/div>\n<\/div>\n<\/div>\n<p><span style=\"font-size: 14pt;color: #003366\"><strong>Self-supported experts:<\/strong><\/span><\/p>\n<div class=\"page\" title=\"Page 9\">\n<div class=\"section\">\n<div class=\"layoutArea\">\n<div class=\"column\">\n<p><strong>Gregory D. Fleishman (USA)<\/strong><br \/>\nCenter for Solar-Terrestrial Research, New Jersey Institute of Technology, USA<\/p>\n<p><strong>(John) Martin Laming (USA)<\/strong><br \/>\nNaval Research Laboratory, USA<\/p>\n<\/div>\n<\/div>\n<\/div>\n<\/div>\n<div class=\"page\" title=\"Page 9\">\n<div class=\"section\">\n<div class=\"layoutArea\">\n<div class=\"column\">\n<div class=\"page\" title=\"Page 9\">\n<div class=\"section\">\n<div class=\"layoutArea\">\n<div class=\"column\">\n<p><strong>Wei Liu (USA)<\/strong><br \/>\nLockheed Martin Solar and Astrophysics Laboratory, USA<\/p>\n<div class=\"page\" title=\"Page 10\">\n<div class=\"section\">\n<div class=\"layoutArea\">\n<div class=\"column\">\n<p><strong>Ilan Roth (USA)<\/strong><br \/>\nSpace Science Laboratory, University of California, USA<\/p>\n<\/div>\n<\/div>\n<\/div>\n<\/div>\n<\/div>\n<\/div>\n<\/div>\n<\/div>\n<\/div>\n<\/div>\n<\/div>\n<\/div>\n","protected":false},"excerpt":{"rendered":"<p>Team Members: Radoslav Bu\u010d\u00edk (Germany, USA) &#8211; Team Leader Institute for Astrophysics, University of G\u00f6ttingen &amp; Max Planck Institute for Solar System Research, Germany [now at Southwest Research Institute, USA] James F. Drake (USA)\u00a0&#8211; Team Co-Leader Institute for Physical Science &hellip; <a href=\"https:\/\/www.issibern.ch\/teams\/origin3henrgpart\/team\/\">Continue reading <span class=\"meta-nav\">&rarr;<\/span><\/a><\/p>\n","protected":false},"author":2,"featured_media":0,"parent":0,"menu_order":1,"comment_status":"closed","ping_status":"closed","template":"","meta":{"footnotes":""},"class_list":["post-27","page","type-page","status-publish","hentry"],"_links":{"self":[{"href":"https:\/\/www.issibern.ch\/teams\/origin3henrgpart\/wp-json\/wp\/v2\/pages\/27","targetHints":{"allow":["GET"]}}],"collection":[{"href":"https:\/\/www.issibern.ch\/teams\/origin3henrgpart\/wp-json\/wp\/v2\/pages"}],"about":[{"href":"https:\/\/www.issibern.ch\/teams\/origin3henrgpart\/wp-json\/wp\/v2\/types\/page"}],"author":[{"embeddable":true,"href":"https:\/\/www.issibern.ch\/teams\/origin3henrgpart\/wp-json\/wp\/v2\/users\/2"}],"replies":[{"embeddable":true,"href":"https:\/\/www.issibern.ch\/teams\/origin3henrgpart\/wp-json\/wp\/v2\/comments?post=27"}],"version-history":[{"count":0,"href":"https:\/\/www.issibern.ch\/teams\/origin3henrgpart\/wp-json\/wp\/v2\/pages\/27\/revisions"}],"wp:attachment":[{"href":"https:\/\/www.issibern.ch\/teams\/origin3henrgpart\/wp-json\/wp\/v2\/media?parent=27"}],"curies":[{"name":"wp","href":"https:\/\/api.w.org\/{rel}","templated":true}]}}