{"id":35,"date":"2017-08-11T13:29:38","date_gmt":"2017-08-11T11:29:38","guid":{"rendered":"http:\/\/www.issibern.ch\/teams\/physdustimpact\/?page_id=35"},"modified":"2017-08-11T13:29:38","modified_gmt":"2017-08-11T11:29:38","slug":"publications","status":"publish","type":"page","link":"https:\/\/www.issibern.ch\/teams\/physdustimpact\/publications\/","title":{"rendered":"Publications"},"content":{"rendered":"<p><b><a href=\"https:\/\/iopscience.iop.org\/article\/10.3847\/1538-4357\/abd6e7\">Detection of Dust Particles Using Faraday Cup Instruments<\/a>,\u00a0<\/b> <strong>The Astrophysical Journal<\/strong>,<span style=\"text-decoration: underline\"> Libor Nouz\u00e1k<\/span>, James, D., N\u011bme\u010dek, Z., \u0160afr\u00e1nkov\u00e1, J., <span style=\"text-decoration: underline\">Pavl\u016f, J.,<\/span> Nov\u00e1kov\u00e1, J., <span style=\"text-decoration: underline\">Vaverka, J., Sternovsky, Z.<\/span><\/p>\n<p><a href=\"https:\/\/agupubs.onlinelibrary.wiley.com\/doi\/full\/10.1029\/2019JA027245\"><b>Magnetic Field Effect on Antenna Signals Induced by Dust Particle Impacts<\/b><\/a> <strong>Journal of Geophysical Research: Space Physics, <\/strong><span style=\"text-decoration: underline\">Libor<\/span> <u>Nouz\u00e1k, <\/u><span style=\"text-decoration: underline\">Sternovsky, Z.,<\/span> Hor\u00e1nyi, M., Hsu, S., <span style=\"text-decoration: underline\">Pavl\u016f, J.,<\/span> Shen, M\u2010H., <span style=\"text-decoration: underline\">Ye, S\u2010Y.<\/span><\/p>\n<p class=\"citation__title\"><a href=\"https:\/\/doi.org\/10.1029\/2019GL084150\"><strong>Understanding Cassini RPWS Antenna Signals Triggered by Dust Impacts<\/strong>,<\/a>\u00a0<strong>Geophysical Research Letters,<\/strong>\u00a0<span style=\"text-decoration: underline\">S.\u2010Y. Ye<\/span>, <span style=\"text-decoration: underline\">J. Vaverka<\/span>, <span style=\"text-decoration: underline\">L. Nouzak<\/span>, <span style=\"text-decoration: underline\">Z. Sternovsky<\/span>, <span style=\"text-decoration: underline\">A. Zaslavsky<\/span>, <span style=\"text-decoration: underline\">J. Pavlu<\/span>, <span style=\"text-decoration: underline\">I. Mann<\/span>, H.\u2010W. Hsu, T. F. Averkamp, A. H. Sulaiman, D. Pisa, G. B. Hospodarsky, W. S. Kurth, M. Horanyi<\/p>\n<p><strong><a href=\"https:\/\/doi.org\/10.5194\/angeo-2019-94\">Dust observations with antenna measurements and its prospects for observations with Parker Solar Probe and Solar Orbiter<\/a>,\u00a0 Annales Geophysicae,\u00a0<\/strong><span style=\"text-decoration: underline\">Ingrid Mann<\/span>, <span style=\"text-decoration: underline\">Libor Nouz\u00e1k<\/span>, <span style=\"text-decoration: underline\">Jakub Vaverka<\/span>, <span style=\"text-decoration: underline\">Tarjei Antonsen<\/span>, <span style=\"text-decoration: underline\">\u00c5shild Fredriksen<\/span>, Karine Issautier, David Malaspina, Nicole Meyer-Vernet, <span style=\"text-decoration: underline\">Ji\u0159\u00ed Pavl\u016f<\/span>, <span style=\"text-decoration: underline\">Zoltan Sternovsky<\/span>, <span style=\"text-decoration: underline\">Joan Stude<\/span>, <span style=\"text-decoration: underline\">Shengyi Ye<\/span>, and <span style=\"text-decoration: underline\">Arnaud Zaslavsky<\/span><\/p>\n<p><strong><a href=\"https:\/\/doi.org\/10.1029\/2019JA027035\">One-year analysis of dust impact-like events onto the MMS spacecraft<\/a>,\u00a0Journal of Geophysical Research: Space Physics,\u00a0<\/strong><span style=\"text-decoration: underline\">Jakub Vaverka<\/span>, <span style=\"text-decoration: underline\">Ji\u0159\u00ed Pavl\u016f<\/span>, <span style=\"text-decoration: underline\">Libor Nouz\u00e1k<\/span>, Jana \u0160afr\u00e1nkov\u00e1, Zden\u011bk N\u011bme\u010dek, <span style=\"text-decoration: underline\">Ingrid Mann<\/span>, <span style=\"text-decoration: underline\">Shengyi Ye<\/span>, Per\u2010Arne Lindqvist<\/p>\n<p>&#8230;<\/p>\n","protected":false},"excerpt":{"rendered":"<p>Detection of Dust Particles Using Faraday Cup Instruments,\u00a0 The Astrophysical Journal, Libor Nouz\u00e1k, James, D., N\u011bme\u010dek, Z., \u0160afr\u00e1nkov\u00e1, J., Pavl\u016f, J., Nov\u00e1kov\u00e1, J., Vaverka, J., Sternovsky, Z. Magnetic Field Effect on Antenna Signals Induced by Dust Particle Impacts Journal of &hellip; <a href=\"https:\/\/www.issibern.ch\/teams\/physdustimpact\/publications\/\">Continue reading <span class=\"meta-nav\">&rarr;<\/span><\/a><\/p>\n","protected":false},"author":2,"featured_media":0,"parent":0,"menu_order":0,"comment_status":"closed","ping_status":"closed","template":"","meta":{"footnotes":""},"class_list":["post-35","page","type-page","status-publish","hentry"],"_links":{"self":[{"href":"https:\/\/www.issibern.ch\/teams\/physdustimpact\/wp-json\/wp\/v2\/pages\/35","targetHints":{"allow":["GET"]}}],"collection":[{"href":"https:\/\/www.issibern.ch\/teams\/physdustimpact\/wp-json\/wp\/v2\/pages"}],"about":[{"href":"https:\/\/www.issibern.ch\/teams\/physdustimpact\/wp-json\/wp\/v2\/types\/page"}],"author":[{"embeddable":true,"href":"https:\/\/www.issibern.ch\/teams\/physdustimpact\/wp-json\/wp\/v2\/users\/2"}],"replies":[{"embeddable":true,"href":"https:\/\/www.issibern.ch\/teams\/physdustimpact\/wp-json\/wp\/v2\/comments?post=35"}],"version-history":[{"count":0,"href":"https:\/\/www.issibern.ch\/teams\/physdustimpact\/wp-json\/wp\/v2\/pages\/35\/revisions"}],"wp:attachment":[{"href":"https:\/\/www.issibern.ch\/teams\/physdustimpact\/wp-json\/wp\/v2\/media?parent=35"}],"curies":[{"name":"wp","href":"https:\/\/api.w.org\/{rel}","templated":true}]}}