{"id":86,"date":"2014-01-10T17:50:00","date_gmt":"2014-01-10T17:50:00","guid":{"rendered":"http:\/\/www.issibern.ch\/teams\/plainsofmars\/?page_id=86"},"modified":"2014-01-10T17:50:00","modified_gmt":"2014-01-10T17:50:00","slug":"wroclaw-2014-reiss","status":"publish","type":"page","link":"https:\/\/www.issibern.ch\/teams\/plainsofmars\/publications\/abstracts\/wroclaw-2014-reiss\/","title":{"rendered":"Wroclaw 2014 (Reiss)"},"content":{"rendered":"<p>&nbsp;<\/p>\n<p lang=\"en-US\" style=\"margin-left: 0pt;margin-right: 0pt;margin-top: 0pt;margin-bottom: 10pt;font-family: Calibri;font-size: 10.0pt\">Martian Cryosphere Workshop |Wroz\u0142aw | 10-12 February 2014<\/p>\n<p lang=\"en-US\" style=\"margin-left: 0pt;margin-right: 0pt;margin-top: 0pt;margin-bottom: 10pt;font-family: Calibri;font-size: 11.0pt\"><span style=\"font-weight: bold\">Periglacial landforms in Acidalia Mensa and Colles <\/span><\/p>\n<p lang=\"en-US\" style=\"margin-left: 0pt;margin-right: 0pt;margin-top: 0pt;margin-bottom: 10pt;font-family: Calibri;font-size: 11.0pt\">D. Reiss<span style=\"vertical-align: super\">1<\/span>, Hauber, E., van Gasselt, S., Johnsson, A., Balme, M.R., Conway, S.J., Costard, F., Gallagher, C., Kereszturi, A., Platz, T., Ramsdale, J.D., S\u00e9journ\u00e9, A., Skinner, J.A., Jr., Swirad, Z.<\/p>\n<p style=\"margin-left: 0pt;margin-right: 0pt;margin-top: 0pt;margin-bottom: 10pt;font-family: Calibri;font-size: 11.0pt\"><span lang=\"de\" style=\"vertical-align: super\">1<\/span><span lang=\"de\">Institut f\u00fcr Planetologie, Westf\u00e4lische Wilhelms-Universit\u00e4t, Wilhelm-Klemm-Str. <\/span><span lang=\"en-US\">10, 48149 M\u00fcnster, Germany<\/span><\/p>\n<p lang=\"en-US\" style=\"margin-left: 0pt;margin-right: 0pt;margin-top: 0pt;margin-bottom: 10pt;font-family: Calibri;font-size: 11.0pt\">We mapped and analyzed periglacial landforms in Acidalia Mensa (45\u00b0-49\u00b0N\/331.5\u00b0-337.5\u00b0E) and Acidalia Colles (48\u00b0-53.5\u00b0N\/331.5\u00b0-341.5\u00b0E). The most common landforms in these regions are gullies and scalloped terrains. Preliminary analyses show that some gullies are related to a degraded dust-ice mantle indicating that they were probably formed by melting of its ice content. Gully orientations are limited towards equator-facing slopes in agreement to previous studies. Scalloped terrains in these regions are morphologically degraded in comparison to resembling landforms with a more pristine appearance in Utopia Planitia. This study is part of a larger project studying the periglacial history of the northern lowlands which is supported and convened by the International Space Science Institute (ISSI) in Bern.<\/p>\n","protected":false},"excerpt":{"rendered":"<p>&nbsp; Martian Cryosphere Workshop |Wroz\u0142aw | 10-12 February 2014 Periglacial landforms in Acidalia Mensa and Colles D. Reiss1, Hauber, E., van Gasselt, S., Johnsson, A., Balme, M.R., Conway, S.J., Costard, F., Gallagher, C., Kereszturi, A., Platz, T., Ramsdale, J.D., S\u00e9journ\u00e9, &hellip; <a href=\"https:\/\/www.issibern.ch\/teams\/plainsofmars\/publications\/abstracts\/wroclaw-2014-reiss\/\">Continue reading <span class=\"meta-nav\">&rarr;<\/span><\/a><\/p>\n","protected":false},"author":2,"featured_media":0,"parent":16,"menu_order":0,"comment_status":"open","ping_status":"closed","template":"","meta":{"footnotes":""},"class_list":["post-86","page","type-page","status-publish","hentry"],"_links":{"self":[{"href":"https:\/\/www.issibern.ch\/teams\/plainsofmars\/wp-json\/wp\/v2\/pages\/86","targetHints":{"allow":["GET"]}}],"collection":[{"href":"https:\/\/www.issibern.ch\/teams\/plainsofmars\/wp-json\/wp\/v2\/pages"}],"about":[{"href":"https:\/\/www.issibern.ch\/teams\/plainsofmars\/wp-json\/wp\/v2\/types\/page"}],"author":[{"embeddable":true,"href":"https:\/\/www.issibern.ch\/teams\/plainsofmars\/wp-json\/wp\/v2\/users\/2"}],"replies":[{"embeddable":true,"href":"https:\/\/www.issibern.ch\/teams\/plainsofmars\/wp-json\/wp\/v2\/comments?post=86"}],"version-history":[{"count":0,"href":"https:\/\/www.issibern.ch\/teams\/plainsofmars\/wp-json\/wp\/v2\/pages\/86\/revisions"}],"up":[{"embeddable":true,"href":"https:\/\/www.issibern.ch\/teams\/plainsofmars\/wp-json\/wp\/v2\/pages\/16"}],"wp:attachment":[{"href":"https:\/\/www.issibern.ch\/teams\/plainsofmars\/wp-json\/wp\/v2\/media?parent=86"}],"curies":[{"name":"wp","href":"https:\/\/api.w.org\/{rel}","templated":true}]}}