{"id":37,"date":"2019-02-10T19:52:23","date_gmt":"2019-02-10T17:52:23","guid":{"rendered":"http:\/\/www.issibern.ch\/teams\/probesunstar\/?page_id=37"},"modified":"2019-02-10T19:52:23","modified_gmt":"2019-02-10T17:52:23","slug":"publications","status":"publish","type":"page","link":"https:\/\/www.issibern.ch\/teams\/probesunstar\/publications\/","title":{"rendered":"Publications"},"content":{"rendered":"<p><span style=\"font-family: helvetica, arial, sans-serif\">Appourchaux, T., Boumier, P., Leibacher, J. W., and Corbard, T., 2018, &#8220;Searching for g modes. I. A new calibration of the GOLF instrument&#8221;, <em>Astronomy and Astrophysics<\/em>, <strong>617<\/strong>, A108<\/span><\/p>\n<p><span style=\"font-family: helvetica, arial, sans-serif\">Appourchaux, T. and Corbard, T., 2019, &#8220;Searching for g modes: Part II. Unconfirmed g-mode detection in the power spectrum of the time series of round-trip travel time.&#8221;,\u00a0<em>Astronomy and Astrophysics<\/em>, in press<\/span><\/p>\n<p><span style=\"font-family: helvetica, arial, sans-serif\">Appourchaux, T., 2014, &#8220;A crash course on data analysis in asteroseismology&#8221;, Asteroseismology, 123 <\/span><\/p>\n<p><span style=\"font-family: helvetica, arial, sans-serif\">Appourchaux, T. and Pall\u00e9, P.L., 2013, &#8220;The History of the g-mode Quest&#8221;, Fifty Years of Seismology of the Sun and Stars, 478, 125 <\/span><\/p>\n<p><span style=\"font-family: helvetica, arial, sans-serif\">Appourchaux, T., Belkacem, K., Broomhall, A.-M., Chaplin, W.J., Gough, D.O., Houdek, G., Provost, J., Baudin, F., Boumier, P., Elsworth, Y., Garcia, R.A., Andersen, B. N., Finsterle, W., Fr\u00f6hlich, C., Gabriel, A., Grec, G., Jim\u00e9nez, A., Kosovichev, A., Sekii, T., Toutain, T., and Turck-Chi\u00e8ze, S., 2010, &#8220;The quest for the solar g modes&#8221;, <em>Astronomy and Astrophysics Review<\/em>, <strong>18<\/strong>, 197<\/span><\/p>\n<p><span style=\"font-family: helvetica, arial, sans-serif\">Broomhall, A.-M., Chaplin, W.J., Elsworth, Y., Appourchaux, T., and New, R., 2010, &#8220;A comparison of frequentist and Bayesian inference: searching for low-frequency p modes and g modes in Sun-as-a-star data&#8221;, <em>Monthly Notices of the Royal Astronomical Society<\/em>, <strong>406<\/strong>, 767<\/span><\/p>\n<p><span style=\"font-family: helvetica, arial, sans-serif\">Lund, M.N., Chaplin, W.J., Hale, S.J., Davies, G.R., Elsworth, Y.P., and Howe, R., 2017, &#8220;Spatial incoherence of solar granulation: a global analysis using BiSON 2B data&#8221;, <em>Monthly Notices of the Royal Astronomical Society<\/em>, <strong>472<\/strong>, 3256<\/span><\/p>\n<p><span style=\"font-family: helvetica, arial, sans-serif\">Garcia, R.A., Turck-Chi\u00e8ze, S., Jim\u00e9nez-Reyes, S.J., Ballot, J., Pall\u00e9, P.L., Eff-Darwich, A., Mathur, S., and Provost, J., 2007, &#8220;Tracking Solar Gravity Modes: The Dynamics of the Solar Core&#8221;, <em>Science<\/em>, <strong>316<\/strong>, 1591<\/span><\/p>\n<p><span style=\"font-family: helvetica, arial, sans-serif\">Schunker, H., Schou, J., Gaulme, P., and Gizon, L., 2018, &#8220;Fragile Detection of Solar g-Modes by Fossat et al.&#8221;, <em>Solar Physics<\/em>, <strong>293<\/strong>, 95 <\/span><\/p>\n","protected":false},"excerpt":{"rendered":"<p>Appourchaux, T., Boumier, P., Leibacher, J. W., and Corbard, T., 2018, &#8220;Searching for g modes. I. A new calibration of the GOLF instrument&#8221;, Astronomy and Astrophysics, 617, A108 Appourchaux, T. and Corbard, T., 2019, &#8220;Searching for g modes: Part II. &hellip; <a href=\"https:\/\/www.issibern.ch\/teams\/probesunstar\/publications\/\">Continue reading <span class=\"meta-nav\">&rarr;<\/span><\/a><\/p>\n","protected":false},"author":2,"featured_media":0,"parent":0,"menu_order":0,"comment_status":"closed","ping_status":"closed","template":"","meta":{"footnotes":""},"class_list":["post-37","page","type-page","status-publish","hentry"],"_links":{"self":[{"href":"https:\/\/www.issibern.ch\/teams\/probesunstar\/wp-json\/wp\/v2\/pages\/37","targetHints":{"allow":["GET"]}}],"collection":[{"href":"https:\/\/www.issibern.ch\/teams\/probesunstar\/wp-json\/wp\/v2\/pages"}],"about":[{"href":"https:\/\/www.issibern.ch\/teams\/probesunstar\/wp-json\/wp\/v2\/types\/page"}],"author":[{"embeddable":true,"href":"https:\/\/www.issibern.ch\/teams\/probesunstar\/wp-json\/wp\/v2\/users\/2"}],"replies":[{"embeddable":true,"href":"https:\/\/www.issibern.ch\/teams\/probesunstar\/wp-json\/wp\/v2\/comments?post=37"}],"version-history":[{"count":0,"href":"https:\/\/www.issibern.ch\/teams\/probesunstar\/wp-json\/wp\/v2\/pages\/37\/revisions"}],"wp:attachment":[{"href":"https:\/\/www.issibern.ch\/teams\/probesunstar\/wp-json\/wp\/v2\/media?parent=37"}],"curies":[{"name":"wp","href":"https:\/\/api.w.org\/{rel}","templated":true}]}}