{"id":16,"date":"2015-08-04T17:25:00","date_gmt":"2015-08-04T15:25:00","guid":{"rendered":"http:\/\/www.issibern.ch\/teams\/psci\/?page_id=16"},"modified":"2015-08-04T17:25:00","modified_gmt":"2015-08-04T15:25:00","slug":"publications","status":"publish","type":"page","link":"https:\/\/www.issibern.ch\/teams\/psci\/publications\/","title":{"rendered":"Publications"},"content":{"rendered":"<p>Tritscher, I., Pitts, M. C., Poole, L. R., Alexander, S. P., Cairo, F., Chipperfield, M. P., et al.: Polar stratospheric clouds: Satellite observations, processes, and role in ozone depletion. <em>Reviews of Geophysics<\/em>, 59, e2020RG000702, https:\/\/doi.org\/10.1029\/2020RG000702, 2021.<\/p>\n<p>Snels, M., Colao, F., Cairo, F., Shuli, I., Scoccione, A., De Muro, M., Pitts, M., Poole, L., and Di Liberto, L.: Quasi-coincident observations of polar stratospheric clouds by ground-based lidar and CALIOP at Concordia (Dome C, Antarctica) from 2014 to 2018, <em>Atmos. Chem. Phys.<\/em>, 21, 2165\u20132178, https:\/\/doi.org\/10.5194\/acp-21-2165-2021, 2021.<\/p>\n<p>Snels, M., Scoccione, A., Di Liberto, L., Colao, F., Pitts, M., Poole, L., Deshler, T., Cairo, F., Cagnazzo, C., and Fierli, F.: Comparison of Antarctic polar stratospheric cloud observations by ground-based and space-borne lidar and relevance for chemistry\u2013climate models, <em>Atmos. Chem. Phys.<\/em>, 19, 955-972, https:\/\/doi.org\/10.5194\/acp-19-955-2019, 2019.<\/p>\n<p>Tritscher, I., Groo\u00df, J.-U., Spang, R., Pitts, M. C., Poole, L. R., M\u00fcller, R., and Riese, M.: Lagrangian simulation of ice particles and resulting dehydration in the polar winter stratosphere, <em>Atmos. Chem. Phys.<\/em>, 19, 543-563, https:\/\/doi.org\/10.5194\/acp-19-543-2019, 2019.<\/p>\n<p>H\u00f6pfner, M., Deshler, T., Pitts, M., Poole, L., Spang, R., Stiller, G., and von Clarmann, T.: The MIPAS\/Envisat climatology (2002\u20132012) of polar stratospheric cloud volume density profiles, <em>Atmos. Meas. Tech.<\/em>, 11, 5901-5923, https:\/\/doi.org\/10.5194\/amt-11-5901-2018, 2018.<\/p>\n<p>Pitts, M. C., Poole, L. R., and Gonzalez, R.: Polar stratospheric cloud climatology based on CALIPSO spaceborne lidar measurements from 2006 to 2017, <em>Atmos. Chem. Phys.<\/em>, 18, 10881-10913, https:\/\/doi.org\/10.5194\/acp-18-10881-2018, 2018.<\/p>\n<p>Groo\u00df, J.-U., M\u00fcller, R., Spang, R., Tritscher, I., Wegner, T., Chipperfield, M. P., Feng, W., Kinnison, D. E., and Madronich, S.: On the discrepancy of HCl processing in the core of the wintertime polar vortices, <em>Atmos. Chem. Phys.<\/em>, 18, 8647-8666, https:\/\/doi.org\/10.5194\/acp-18-8647-2018, 2018.<\/p>\n<p><span class=\"pb_toc_link\">Spang, R., Hoffmann, L., M\u00fcller, R., Groo\u00df, J.-U., Tritscher, I., H\u00f6pfner, M., Pitts, M., Orr, A., and Riese, M.: A climatology of polar stratospheric cloud composition between 2002 and 2012 based on MIPAS\/Envisat observations, <em>Atmos. Chem. Phys.<\/em>, 18, 5089-5113, https:\/\/doi.org\/10.5194\/acp-18-5089-2018, 2018. <\/span><\/p>\n<p><span class=\"pb_toc_link\">Spang, R., Hoffmann, L., H\u00f6pfner, M., Griessbach, S., M\u00fcller, R., Pitts, M. C., Orr, A. M. W., and Riese, M.: A multi-wavelength classification method for polar stratospheric cloud types using infrared limb spectra, <em>Atmos. Meas. Tech.<\/em>, 9, 3619-3639, doi:10.5194\/amt-9-3619-2016, 2016.<\/span><\/p>\n<p><span class=\"pb_toc_link\">Lambert, A., Santee, M. L., and Livesey, N. J.: Interannual variations of early winter Antarctic polar stratospheric cloud formation and nitric acid observed by CALIOP and MLS, <em>Atmos. Chem. Phys.<\/em>, 16, 15219-15246, doi:10.5194\/acp-16-15219-2016, 2016. <\/span><\/p>\n<p>&nbsp;<\/p>\n","protected":false},"excerpt":{"rendered":"<p>Tritscher, I., Pitts, M. C., Poole, L. R., Alexander, S. P., Cairo, F., Chipperfield, M. P., et al.: Polar stratospheric clouds: Satellite observations, processes, and role in ozone depletion. Reviews of Geophysics, 59, e2020RG000702, https:\/\/doi.org\/10.1029\/2020RG000702, 2021. Snels, M., Colao, F., &hellip; <a href=\"https:\/\/www.issibern.ch\/teams\/psci\/publications\/\">Continue reading <span class=\"meta-nav\">&rarr;<\/span><\/a><\/p>\n","protected":false},"author":2,"featured_media":0,"parent":0,"menu_order":0,"comment_status":"closed","ping_status":"closed","template":"","meta":{"footnotes":""},"class_list":["post-16","page","type-page","status-publish","hentry"],"_links":{"self":[{"href":"https:\/\/www.issibern.ch\/teams\/psci\/wp-json\/wp\/v2\/pages\/16","targetHints":{"allow":["GET"]}}],"collection":[{"href":"https:\/\/www.issibern.ch\/teams\/psci\/wp-json\/wp\/v2\/pages"}],"about":[{"href":"https:\/\/www.issibern.ch\/teams\/psci\/wp-json\/wp\/v2\/types\/page"}],"author":[{"embeddable":true,"href":"https:\/\/www.issibern.ch\/teams\/psci\/wp-json\/wp\/v2\/users\/2"}],"replies":[{"embeddable":true,"href":"https:\/\/www.issibern.ch\/teams\/psci\/wp-json\/wp\/v2\/comments?post=16"}],"version-history":[{"count":0,"href":"https:\/\/www.issibern.ch\/teams\/psci\/wp-json\/wp\/v2\/pages\/16\/revisions"}],"wp:attachment":[{"href":"https:\/\/www.issibern.ch\/teams\/psci\/wp-json\/wp\/v2\/media?parent=16"}],"curies":[{"name":"wp","href":"https:\/\/api.w.org\/{rel}","templated":true}]}}