{"id":16,"date":"2016-11-29T13:02:28","date_gmt":"2016-11-29T11:02:28","guid":{"rendered":"http:\/\/www.issibern.ch\/teams\/qualtoquant\/?page_id=16"},"modified":"2016-11-29T13:02:28","modified_gmt":"2016-11-29T11:02:28","slug":"participants","status":"publish","type":"page","link":"https:\/\/www.issibern.ch\/teams\/qualtoquant\/participants\/","title":{"rendered":"Participants"},"content":{"rendered":"<p>Dr. Kathrin Altwegg, Universit\u00e4t Bern, Switzerland<br \/>\nDr. Boncho Bonev, American University, USA<br \/>\nDr. Christelle Briois, Universit\u00e9 d&#8217;Orl\u00e9ans, France<br \/>\nDr. Cecilia Ceccarelli, Institute de Plan\u00e9tologie et d&#8217;Astrophysique de Grenoble, France<br \/>\nDr. Martin Cordiner, Catholic University of America &amp; Goddard Center for Astrobiology, USA<br \/>\nDr. Maria N. Drozdovskaya, Universit\u00e4t Bern, Switzerland<br \/>\nDr. Erika Gibb, University of Missouri at Saint Louis, USA<br \/>\nMs. Sarah Faggi, PhD student, INAF &#8211; Osservatorio Astrofisico di Arcetri and UNIVERSITA&#8217; DEGLI STUDI DI FIRENZE, Italy (young scientist)<br \/>\nDr. Cecile Favre, Institute de Plan\u00e9tologie et d&#8217;Astrophysique de Grenoble, France<br \/>\nDr. Kenji Furuya, University of Tsukuba, Japan (young scientist)<br \/>\nDr. Inga Kamp, University of Groningen, The Netherlands<br \/>\nDr. Thomas Millar, Queen\u2019s University Belfast, United Kingdom<br \/>\nDr. Christoph Mordasini, Universit\u00e4t Bern, Switzerland<br \/>\nDr. Dmitry Semenov, Max-Planck-Institut f\u00fcr Astronomie, Germany<br \/>\nDr. Neal Turner, Jet Propulsion Laboratory, Caltech, USA<br \/>\nDr. Catherine Walsh, Leiden Observatory, Leiden University, The Netherlands<br \/>\nDr. Karen Willacy, Jet Propulsion Laboratory, Caltech, USA<\/p>\n","protected":false},"excerpt":{"rendered":"<p>Dr. Kathrin Altwegg, Universit\u00e4t Bern, Switzerland Dr. Boncho Bonev, American University, USA Dr. Christelle Briois, Universit\u00e9 d&#8217;Orl\u00e9ans, France Dr. Cecilia Ceccarelli, Institute de Plan\u00e9tologie et d&#8217;Astrophysique de Grenoble, France Dr. Martin Cordiner, Catholic University of America &amp; Goddard Center for &hellip; <a href=\"https:\/\/www.issibern.ch\/teams\/qualtoquant\/participants\/\">Continue reading <span class=\"meta-nav\">&rarr;<\/span><\/a><\/p>\n","protected":false},"author":2,"featured_media":0,"parent":0,"menu_order":0,"comment_status":"closed","ping_status":"closed","template":"","meta":{"footnotes":""},"class_list":["post-16","page","type-page","status-publish","hentry"],"_links":{"self":[{"href":"https:\/\/www.issibern.ch\/teams\/qualtoquant\/wp-json\/wp\/v2\/pages\/16","targetHints":{"allow":["GET"]}}],"collection":[{"href":"https:\/\/www.issibern.ch\/teams\/qualtoquant\/wp-json\/wp\/v2\/pages"}],"about":[{"href":"https:\/\/www.issibern.ch\/teams\/qualtoquant\/wp-json\/wp\/v2\/types\/page"}],"author":[{"embeddable":true,"href":"https:\/\/www.issibern.ch\/teams\/qualtoquant\/wp-json\/wp\/v2\/users\/2"}],"replies":[{"embeddable":true,"href":"https:\/\/www.issibern.ch\/teams\/qualtoquant\/wp-json\/wp\/v2\/comments?post=16"}],"version-history":[{"count":0,"href":"https:\/\/www.issibern.ch\/teams\/qualtoquant\/wp-json\/wp\/v2\/pages\/16\/revisions"}],"wp:attachment":[{"href":"https:\/\/www.issibern.ch\/teams\/qualtoquant\/wp-json\/wp\/v2\/media?parent=16"}],"curies":[{"name":"wp","href":"https:\/\/api.w.org\/{rel}","templated":true}]}}