{"id":87,"date":"2014-08-22T22:47:26","date_gmt":"2014-08-22T22:47:26","guid":{"rendered":"http:\/\/www.issibern.ch\/teams\/scsolwind\/?page_id=87"},"modified":"2014-08-22T22:47:26","modified_gmt":"2014-08-22T22:47:26","slug":"publications","status":"publish","type":"page","link":"https:\/\/www.issibern.ch\/teams\/scsolwind\/publications\/","title":{"rendered":"Publications"},"content":{"rendered":"<p>These publications are acknowledged to the ISSI team 276 collaboration.<\/p>\n<ul>\n<li>\n<p class=\"western\" lang=\"cs-CZ\"><span style=\"font-family: Times,serif\"><span style=\"font-size: large\"><span lang=\"en-US\"><a href=\"http:\/\/adsabs.harvard.edu\/abs\/2015ApJ...809...50P\" target=\"_blank\" rel=\"noopener\">Phillips, K. J. H., Sylwester, B.; Sylwester, J.: 2015, The X-Ray Line Feature at 3.5 KeV in Galaxy Cluster Spectra, The Astrophysical Journal, Volume 809, Issue 1, article id. 50, 7 pp.<\/a><\/span><\/span><\/span><\/p>\n<\/li>\n<li>\n<p class=\"western\" lang=\"cs-CZ\"><span style=\"font-family: Times,serif\"><span style=\"font-size: large\"><span lang=\"en-US\"><a href=\"http:\/\/adsabs.harvard.edu\/abs\/2015SoPh..290.3545D\" target=\"_blank\" rel=\"noopener\">Dzif\u010d\u00e1kov\u00e1, E.; Dud\u00edk, J.: 2015, Ionisation Equilibrium for the Non-Maxwellian Electron n-Distributions in Solar Flares: Updated Calculations, Solar Physics, Volume 290, Issue 12, pp.3545-3558<\/a><\/span><\/span><\/span><\/p>\n<\/li>\n<li>\n<p class=\"western\" lang=\"cs-CZ\"><span style=\"font-family: Times,serif\"><span style=\"font-size: large\"><span lang=\"en-US\"><a href=\"http:\/\/adsabs.harvard.edu\/doi\/10.1007\/s11207-016-0848-7\" target=\"_blank\" rel=\"noopener\">Dzif\u010d\u00e1kov\u00e1, E.; Dud\u00edk, J.: 2016, Erratum to: Ionisation Equilibrium for the Non-Maxwellian Electron n-Distributions in Solar Flares: Updated Calculations, Solar Physics, Online First<\/a><\/span><\/span><\/span><\/p>\n<\/li>\n<li>\n<p class=\"western\" lang=\"cs-CZ\"><span style=\"font-family: Times,serif\"><span style=\"font-size: large\"><span lang=\"en-US\"><a href=\"http:\/\/adsabs.harvard.edu\/abs\/2015arXiv150504333D\" target=\"_blank\" rel=\"noopener\">Dud\u00edk, J.; Mackovjak, \u0160.; Dzif\u010d\u00e1kov\u00e1, E.; Del Zanna, G.; Williams, D. R.; Karlick\u00fd, M.; Mason, H. E.; L\u00f6rin\u010d\u00edk, J.; Kotr\u010d, P.; F\u00e1rn\u00edk, F.; Zemanov\u00e1, A.: 2015, Imaging and Spectroscopic Observations of a Transient Coronal Loop: Evidence for the Non-Maxwellian K Distributions, The Astrophysical Journal, Volume 807, Issue 2, article id. 123, 19 pp. <\/a><\/span><\/span><\/span><\/p>\n<\/li>\n<li>\n<p class=\"western\" lang=\"cs-CZ\"><span style=\"font-family: Times,serif\"><span style=\"font-size: large\"><span lang=\"en-US\"><a href=\"http:\/\/adsabs.harvard.edu\/abs\/2015ApJS..217...14D\" target=\"_blank\" rel=\"noopener\">Dzif\u010d\u00e1kov\u00e1, E.; Dud\u00edk, J.; Kotr\u010d, P.; F\u00e1rn\u00edk, F.; Zemanov\u00e1, A.: KAPPA: A Package for Synthesis of Optically Thin Spectra for the Non-Maxwellian \u03ba-distributions Based on the Chianti Database, The Astrophysical Journal Supplement Series, Volume 217, Issue 1, article id. 14, 14 pp. <\/a><\/span><\/span><\/span><\/p>\n<\/li>\n<li>\n<p class=\"western\" lang=\"cs-CZ\"><span style=\"font-family: Times,serif\"><span style=\"font-size: large\"><span lang=\"en-US\"><a href=\"http:\/\/adsabs.harvard.edu\/abs\/2014arXiv1408.0950D\" target=\"_blank\" rel=\"noopener\">Dud\u00edk, J.; Del Zanna, G.; Mason, H. E.; Dzif\u010d\u00e1kov\u00e1, E.: 2014, Signatures of the non-Maxwellian \u03ba-distributions in optically thin line spectra. I. Theory and synthetic Fe IX-XIII spectra, Astronomy &amp; Astrophysics, Volume 570, id.A124, 23 pp.<\/a><\/span><\/span><\/span><\/p>\n<\/li>\n<li>\n<p class=\"western\" lang=\"cs-CZ\"><span style=\"font-family: Times,serif\"><span style=\"font-size: large\"><span lang=\"en-US\"><a href=\"http:\/\/adsabs.harvard.edu\/abs\/2014ApJ...780L..12Dhttp:\/\/\" target=\"_blank\" rel=\"noopener\">Dud\u00edk, J.; Del Zanna, G.; Dzif\u010d\u00e1kov\u00e1, E.; Mason, H. E.; Golub, L.: 2014, Solar Transition Region Lines Observed by the Interface Region Imaging Spectrograph: Diagnostics for the O IV and Si IV Lines, The Astrophysical Journal Letters, Volume 780, Issue 1, article id. L12, 7 pp.<\/a><\/span><\/span><\/span><\/p>\n<\/li>\n<li>\n<p class=\"western\" lang=\"cs-CZ\"><span style=\"font-family: Times,serif\"><span style=\"font-size: large\"><span lang=\"en-US\"><a href=\"http:\/\/adsabs.harvard.edu\/abs\/2014A%26A...564A.130M\" target=\"_blank\" rel=\"noopener\">Mackovjak, \u0160., Dzif\u010d\u00e1kov\u00e1, E., Dud\u00edk, J.: 2014, Differential emission measure analysis of active region cores and quiet Sun for the non-Maxwellian \u03ba-distributions, Astronomy &amp; Astrophysics, Volume 564, id.A130, 12 pp.<\/a><\/span><\/span><\/span><\/p>\n<\/li>\n<\/ul>\n","protected":false},"excerpt":{"rendered":"<p>These publications are acknowledged to the ISSI team 276 collaboration. Phillips, K. J. H., Sylwester, B.; Sylwester, J.: 2015, The X-Ray Line Feature at 3.5 KeV in Galaxy Cluster Spectra, The Astrophysical Journal, Volume 809, Issue 1, article id. 50, &hellip; <a href=\"https:\/\/www.issibern.ch\/teams\/scsolwind\/publications\/\">Continue reading <span class=\"meta-nav\">&rarr;<\/span><\/a><\/p>\n","protected":false},"author":2,"featured_media":0,"parent":0,"menu_order":0,"comment_status":"closed","ping_status":"closed","template":"","meta":{"footnotes":""},"class_list":["post-87","page","type-page","status-publish","hentry"],"_links":{"self":[{"href":"https:\/\/www.issibern.ch\/teams\/scsolwind\/wp-json\/wp\/v2\/pages\/87","targetHints":{"allow":["GET"]}}],"collection":[{"href":"https:\/\/www.issibern.ch\/teams\/scsolwind\/wp-json\/wp\/v2\/pages"}],"about":[{"href":"https:\/\/www.issibern.ch\/teams\/scsolwind\/wp-json\/wp\/v2\/types\/page"}],"author":[{"embeddable":true,"href":"https:\/\/www.issibern.ch\/teams\/scsolwind\/wp-json\/wp\/v2\/users\/2"}],"replies":[{"embeddable":true,"href":"https:\/\/www.issibern.ch\/teams\/scsolwind\/wp-json\/wp\/v2\/comments?post=87"}],"version-history":[{"count":0,"href":"https:\/\/www.issibern.ch\/teams\/scsolwind\/wp-json\/wp\/v2\/pages\/87\/revisions"}],"wp:attachment":[{"href":"https:\/\/www.issibern.ch\/teams\/scsolwind\/wp-json\/wp\/v2\/media?parent=87"}],"curies":[{"name":"wp","href":"https:\/\/api.w.org\/{rel}","templated":true}]}}