{"id":10,"date":"2017-06-07T17:22:04","date_gmt":"2017-06-07T15:22:04","guid":{"rendered":"http:\/\/www.issibern.ch\/teams\/sofar\/?page_id=10"},"modified":"2017-06-07T17:22:04","modified_gmt":"2017-06-07T15:22:04","slug":"members-of-the-team","status":"publish","type":"page","link":"https:\/\/www.issibern.ch\/teams\/sofar\/members-of-the-team\/","title":{"rendered":"Members of the Team"},"content":{"rendered":"<div id=\"attachment_50\" style=\"width: 310px\" class=\"wp-caption aligncenter\"><a href=\"https:\/\/www.issibern.ch\/teams\/sofar\/wp-content\/uploads\/sites\/112\/2017\/06\/DU3TNnAWsAAw9Rt.jpglarge.jpeg\"><img loading=\"lazy\" decoding=\"async\" aria-describedby=\"caption-attachment-50\" class=\"size-medium wp-image-50\" src=\"http:\/\/www.issibern.ch\/teams\/sofar\/wp-content\/uploads\/2017\/06\/DU3TNnAWsAAw9Rt.jpglarge-300x199.jpeg\" alt=\"\" width=\"300\" height=\"199\" srcset=\"https:\/\/www.issibern.ch\/teams\/sofar\/wp-content\/uploads\/sites\/112\/2017\/06\/DU3TNnAWsAAw9Rt.jpglarge-300x199.jpeg 300w, https:\/\/www.issibern.ch\/teams\/sofar\/wp-content\/uploads\/sites\/112\/2017\/06\/DU3TNnAWsAAw9Rt.jpglarge-1024x678.jpeg 1024w, https:\/\/www.issibern.ch\/teams\/sofar\/wp-content\/uploads\/sites\/112\/2017\/06\/DU3TNnAWsAAw9Rt.jpglarge-768x508.jpeg 768w, https:\/\/www.issibern.ch\/teams\/sofar\/wp-content\/uploads\/sites\/112\/2017\/06\/DU3TNnAWsAAw9Rt.jpglarge-1536x1017.jpeg 1536w, https:\/\/www.issibern.ch\/teams\/sofar\/wp-content\/uploads\/sites\/112\/2017\/06\/DU3TNnAWsAAw9Rt.jpglarge-453x300.jpeg 453w, https:\/\/www.issibern.ch\/teams\/sofar\/wp-content\/uploads\/sites\/112\/2017\/06\/DU3TNnAWsAAw9Rt.jpglarge.jpeg 1962w\" sizes=\"auto, (max-width: 300px) 100vw, 300px\" \/><\/a><p id=\"caption-attachment-50\" class=\"wp-caption-text\">1st SoFAR meeting, 29.01-02.02.2018<\/p><\/div>\n<h2>Team members<\/h2>\n<table>\n<tbody>\n<tr>\n<td style=\"width: 428px\">J\u00e9r\u00f4me Ballot\u00a0\u2013 Team leader<\/td>\n<td style=\"width: 428px\">IRAP<\/td>\n<td style=\"width: 136px\">France<\/td>\n<\/tr>\n<tr>\n<td style=\"width: 428px\">Victoria Antoci<\/td>\n<td style=\"width: 428px\">SAC<\/td>\n<td style=\"width: 136px\">Danmark<\/td>\n<\/tr>\n<tr>\n<td style=\"width: 428px\">Zs\u00f3fia Bogn\u00e1r<\/td>\n<td style=\"width: 428px\">Konkoly Observatory<\/td>\n<td style=\"width: 136px\">Hungary<\/td>\n<\/tr>\n<tr>\n<td style=\"width: 428px\">Antonio Garc\u00eda Hern\u00e1ndez<\/td>\n<td style=\"width: 428px\">Univ. Granada<\/td>\n<td style=\"width: 136px\">Spain<\/td>\n<\/tr>\n<tr>\n<td style=\"width: 428px\">Fran\u00e7ois Ligni\u00e8res<\/td>\n<td style=\"width: 428px\">IRAP<\/td>\n<td style=\"width: 136px\">France<\/td>\n<\/tr>\n<tr>\n<td style=\"width: 428px\">Eric Michel<\/td>\n<td style=\"width: 428px\">LESIA<\/td>\n<td style=\"width: 136px\">France<\/td>\n<\/tr>\n<tr>\n<td style=\"width: 428px\">Rhita Maria Ouazzani<\/td>\n<td style=\"width: 428px\">LESIA<\/td>\n<td style=\"width: 136px\">France<\/td>\n<\/tr>\n<tr>\n<td style=\"width: 428px\">Margit Papar\u00f3<\/td>\n<td style=\"width: 428px\">Konkoly Observatory<\/td>\n<td style=\"width: 136px\">Hungary<\/td>\n<\/tr>\n<tr>\n<td style=\"width: 428px\">Vincent Prat<\/td>\n<td style=\"width: 428px\">CEA<\/td>\n<td style=\"width: 136px\">France<\/td>\n<\/tr>\n<tr>\n<td style=\"width: 428px\">Daniel R. Reese<\/td>\n<td style=\"width: 428px\">LESIA<\/td>\n<td style=\"width: 136px\">France<\/td>\n<\/tr>\n<tr>\n<td style=\"width: 428px\">Michel Rieutord<\/td>\n<td style=\"width: 428px\">IRAP<\/td>\n<td style=\"width: 136px\">France<\/td>\n<\/tr>\n<tr>\n<td style=\"width: 428px\">\u00c1d\u00e1m S\u00f3d\u00f3r<\/td>\n<td style=\"width: 428px\">Konkoly Observatory<\/td>\n<td style=\"width: 136px\">Hungary<\/td>\n<\/tr>\n<tr>\n<td style=\"width: 428px\">Juan Carlos Su\u00e1rez<\/td>\n<td style=\"width: 428px\">Univ. Granada<\/td>\n<td style=\"width: 136px\">Spain<\/td>\n<\/tr>\n<\/tbody>\n<\/table>\n<h2>Young Scientists<\/h2>\n<table>\n<tbody>\n<tr>\n<td style=\"width: 428px\">Steven Christophe<\/td>\n<td style=\"width: 428px\">LESIA<\/td>\n<td style=\"width: 136px\">France<\/td>\n<\/tr>\n<tr>\n<td style=\"width: 428px\">Giovanni Mirouh<\/td>\n<td style=\"width: 428px\">U. Surrey<\/td>\n<td style=\"width: 136px\">UK<\/td>\n<\/tr>\n<\/tbody>\n<\/table>\n<h2>Invited members<\/h2>\n<table>\n<tbody>\n<tr>\n<td style=\"width: 428px\">Benjamin Evano<\/td>\n<td style=\"width: 428px\">IRAP<\/td>\n<td style=\"width: 136px\">France<\/td>\n<\/tr>\n<tr>\n<td style=\"width: 428px\">Javier Pascual Granado<\/td>\n<td style=\"width: 428px\">IAA<\/td>\n<td style=\"width: 136px\">Spain<\/td>\n<\/tr>\n<tr>\n<td style=\"width: 428px\">S\u00e9bastien Salmon<\/td>\n<td style=\"width: 428px\">Universit\u00e9 de Li\u00e8ge<\/td>\n<td style=\"width: 136px\">Belgium<\/td>\n<\/tr>\n<\/tbody>\n<\/table>\n","protected":false},"excerpt":{"rendered":"<p>Team members J\u00e9r\u00f4me Ballot\u00a0\u2013 Team leader IRAP France Victoria Antoci SAC Danmark Zs\u00f3fia Bogn\u00e1r Konkoly Observatory Hungary Antonio Garc\u00eda Hern\u00e1ndez Univ. Granada Spain Fran\u00e7ois Ligni\u00e8res IRAP France Eric Michel LESIA France Rhita Maria Ouazzani LESIA France Margit Papar\u00f3 Konkoly Observatory &hellip; <a href=\"https:\/\/www.issibern.ch\/teams\/sofar\/members-of-the-team\/\">Continue reading <span class=\"meta-nav\">&rarr;<\/span><\/a><\/p>\n","protected":false},"author":2,"featured_media":0,"parent":0,"menu_order":0,"comment_status":"closed","ping_status":"closed","template":"","meta":{"footnotes":""},"class_list":["post-10","page","type-page","status-publish","hentry"],"_links":{"self":[{"href":"https:\/\/www.issibern.ch\/teams\/sofar\/wp-json\/wp\/v2\/pages\/10","targetHints":{"allow":["GET"]}}],"collection":[{"href":"https:\/\/www.issibern.ch\/teams\/sofar\/wp-json\/wp\/v2\/pages"}],"about":[{"href":"https:\/\/www.issibern.ch\/teams\/sofar\/wp-json\/wp\/v2\/types\/page"}],"author":[{"embeddable":true,"href":"https:\/\/www.issibern.ch\/teams\/sofar\/wp-json\/wp\/v2\/users\/2"}],"replies":[{"embeddable":true,"href":"https:\/\/www.issibern.ch\/teams\/sofar\/wp-json\/wp\/v2\/comments?post=10"}],"version-history":[{"count":0,"href":"https:\/\/www.issibern.ch\/teams\/sofar\/wp-json\/wp\/v2\/pages\/10\/revisions"}],"wp:attachment":[{"href":"https:\/\/www.issibern.ch\/teams\/sofar\/wp-json\/wp\/v2\/media?parent=10"}],"curies":[{"name":"wp","href":"https:\/\/api.w.org\/{rel}","templated":true}]}}