{"id":23,"date":"2017-06-08T12:18:10","date_gmt":"2017-06-08T10:18:10","guid":{"rendered":"http:\/\/www.issibern.ch\/teams\/sofar\/?page_id=23"},"modified":"2017-06-08T12:18:10","modified_gmt":"2017-06-08T10:18:10","slug":"publications","status":"publish","type":"page","link":"https:\/\/www.issibern.ch\/teams\/sofar\/publications\/","title":{"rendered":"Publications"},"content":{"rendered":"<h1>SoFAR Publications in Refereed Journals<\/h1>\n<ul>\n<li><strong>Papar\u00f3, M.,<\/strong> Koll\u00e1th, Z., Shobbrook, R. R., Matthews, J. M., <strong>Antoci, V.,<\/strong> Benk\u0151, J. M., Park, N.-K., Mirtorabi, M. T., Luedeke, K., Kusakin, A., <strong>Bogn\u00e1r, Zs.,<\/strong> <strong>S\u00f3dor, \u00c1.,<\/strong> <strong>Garc\u00eda-Hern\u00e1ndez, A.<\/strong>, Pe\u00f1a, J. H., Kuschnig, R., Moffat, A. F. J., Rowe, J., Rucinski, S. M., Sasselov, D. &amp; Weiss, W. W. (2018) <em>The Delta Scuti star 38 Eri from the ground and from space<\/em>, MNRAS 477, 4362 [<a href=\"http:\/\/cdsads.u-strasbg.fr\/abs\/2018MNRAS.477.4362P\">ADS<\/a>]<\/li>\n<li><strong>Prat, V.<\/strong>, Mathis, S., Augustson, K., <strong>Ligni\u00e8res, F.<\/strong>, <strong>Ballot, J.<\/strong>, Alvan, L. &amp; Brun, A. S. (2018)<em> Asymptotic theory of gravity modes in rotating stars. II. Impact of general differential rotation<\/em>, A&amp;A 615, A106 [<a href=\"http:\/\/cdsads.u-strasbg.fr\/abs\/2018A%26A...615A.106P\">ADS<\/a>]<\/li>\n<li><strong>Christophe, S., Ballot, J., Ouazzani, R.-M., Antoci, V. &amp; Salmon, S. J. A. J. <\/strong>(2018) <em>Deciphering the oscillation spectrum of \u03b3 Doradus and SPB stars<\/em>, A&amp;A 618, A47 [<a href=\"http:\/\/cdsads.u-strasbg.fr\/abs\/2018A%26A...618A..47C\">ADS<\/a>]<\/li>\n<li><strong>Mirouh, G. M.<\/strong>, Angelou, G. C., <strong>Reese, D. R.<\/strong> &amp; Costa, G. (2019) <em>Mode Classification in Fast-Rotating Stars using a Convolutional Neural Network: Model-Based Regular Patterns in \u03b4 Scuti Stars<\/em>, MNRAS 483, L28 [<a href=\"http:\/\/cdsads.u-strasbg.fr\/doi\/10.1093\/mnrasl\/sly212\">ADS<\/a>]<\/li>\n<li><strong>Ouazzani, R. -M.<\/strong>, Marques, J. P., Goupil, M. -J., <strong>Christophe, S.<\/strong>, <strong>Antoci, V.<\/strong>, <strong>Salmon, S. J. A. J.<\/strong>, <strong>Ballot, J.<\/strong> (2019) <em>\u03b3 Doradus stars as a test of angular momentum transport models<\/em>, A&amp;A 626, A121 [<a href=\"https:\/\/ui.adsabs.harvard.edu\/abs\/2019A&amp;A...626A.121O\/abstract\">ADS<\/a>]<\/li>\n<li><strong>Prat, V.<\/strong>, Mathis, S., Buysschaert, B., Van Beeck, J., Bowman, D. M., Aerts, C., Neiner, C. (2019) <em>Period spacings of gravity modes in rapidly rotating magnetic stars. I. Axisymmetric fossil field with poloidal and toroidal components<\/em>, A&amp;A 627, A64 [<a href=\"https:\/\/ui.adsabs.harvard.edu\/abs\/2019A&amp;A...627A..64P\/abstract\">ADS<\/a>]<\/li>\n<\/ul>\n<h1>Presentation of SoFAR team<\/h1>\n<ul>\n<li>Presentation of the team during the KASC10 Conference in Birmingham (16-21 July 2017): <a href=\"https:\/\/www.issibern.ch\/teams\/sofar\/wp-content\/uploads\/sites\/112\/2017\/07\/SoFar.pdf\">SoFAR presentation [pdf]<\/a><\/li>\n<\/ul>\n","protected":false},"excerpt":{"rendered":"<p>SoFAR Publications in Refereed Journals Papar\u00f3, M., Koll\u00e1th, Z., Shobbrook, R. R., Matthews, J. M., Antoci, V., Benk\u0151, J. M., Park, N.-K., Mirtorabi, M. T., Luedeke, K., Kusakin, A., Bogn\u00e1r, Zs., S\u00f3dor, \u00c1., Garc\u00eda-Hern\u00e1ndez, A., Pe\u00f1a, J. H., Kuschnig, R., &hellip; <a href=\"https:\/\/www.issibern.ch\/teams\/sofar\/publications\/\">Continue reading <span class=\"meta-nav\">&rarr;<\/span><\/a><\/p>\n","protected":false},"author":2,"featured_media":0,"parent":0,"menu_order":0,"comment_status":"closed","ping_status":"closed","template":"","meta":{"footnotes":""},"class_list":["post-23","page","type-page","status-publish","hentry"],"_links":{"self":[{"href":"https:\/\/www.issibern.ch\/teams\/sofar\/wp-json\/wp\/v2\/pages\/23","targetHints":{"allow":["GET"]}}],"collection":[{"href":"https:\/\/www.issibern.ch\/teams\/sofar\/wp-json\/wp\/v2\/pages"}],"about":[{"href":"https:\/\/www.issibern.ch\/teams\/sofar\/wp-json\/wp\/v2\/types\/page"}],"author":[{"embeddable":true,"href":"https:\/\/www.issibern.ch\/teams\/sofar\/wp-json\/wp\/v2\/users\/2"}],"replies":[{"embeddable":true,"href":"https:\/\/www.issibern.ch\/teams\/sofar\/wp-json\/wp\/v2\/comments?post=23"}],"version-history":[{"count":0,"href":"https:\/\/www.issibern.ch\/teams\/sofar\/wp-json\/wp\/v2\/pages\/23\/revisions"}],"wp:attachment":[{"href":"https:\/\/www.issibern.ch\/teams\/sofar\/wp-json\/wp\/v2\/media?parent=23"}],"curies":[{"name":"wp","href":"https:\/\/api.w.org\/{rel}","templated":true}]}}