{"id":112,"date":"2015-04-22T13:44:06","date_gmt":"2015-04-22T11:44:06","guid":{"rendered":"http:\/\/www.issibern.ch\/teams\/solactclimmodel\/?page_id=4"},"modified":"2015-04-22T13:44:06","modified_gmt":"2015-04-22T11:44:06","slug":"team-members","status":"publish","type":"page","link":"https:\/\/www.issibern.ch\/teams\/solactclimmodel\/team-members\/","title":{"rendered":"Team members"},"content":{"rendered":"<p>The 9 members of this team are<\/p>\n<div class=\"page\" title=\"Page 5\">\n<div class=\"section\">\n<div class=\"layoutArea\">\n<div class=\"column\">\n<p>Luke BARNARD (University of Reading, UK)<br \/>\nJ\u00fcrg BEER (EAWAG, D\u00fcbendorf, Switzerland)<br \/>\nPaul CHARBONNEAU (University of Montreal, Canada)<br \/>\nThierry DUDOK DE WIT (University of Orl\u00e9ans, France)<br \/>\nBernd FUNKE (Inst. de Astrof\u00edsica de Andaluc\u00eda, Spain)<br \/>\nKatja MATTHES (GEOMAR, Kiel, Germany)<br \/>\nAmanda MAYCOCK (University of Cambridge, UK)<br \/>\nAdam SCAIFE (MetOffice, Exeter, UK)<br \/>\nIlya USOSKIN (University of Oulu, Finland)<\/p>\n<\/div>\n<\/div>\n<\/div>\n<\/div>\n","protected":false},"excerpt":{"rendered":"<p>The 9 members of this team are Luke BARNARD (University of Reading, UK) J\u00fcrg BEER (EAWAG, D\u00fcbendorf, Switzerland) Paul CHARBONNEAU (University of Montreal, Canada) Thierry DUDOK DE WIT (University of Orl\u00e9ans, France) Bernd FUNKE (Inst. de Astrof\u00edsica de Andaluc\u00eda, Spain) &hellip; <a href=\"https:\/\/www.issibern.ch\/teams\/solactclimmodel\/team-members\/\">Continue reading <span class=\"meta-nav\">&rarr;<\/span><\/a><\/p>\n","protected":false},"author":2,"featured_media":0,"parent":0,"menu_order":0,"comment_status":"closed","ping_status":"closed","template":"","meta":{"footnotes":""},"class_list":["post-112","page","type-page","status-publish","hentry"],"_links":{"self":[{"href":"https:\/\/www.issibern.ch\/teams\/solactclimmodel\/wp-json\/wp\/v2\/pages\/112","targetHints":{"allow":["GET"]}}],"collection":[{"href":"https:\/\/www.issibern.ch\/teams\/solactclimmodel\/wp-json\/wp\/v2\/pages"}],"about":[{"href":"https:\/\/www.issibern.ch\/teams\/solactclimmodel\/wp-json\/wp\/v2\/types\/page"}],"author":[{"embeddable":true,"href":"https:\/\/www.issibern.ch\/teams\/solactclimmodel\/wp-json\/wp\/v2\/users\/2"}],"replies":[{"embeddable":true,"href":"https:\/\/www.issibern.ch\/teams\/solactclimmodel\/wp-json\/wp\/v2\/comments?post=112"}],"version-history":[{"count":0,"href":"https:\/\/www.issibern.ch\/teams\/solactclimmodel\/wp-json\/wp\/v2\/pages\/112\/revisions"}],"wp:attachment":[{"href":"https:\/\/www.issibern.ch\/teams\/solactclimmodel\/wp-json\/wp\/v2\/media?parent=112"}],"curies":[{"name":"wp","href":"https:\/\/api.w.org\/{rel}","templated":true}]}}