{"id":23,"date":"2016-04-27T18:00:22","date_gmt":"2016-04-27T16:00:22","guid":{"rendered":"http:\/\/www.issibern.ch\/teams\/solarwindinfluence\/?page_id=23"},"modified":"2016-04-27T18:00:22","modified_gmt":"2016-04-27T16:00:22","slug":"team-members","status":"publish","type":"page","link":"https:\/\/www.issibern.ch\/teams\/solarwindinfluence\/team-members\/","title":{"rendered":""},"content":{"rendered":"<p><img loading=\"lazy\" decoding=\"async\" class=\"alignnone size-large wp-image-22\" src=\"http:\/\/www.issibern.ch\/teams\/solarwindinfluence\/wp-content\/uploads\/2016\/04\/vogt_masters_team-1024x836.jpg\" alt=\"vogt_masters_team\" width=\"584\" height=\"477\" srcset=\"https:\/\/www.issibern.ch\/teams\/solarwindinfluence\/wp-content\/uploads\/sites\/56\/2016\/04\/vogt_masters_team-1024x836.jpg 1024w, https:\/\/www.issibern.ch\/teams\/solarwindinfluence\/wp-content\/uploads\/sites\/56\/2016\/04\/vogt_masters_team-300x245.jpg 300w, https:\/\/www.issibern.ch\/teams\/solarwindinfluence\/wp-content\/uploads\/sites\/56\/2016\/04\/vogt_masters_team-768x627.jpg 768w, https:\/\/www.issibern.ch\/teams\/solarwindinfluence\/wp-content\/uploads\/sites\/56\/2016\/04\/vogt_masters_team-1536x1254.jpg 1536w, https:\/\/www.issibern.ch\/teams\/solarwindinfluence\/wp-content\/uploads\/sites\/56\/2016\/04\/vogt_masters_team-2048x1672.jpg 2048w, https:\/\/www.issibern.ch\/teams\/solarwindinfluence\/wp-content\/uploads\/sites\/56\/2016\/04\/vogt_masters_team-368x300.jpg 368w\" sizes=\"auto, (max-width: 584px) 100vw, 584px\" \/><\/p>\n<p>Team Members<\/p>\n<ul>\n<li><a href=\"http:\/\/sites.bu.edu\/marissavogt\/\">Marissa Vogt\u2028<\/a>* &#8211; Boston University, USA<\/li>\n<li>Adam Masters* &#8211; Imperial College, UK<\/li>\n<li><a href=\"http:\/\/www.lancaster.ac.uk\/physics\/about-us\/people\/sarah-badman\">Sarah Badman<\/a> &#8211;\u00a0Lancaster University, UK<\/li>\n<li><a href=\"https:\/\/www.ulg.ac.be\/cms\/c_3578142\/en\/bertrand-bonfond\">Bertrand Bonfond<\/a> &#8211;\u00a0Universit\u00e9 de Li\u00e8ge, Belgium<\/li>\n<li>Emmanuel Chan\u00e9 &#8211; Katholieke Universiteit Leuven, Belgium<\/li>\n<li><a href=\"http:\/\/www2.gi.alaska.edu\/~pdelamere\/Delamere_GIUAF\/Home.html\">Peter Delamere<\/a> &#8211;\u00a0University of Alaska Fairbanks, USA<\/li>\n<li>Hiroshi Hasegawa &#8211;\u00a0JAXA, Japan<\/li>\n<li><a href=\"http:\/\/www2.le.ac.uk\/departments\/physics\/people\/suzanneimber\">Suzie Imber<\/a> &#8211;\u00a0University of Leicester, UK<\/li>\n<li>Elena Kronberg &#8211;\u00a0Max-Planck-Institut f\u00fcr Sonnensystemforschung, Germany<\/li>\n<li><a href=\"http:\/\/www.egu.eu\/awards-medals\/arne-richter\/2012\/aikaterini-radioti\/\">Aikaterini Radioti<\/a> &#8211;\u00a0Universit\u00e9 de Li\u00e8ge, Belgium<\/li>\n<li>Chihiro Tao &#8211;\u00a0National Institute of Information and Communications Technology (NICT), Japan<\/li>\n<li>Michelle Thomsen &#8211; Planetary Science Institute, USA<\/li>\n<li>William Dunn** &#8211; Mullard Space Science Laboratory, University College London, UK<\/li>\n<li><a href=\"http:\/\/www.southampton.ac.uk\/~as33g10\/\">Andy Smith<\/a>** &#8211; University of Southampton, UK<\/li>\n<\/ul>\n<p>*team leaders<br \/>\n**young scientists<\/p>\n","protected":false},"excerpt":{"rendered":"<p>Team Members Marissa Vogt\u2028* &#8211; Boston University, USA Adam Masters* &#8211; Imperial College, UK Sarah Badman &#8211;\u00a0Lancaster University, UK Bertrand Bonfond &#8211;\u00a0Universit\u00e9 de Li\u00e8ge, Belgium Emmanuel Chan\u00e9 &#8211; Katholieke Universiteit Leuven, Belgium Peter Delamere &#8211;\u00a0University of Alaska Fairbanks, USA Hiroshi &hellip; <a href=\"https:\/\/www.issibern.ch\/teams\/solarwindinfluence\/team-members\/\">Continue reading <span class=\"meta-nav\">&rarr;<\/span><\/a><\/p>\n","protected":false},"author":2,"featured_media":0,"parent":0,"menu_order":0,"comment_status":"closed","ping_status":"closed","template":"","meta":{"footnotes":""},"class_list":["post-23","page","type-page","status-publish","hentry"],"_links":{"self":[{"href":"https:\/\/www.issibern.ch\/teams\/solarwindinfluence\/wp-json\/wp\/v2\/pages\/23","targetHints":{"allow":["GET"]}}],"collection":[{"href":"https:\/\/www.issibern.ch\/teams\/solarwindinfluence\/wp-json\/wp\/v2\/pages"}],"about":[{"href":"https:\/\/www.issibern.ch\/teams\/solarwindinfluence\/wp-json\/wp\/v2\/types\/page"}],"author":[{"embeddable":true,"href":"https:\/\/www.issibern.ch\/teams\/solarwindinfluence\/wp-json\/wp\/v2\/users\/2"}],"replies":[{"embeddable":true,"href":"https:\/\/www.issibern.ch\/teams\/solarwindinfluence\/wp-json\/wp\/v2\/comments?post=23"}],"version-history":[{"count":0,"href":"https:\/\/www.issibern.ch\/teams\/solarwindinfluence\/wp-json\/wp\/v2\/pages\/23\/revisions"}],"wp:attachment":[{"href":"https:\/\/www.issibern.ch\/teams\/solarwindinfluence\/wp-json\/wp\/v2\/media?parent=23"}],"curies":[{"name":"wp","href":"https:\/\/api.w.org\/{rel}","templated":true}]}}