{"id":8,"date":"2017-06-23T12:13:51","date_gmt":"2017-06-23T10:13:51","guid":{"rendered":"http:\/\/www.issibern.ch\/teams\/spacetimemetrology\/?page_id=8"},"modified":"2017-06-23T12:13:51","modified_gmt":"2017-06-23T10:13:51","slug":"team","status":"publish","type":"page","link":"https:\/\/www.issibern.ch\/teams\/spacetimemetrology\/team\/","title":{"rendered":"Scientific Team"},"content":{"rendered":"<h2 style=\"text-align: right\"><\/h2>\n\n<p style=\"text-align: left\"><strong><em>First row (left to right):<\/em><\/strong>\u00a0 \u00a0 \u00a0 \u00a0Leonid Lipatnikov, Stephan Schiller, Olga Kichakova<\/p>\n<p style=\"text-align: left\"><strong><em>Second row (left to right):<\/em> <\/strong>Andrew Ludlow, Hu Wu, Christian Lisdat, Helen Margolis,\u00a0 \u00a0 \u00a0 \u00a0 \u00a0 \u00a0 \u00a0 \u00a0 \u00a0 \u00a0 \u00a0 \u00a0 \u00a0 \u00a0 \u00a0 \u00a0 \u00a0 \u00a0 \u00a0 \u00a0 \u00a0 \u00a0 \u00a0 \u00a0 J\u00fcrgen M\u00fcller, G\u00e9rard Petit, Sergei Kopeikin,\u00a0 \u00a0 \u00a0 \u00a0 \u00a0 \u00a0 \u00a0 \u00a0 \u00a0 \u00a0 \u00a0 \u00a0 \u00a0 \u00a0 \u00a0 \u00a0 \u00a0 \u00a0 \u00a0 \u00a0 \u00a0 \u00a0 \u00a0 \u00a0 \u00a0 \u00a0 \u00a0 \u00a0 \u00a0 \u00a0 \u00a0 \u00a0 \u00a0 \u00a0 \u00a0Wen-Bin Shen, Heiner Denker, Elena Mazurova,\u00a0 \u00a0 \u00a0 \u00a0 \u00a0 \u00a0 \u00a0 \u00a0 \u00a0 \u00a0 \u00a0 \u00a0 \u00a0 \u00a0 \u00a0 \u00a0 \u00a0 \u00a0 \u00a0 \u00a0 \u00a0 \u00a0 \u00a0 \u00a0 \u00a0 \u00a0 \u00a0 \u00a0 \u00a0 \u00a0 \u00a0 \u00a0Pac\u00f4me Delva, Jacob Flury<\/p>\n<div id=\"attachment_249\" style=\"width: 5194px\" class=\"wp-caption aligncenter\"><img loading=\"lazy\" decoding=\"async\" aria-describedby=\"caption-attachment-249\" class=\"wp-image-249 size-full\" src=\"http:\/\/www.issibern.ch\/teams\/spacetimemetrology\/wp-content\/uploads\/2019\/04\/IMG_8449.jpg\" alt=\"\" width=\"5184\" height=\"3456\" \/><p id=\"caption-attachment-249\" class=\"wp-caption-text\"><span style=\"font-size: 10pt\">Participants of the 2-nd workshop (25-28 March 2019)<\/span><\/p><\/div>\n<p><em><strong>From left to right:<\/strong><\/em>\u00a0 \u00a0 Wen-Bin Shen, Jacob Flury, Elena Mazurova,\u00a0 \u00a0 \u00a0 \u00a0 \u00a0 \u00a0 \u00a0 \u00a0 \u00a0 \u00a0 \u00a0 \u00a0 \u00a0 \u00a0 \u00a0 \u00a0 \u00a0 \u00a0 \u00a0 \u00a0 \u00a0 \u00a0 \u00a0 \u00a0 \u00a0 \u00a0 \u00a0 \u00a0 \u00a0 \u00a0 \u00a0 \u00a0 \u00a0 \u00a0 Christian Lisdat, David Leibrandt, Hu Wu, J\u00fcrgen M\u00fcller,\u00a0 \u00a0 \u00a0 \u00a0 \u00a0 \u00a0 \u00a0 \u00a0 \u00a0 \u00a0 \u00a0 \u00a0 \u00a0 \u00a0 \u00a0 \u00a0 \u00a0 \u00a0 \u00a0 \u00a0 \u00a0 \u00a0 \u00a0 \u00a0 \u00a0 Sergei Kopeikin, Claus L\u00e4mmerzahl, Heiner Denker,\u00a0 \u00a0 \u00a0 \u00a0 \u00a0 \u00a0 \u00a0 \u00a0 \u00a0 \u00a0 \u00a0 \u00a0 \u00a0 \u00a0 \u00a0 \u00a0 \u00a0 \u00a0 \u00a0 \u00a0 \u00a0 \u00a0 \u00a0 \u00a0 \u00a0 \u00a0 \u00a0 \u00a0 Volker Perlick, Nathan Newbury<\/p>\n<p style=\"text-align: right\"><span style=\"font-size: 24pt;color: #008080\">\u00a0<\/span><\/p>\n<h2 style=\"text-align: right\"><span style=\"font-size: 24pt;color: #008080\">Team Leaders<\/span><\/h2>\n<hr \/>\n<p><span style=\"font-size: 12pt\"><a href=\"https:\/\/physics.missouri.edu\/people\/kopeikin\"><strong>Sergei M. Kopeikin<\/strong><\/a><\/span><\/p>\n<p style=\"text-align: right\"><span style=\"font-size: 10pt\">Department of Physics and Astronomy<br \/>\n322 Physics Bldg. University of Missouri<br \/>\nColumbia, Missouri 65201<br \/>\nUSA<\/span><\/p>\n<p><span style=\"font-size: 12pt\"><a href=\"https:\/\/www.ife.uni-hannover.de\/mueller\"><strong>J\u00fcrgen M\u00fcller <\/strong><\/a><\/span><\/p>\n<p style=\"text-align: right\"><span style=\"font-size: 10pt\">Institute of Geodesy<\/span><br \/>\n<span style=\"font-size: 10pt\"> Leibniz Universit\u00e4t Hannover<\/span><br \/>\n<span style=\"font-size: 10pt\"> Schneiderberg 50, D-30167 Hannover<br \/>\nGERMANY<\/span><\/p>\n<h2 style=\"text-align: right\"><span style=\"font-size: 24pt;color: #008080\">Team Members<\/span><\/h2>\n<hr \/>\n<p><span style=\"font-size: 12pt\"><a href=\"https:\/\/www.zarm.uni-bremen.de\/en\/research\/space-science.html\"><strong>Claus L\u00e4mmerzahl<\/strong><\/a><\/span><\/p>\n<p style=\"text-align: right;padding-left: 120px\"><span style=\"font-size: 10pt\">Center of Applied Space Technology and Microgravity (ZARM)<\/span><br \/>\n<span style=\"font-size: 10pt\"> Universit\u00e4t Bremen<\/span><br \/>\n<span style=\"font-size: 10pt\"> Am Fallturm, D-28359 Bremen<\/span><br \/>\n<span style=\"font-size: 10pt\"> GERMANY<\/span><\/p>\n<p>&nbsp;<\/p>\n<p><span style=\"font-size: 12pt\"><a href=\"https:\/\/www.ptb.de\/cms\/ptb\/fachabteilungen\/abt4\/fb-43\/mitarbeiter.html\"><strong>Christian Lisdat<\/strong><\/a><\/span><\/p>\n<p style=\"text-align: right\"><span style=\"font-size: 10pt\">Physikalisch-Technische Bundesanstalt<\/span><br \/>\n<span style=\"font-size: 10pt\"> AG 4.32 Optische Gitteruhren<\/span><br \/>\n<span style=\"font-size: 10pt\"> Bundesallee 100, 38116 Braunschweig<\/span><br \/>\n<span style=\"font-size: 10pt\"> GERMANY<\/span><\/p>\n<p><span style=\"font-size: 12pt\"><a href=\"http:\/\/www.ptb.de\/cms\/en\/ptb\/fachabteilungen\/abt4\/fb-43\/staff.html\"><strong>Gesine Grosche<\/strong><\/a><\/span><\/p>\n<p style=\"text-align: right\"><span style=\"font-size: 10pt\">Physikalisch-Technische Bundesanstalt<\/span><br \/>\n<span style=\"font-size: 10pt\"> Bundesallee 100<\/span><br \/>\n<span style=\"font-size: 10pt\"> D-38116 Braunschweig<\/span><br \/>\n<span style=\"font-size: 10pt\"> GERMANY<\/span><\/p>\n<p><span style=\"font-size: 12pt\"><a href=\"https:\/\/www.ife.uni-hannover.de\/denker.html\"><strong>Heiner Denker<\/strong><\/a><\/span><\/p>\n<p style=\"text-align: right\"><span style=\"font-size: 10pt\">Gravity field modeling group<\/span><br \/>\n<span style=\"font-size: 10pt\"> Leibniz Universit\u00e4t Hannover<\/span><br \/>\n<span style=\"font-size: 10pt\"> Institut f\u00fcr Erdmessung<\/span><br \/>\n<span style=\"font-size: 10pt\"> Schneiderberg 50<\/span><br \/>\n<span style=\"font-size: 10pt\"> D-30163 Hannover<\/span><br \/>\n<span style=\"font-size: 10pt\"> GERMANY<\/span><\/p>\n<p><span style=\"font-size: 12pt\"><a href=\"http:\/\/www.bipm.org\/en\/bipm\/people\/gpetit.html\"><strong>G\u00e9rard Petit<\/strong><\/a><\/span><\/p>\n<p style=\"text-align: right\"><span style=\"font-size: 10pt\">Time Department, BIPM<\/span><br \/>\n<span style=\"font-size: 10pt\"> Pavillon de Breteuil<\/span><br \/>\n<span style=\"font-size: 10pt\"> 92312 S\u00e8vres<\/span><br \/>\n<span style=\"font-size: 10pt\"> FRANCE<\/span><\/p>\n<p><span style=\"font-size: 12pt\"><a href=\"https:\/\/syrte.obspm.fr\/spip\/science\/theorie\/equipe\/?lang=fr\"><strong>Pac\u00f4me Delva<\/strong><\/a><\/span><\/p>\n<p style=\"text-align: right\"><span style=\"font-size: 10pt\">SYRTE &#8211; Observatoire de Paris<\/span><br \/>\n<span style=\"font-size: 10pt\"> 61, avenue de l&#8217;Observatoire<\/span><br \/>\n<span style=\"font-size: 10pt\"> 75014 Paris<\/span><br \/>\n<span style=\"font-size: 10pt\"> FRANCE<\/span><\/p>\n<p><span style=\"font-size: 12pt\"><a href=\"http:\/\/www-lsm.in2p3.fr\/activites\/INRIM\/INRIM_Eng.htm\"><strong>Davide Calonico<\/strong><\/a><\/span><\/p>\n<p style=\"text-align: right\"><span style=\"font-size: 10pt\">Istituto Nazionale di Ricerca Metrologica<\/span><br \/>\n<span style=\"font-size: 10pt\"> Strada delle Cacce<\/span><br \/>\n<span style=\"font-size: 10pt\"> 91 &#8211; 10135 Torino<\/span><br \/>\n<span style=\"font-size: 10pt\"> ITALY<\/span><\/p>\n<p><span style=\"font-size: 12pt\"><a href=\"https:\/\/www.nist.gov\/people\/david-leibrandt\"><strong>David Leibrandt<\/strong><\/a><\/span><\/p>\n<p style=\"text-align: right\"><span style=\"font-size: 10pt\">National Institute of Standards and Technology (NIST)<\/span><br \/>\n<span style=\"font-size: 10pt\"> 325 Broadway St, MS 847.10<\/span><br \/>\n<span style=\"font-size: 10pt\"> Boulder, CO 80305<\/span><br \/>\n<span style=\"font-size: 10pt\"> USA<\/span><\/p>\n<p><span style=\"font-size: 12pt\"><a href=\"https:\/\/www.nist.gov\/people\/nathan-r-newbury\"><strong>Nathan R. Newbury<\/strong><\/a><\/span><\/p>\n<p style=\"text-align: right\"><span style=\"font-size: 10pt\">Fiber Sources and Applications Group<\/span><br \/>\n<span style=\"font-size: 10pt\"> Applied Physics Division<\/span><br \/>\n<span style=\"font-size: 10pt\"> National Institute of Standards and Technology (NIST)<\/span><br \/>\n<span style=\"font-size: 10pt\"> 325 Broadway St,<\/span><br \/>\n<span style=\"font-size: 10pt\"> Boulder, CO 80305-3337<\/span><br \/>\n<span style=\"font-size: 10pt\"> USA<\/span><\/p>\n<p><span style=\"font-size: 12pt\"><a href=\"http:\/\/cgkipd.ru\/elena-mazurova\"><strong>Elena M. Mazurova<\/strong><\/a><\/span><\/p>\n<p style=\"text-align: right\"><span style=\"font-size: 10pt\">Federal Scientific-Technical Center of Geodesy, Cartography and Spatial Data Infrastructure (TsNIIGAiK)<\/span><br \/>\n<span style=\"font-size: 10pt\"> 26 Onezhskaya Street<\/span><br \/>\n<span style=\"font-size: 10pt\"> Moscow, 125413<\/span><br \/>\n<span style=\"font-size: 10pt\"> RUSSIA<\/span><\/p>\n<p><span style=\"font-size: 12pt\"><a href=\"http:\/\/www.npl.co.uk\/people\/helen-margolis\"><strong>Helen Margolis<\/strong><\/a><\/span><\/p>\n<p style=\"text-align: right\"><span style=\"font-size: 10pt\">NPL Fellow \u2013 Optical Frequency Standards and Metrology<\/span><br \/>\n<span style=\"font-size: 10pt\"> National Physical Laboratory (NPL)<\/span><br \/>\n<span style=\"font-size: 10pt\"> Hampton Road, Teddington<\/span><br \/>\n<span style=\"font-size: 10pt\"> Middlesex, TW11 0LW<\/span><br \/>\n<span style=\"font-size: 10pt\"> UNITED KINGDOM<\/span><\/p>\n<p><span style=\"font-size: 12pt\"><strong><a href=\"http:\/\/en.sgg.whu.edu.cn\/teacher\/shenwenbin.html\">Wen-Bin Shen<\/a><\/strong><\/span><\/p>\n<p style=\"text-align: right\"><span style=\"font-size: 10pt\">Department of Geophysics<\/span><br \/>\n<span style=\"font-size: 10pt\"> School of Geodesy and Geomatics<\/span><br \/>\n<span style=\"font-size: 10pt\"> Wuhan University, 129 Luoyu Road<\/span><br \/>\n<span style=\"font-size: 10pt\"> Wuhan 430079<\/span><br \/>\n<span style=\"font-size: 10pt\"> CHINA<\/span><\/p>\n<h2 style=\"text-align: right\"><span style=\"font-size: 24pt;color: #008080\">Young Scientists<\/span><\/h2>\n<hr \/>\n<p><span style=\"font-size: 12pt\"><a href=\"https:\/\/www.researchgate.net\/profile\/Leonid_Lipatnikov\"><strong>Leonid Lipatnikov <\/strong><\/a><\/span><\/p>\n<p style=\"text-align: right\"><span style=\"font-size: 10pt\">Siberian State University of Geosystems and Technologies (SGUGiT)<\/span><br \/>\n<span style=\"font-size: 10pt\"> 10 Plakhotnogo Street<\/span><br \/>\n<span style=\"font-size: 10pt\"> Novosibirsk 630018 <\/span><br \/>\n<span style=\"font-size: 10pt\"> RUSSIA<\/span><\/p>\n<p><span style=\"font-size: 12pt\"><a href=\"https:\/\/www.uni-oldenburg.de\/en\/fieldtheory\/members\/former-members\/dr-olga-kichakova\/\"><strong>Olga Kichakova <\/strong><\/a><\/span><\/p>\n<p style=\"text-align: right\"><span style=\"font-size: 10pt\">Center of Applied Space Technology and Microgravity (ZARM)<\/span><br \/>\n<span style=\"font-size: 10pt\">Universit\u00e4t Bremen<\/span><br \/>\n<span style=\"font-size: 10pt\">Am Fallturm 2<\/span><br \/>\n<span style=\"font-size: 10pt\"> Bremen 28359<\/span><br \/>\n<span style=\"font-size: 10pt\">GERMANY<\/span><\/p>\n<h2 style=\"text-align: right\"><span style=\"font-size: 24pt;color: #008080\"><strong>External Experts<\/strong><\/span><\/h2>\n<hr \/>\n<p style=\"text-align: left\"><span style=\"font-size: 12pt\"><strong><a href=\"http:\/\/www.physik.uzh.ch\/groups\/jetzer\/\">Philippe Jetzer<\/a><\/strong><\/span><\/p>\n<p style=\"text-align: right\"><span style=\"font-size: 10pt\">Physik-Institut<\/span><br \/>\n<span style=\"font-size: 10pt\"> University of Zurich <\/span><br \/>\n<span style=\"font-size: 10pt\"> Winterthurerstr. 190, 8057 Zurich <\/span><br \/>\n<span style=\"font-size: 10pt\"> SWITZERLAND<\/span><\/p>\n<p style=\"text-align: left\"><span style=\"font-size: 12pt\"><a href=\"http:\/\/www.exphy.uni-duesseldorf.de\/PhotosMembers\/Schiller.html\"><strong>Stephen Schiller<\/strong><\/a><\/span><\/p>\n<p style=\"text-align: right\"><span style=\"font-size: 10pt\">Institut f\u00fcr Experimentalphysik <\/span><br \/>\n<span style=\"font-size: 10pt\"> Heinrich-Heine-Universit\u00e4t D\u00fcsseldorf <\/span><br \/>\n<span style=\"font-size: 10pt\"> Universit\u00e4tsstra\u00dfe 1 <\/span><br \/>\n<span style=\"font-size: 10pt\"> 40225 D\u00fcsseldorf <\/span><br \/>\n<span style=\"font-size: 10pt\"> GERMANY<\/span><\/p>\n<p style=\"text-align: left\"><span style=\"font-size: 12pt\"><a href=\"http:\/\/www.phys.ens.fr\/~salomon\/\"><strong>Christophe Salomon<\/strong><\/a><\/span><\/p>\n<p style=\"text-align: right\"><span style=\"font-size: 10pt\">Directeur de Recherche au CNRS<\/span><br \/>\n<span style=\"font-size: 10pt\"> Laboratoire Kastler Brossel<\/span><br \/>\n<span style=\"font-size: 10pt\"> Ecole Normale Sup\u00e9rieure<\/span><br \/>\n<span style=\"font-size: 10pt\"> 24 rue Lhomond, 75231 Paris <\/span><br \/>\n<span style=\"font-size: 10pt\"> FRANCE<\/span><\/p>\n<p style=\"text-align: left\"><span style=\"font-size: 12pt\"><a href=\"https:\/\/science.gsfc.nasa.gov\/sed\/bio\/epavlis\"><strong>Erricos C. Pavlis<\/strong><\/a><\/span><\/p>\n<p style=\"text-align: right\"><span style=\"font-size: 10pt\">NASA\/Goddard Space Flight Center <\/span><br \/>\n<span style=\"font-size: 10pt\"> Mail Code: 698 <\/span><br \/>\n<span style=\"font-size: 10pt\"> Greenbelt, MD 20771 <\/span><br \/>\n<span style=\"font-size: 10pt\"> USA<\/span><\/p>\n<p style=\"text-align: left\"><span style=\"font-size: 12pt\"><a href=\"https:\/\/www.ife.uni-hannover.de\/flury\"><strong>Jakob Flury<\/strong><\/a><\/span><\/p>\n<p style=\"text-align: right\"><span style=\"font-size: 10pt\">Chair of IAG JWG 2.1 &#8220;Relativistic Geodesy: First steps towards a new geodetic technique&#8221;<\/span><br \/>\n<span style=\"font-size: 10pt\"> Institute of Geodesy<\/span><br \/>\n<span style=\"font-size: 10pt\"> Leibniz Universit\u00e4t Hannover<\/span><br \/>\n<span style=\"font-size: 10pt\"> Schneiderberg 50, D-30167 Hannover<\/span><br \/>\n<span style=\"font-size: 10pt\"> GERMANY<\/span><\/p>\n<p style=\"text-align: left\"><span style=\"font-size: 12pt\"><a href=\"https:\/\/syrte.obspm.fr\/spip\/science\/theorie\/equipe\/?lang=fr\"><strong>Peter Wolf<\/strong><\/a><\/span><\/p>\n<p style=\"text-align: right\"><span style=\"font-size: 10pt\">SYRTE &#8211; Observatoire de Paris<\/span><br \/>\n<span style=\"font-size: 10pt\"> 61, avenue de l&#8217;Observatoire<\/span><br \/>\n<span style=\"font-size: 10pt\"> 75014 Paris <\/span><br \/>\n<span style=\"font-size: 10pt\"> FRANCE<\/span><\/p>\n<p style=\"text-align: left\"><span style=\"font-size: 12pt\"><a href=\"https:\/\/www.tudelft.nl\/en\/ae\/organisation\/departments\/space-engineering\/astrodynamics-and-space-missions\/people\/\"><strong>P.N.A.M. Visser<\/strong><\/a><\/span><\/p>\n<p style=\"text-align: right\"><span style=\"font-size: 10pt\">Astrodynamics and Space Missions (A&amp;S)<\/span><br \/>\n<span style=\"font-size: 10pt\"> Faculty of Aerospace Engineering Delft University of Technology<\/span><br \/>\n<span style=\"font-size: 10pt\"> Kluyverweg 1, 2629 HS Delft <\/span><br \/>\n<span style=\"font-size: 10pt\"> THE NETHERLANDS<\/span><\/p>\n<p style=\"text-align: left\"><span style=\"font-size: 12pt\"><a href=\"https:\/\/www.nist.gov\/people\/neil-ashby\"><strong>Neil Ashby<\/strong><\/a><\/span><\/p>\n<p style=\"text-align: right\"><span style=\"font-size: 10pt\">University of Colorado and NIST affiliate, <\/span><br \/>\n<span style=\"font-size: 10pt\"> Boulder, CO 80305 <\/span><br \/>\n<span style=\"font-size: 10pt\"> USA<\/span><\/p>\n","protected":false},"excerpt":{"rendered":"<p>First row (left to right):\u00a0 \u00a0 \u00a0 \u00a0Leonid Lipatnikov, Stephan Schiller, Olga Kichakova Second row (left to right): Andrew Ludlow, Hu Wu, Christian Lisdat, Helen Margolis,\u00a0 \u00a0 \u00a0 \u00a0 \u00a0 \u00a0 \u00a0 \u00a0 \u00a0 \u00a0 \u00a0 \u00a0 \u00a0 \u00a0 \u00a0 &hellip; <a href=\"https:\/\/www.issibern.ch\/teams\/spacetimemetrology\/team\/\">Continue reading <span class=\"meta-nav\">&rarr;<\/span><\/a><\/p>\n","protected":false},"author":2,"featured_media":0,"parent":0,"menu_order":1,"comment_status":"closed","ping_status":"closed","template":"","meta":{"footnotes":""},"class_list":["post-8","page","type-page","status-publish","hentry"],"_links":{"self":[{"href":"https:\/\/www.issibern.ch\/teams\/spacetimemetrology\/wp-json\/wp\/v2\/pages\/8","targetHints":{"allow":["GET"]}}],"collection":[{"href":"https:\/\/www.issibern.ch\/teams\/spacetimemetrology\/wp-json\/wp\/v2\/pages"}],"about":[{"href":"https:\/\/www.issibern.ch\/teams\/spacetimemetrology\/wp-json\/wp\/v2\/types\/page"}],"author":[{"embeddable":true,"href":"https:\/\/www.issibern.ch\/teams\/spacetimemetrology\/wp-json\/wp\/v2\/users\/2"}],"replies":[{"embeddable":true,"href":"https:\/\/www.issibern.ch\/teams\/spacetimemetrology\/wp-json\/wp\/v2\/comments?post=8"}],"version-history":[{"count":0,"href":"https:\/\/www.issibern.ch\/teams\/spacetimemetrology\/wp-json\/wp\/v2\/pages\/8\/revisions"}],"wp:attachment":[{"href":"https:\/\/www.issibern.ch\/teams\/spacetimemetrology\/wp-json\/wp\/v2\/media?parent=8"}],"curies":[{"name":"wp","href":"https:\/\/api.w.org\/{rel}","templated":true}]}}