{"id":20,"date":"2017-06-19T11:41:39","date_gmt":"2017-06-19T09:41:39","guid":{"rendered":"http:\/\/www.issibern.ch\/teams\/sunspotnoser\/?page_id=20"},"modified":"2017-06-19T11:41:39","modified_gmt":"2017-06-19T09:41:39","slug":"schedule","status":"publish","type":"page","link":"https:\/\/www.issibern.ch\/teams\/sunspotnoser\/schedule\/","title":{"rendered":"Meeting 1 (Jan 2018)"},"content":{"rendered":"<p>The first Team meeting will took place during the week of 22nd January 2018.<\/p>\n<p><img loading=\"lazy\" decoding=\"async\" class=\"alignnone size-medium wp-image-47\" src=\"http:\/\/www.issibern.ch\/teams\/sunspotnoser\/wp-content\/uploads\/2018\/02\/DSC_9433-300x200.jpg\" alt=\"\" width=\"300\" height=\"200\" srcset=\"https:\/\/www.issibern.ch\/teams\/sunspotnoser\/wp-content\/uploads\/sites\/109\/2018\/02\/DSC_9433-300x200.jpg 300w, https:\/\/www.issibern.ch\/teams\/sunspotnoser\/wp-content\/uploads\/sites\/109\/2018\/02\/DSC_9433-768x511.jpg 768w, https:\/\/www.issibern.ch\/teams\/sunspotnoser\/wp-content\/uploads\/sites\/109\/2018\/02\/DSC_9433-451x300.jpg 451w, https:\/\/www.issibern.ch\/teams\/sunspotnoser\/wp-content\/uploads\/sites\/109\/2018\/02\/DSC_9433.jpg 842w\" sizes=\"auto, (max-width: 300px) 100vw, 300px\" \/><\/p>\n<p>Discussions were fluid, but a rough schedule, with links to individual talks, is provided below.<\/p>\n<p><strong>Monday a.m.<\/strong><\/p>\n<p>&#8211; Welcome, administration, meeting goals &amp; ground rules (Matt, Fr\u00e9d\u00e9ric)<br \/>\n&#8211; Sunspot number overview &amp; historical context (Laure)<br \/>\n&#8211; \u201cTriad\u201d debrief<br \/>\n&#8211; Clette &amp; Lef\u00e9vre and Lockwood et al. (Greg)<br \/>\n&#8211; Svalgaard &amp; Schatten and Chatzistergos et al. (Mike, Ed)<br \/>\n&#8211; Friedli (Thomas)<\/p>\n<p><strong>Monday p.m.<\/strong> Methods 1825-present (1)<\/p>\n<p>&#8211; Expectation maximization (Thierry)<br \/>\n&#8211; Wolf number from scratch (Fr\u00e9d\u00e9ric)<\/p>\n<p><strong>Tuesday a.m<\/strong>. Methods 1825-present (2)<\/p>\n<p>&#8211; Backbones (Theo)<br \/>\n&#8211; Active day fractions (Ilya)<br \/>\n&#8211; Usoskin et al. (Andr\u00e9s, Laure)<\/p>\n<p><strong>Tuesday p.m<\/strong>. Data base<\/p>\n<p>&#8211; Recent developments for Vaquero et al. data base (Jos\u00e9)<br \/>\n&#8211; Data\/software repository (Fr\u00e9d\u00e9ric, Andr\u00e9s)<br \/>\n&#8211; Series release: IAU sanctioning, procedure for updates (Alexei, Fr\u00e9d\u00e9ric)<\/p>\n<p><strong>Wednesday a.m<\/strong>.<\/p>\n<p>-Tashkent observations (Alexei)<br \/>\n-Open discussion of best practices; analyses needed before ISSI-2(Fr\u00e9d\u00e9ric, Matt)<\/p>\n<p><strong>Wednesday p.m.<\/strong><\/p>\n<p>&#8211; Working group meetings<\/p>\n<p><strong>Thursday a.m.<\/strong><\/p>\n<p>&#8211; Pre-Schwabe (1) 18th century (Rainer, Ilya, Ed)<\/p>\n<p><strong>Thursday p.m.<\/strong><\/p>\n<p>&#8211; Pre-Schwabe (2) 17th century &amp; Maunder Minimum (Ilya, Jos\u00e9, Matt, Andr\u00e9s)<br \/>\n&#8211; Open discussion (Lidia)<\/p>\n<p><strong>Friday a.m.<\/strong><\/p>\n<p>&#8211; Uncertainties (Thierry, Laure, Andr\u00e9s)<br \/>\n&#8211; Meeting Summary (Lidia, Dean, Alexei)<br \/>\n&#8211; ISSI-2 (Matt, Fr\u00e9d\u00e9ric)<\/p>\n<p><strong>Friday p.m.<\/strong><\/p>\n<p>&#8211; Travel, subgroup meetings, etc.<\/p>\n","protected":false},"excerpt":{"rendered":"<p>The first Team meeting will took place during the week of 22nd January 2018. Discussions were fluid, but a rough schedule, with links to individual talks, is provided below. Monday a.m. &#8211; Welcome, administration, meeting goals &amp; ground rules (Matt, &hellip; <a href=\"https:\/\/www.issibern.ch\/teams\/sunspotnoser\/schedule\/\">Continue reading <span class=\"meta-nav\">&rarr;<\/span><\/a><\/p>\n","protected":false},"author":2,"featured_media":0,"parent":0,"menu_order":0,"comment_status":"closed","ping_status":"closed","template":"","meta":{"footnotes":""},"class_list":["post-20","page","type-page","status-publish","hentry"],"_links":{"self":[{"href":"https:\/\/www.issibern.ch\/teams\/sunspotnoser\/wp-json\/wp\/v2\/pages\/20","targetHints":{"allow":["GET"]}}],"collection":[{"href":"https:\/\/www.issibern.ch\/teams\/sunspotnoser\/wp-json\/wp\/v2\/pages"}],"about":[{"href":"https:\/\/www.issibern.ch\/teams\/sunspotnoser\/wp-json\/wp\/v2\/types\/page"}],"author":[{"embeddable":true,"href":"https:\/\/www.issibern.ch\/teams\/sunspotnoser\/wp-json\/wp\/v2\/users\/2"}],"replies":[{"embeddable":true,"href":"https:\/\/www.issibern.ch\/teams\/sunspotnoser\/wp-json\/wp\/v2\/comments?post=20"}],"version-history":[{"count":0,"href":"https:\/\/www.issibern.ch\/teams\/sunspotnoser\/wp-json\/wp\/v2\/pages\/20\/revisions"}],"wp:attachment":[{"href":"https:\/\/www.issibern.ch\/teams\/sunspotnoser\/wp-json\/wp\/v2\/media?parent=20"}],"curies":[{"name":"wp","href":"https:\/\/api.w.org\/{rel}","templated":true}]}}