{"id":19,"date":"2016-11-24T11:24:07","date_gmt":"2016-11-24T10:24:07","guid":{"rendered":"http:\/\/www.issibern.ch\/teams\/sysgaiaera\/?page_id=19"},"modified":"2016-11-24T11:24:07","modified_gmt":"2016-11-24T10:24:07","slug":"team","status":"publish","type":"page","link":"https:\/\/www.issibern.ch\/teams\/sysgaiaera\/team\/","title":{"rendered":"Team"},"content":{"rendered":"<table class=\" alignleft\" style=\"width: 749px;height: 938px\">\n<tbody>\n<tr style=\"height: 24px\">\n<td style=\"width: 728px;height: 24px\" colspan=\"5\"><span style=\"color: #4a0000;font-size: 12pt\"><em><strong>* Core team members:<\/strong><\/em><\/span><\/td>\n<\/tr>\n<tr style=\"height: 24px\">\n<td style=\"width: 24px;height: 24px\"><\/td>\n<td style=\"width: 8px;height: 24px\"><\/td>\n<td style=\"width: 203px;height: 24px\"><strong><a href=\"http:\/\/obswww.unige.ch\/~mowlavi\">Nami Mowlavi<\/a>\u00a0<\/strong><em>(Team leader)<\/em><\/td>\n<td style=\"width: 130px;height: 24px\">Geneva (CH)<\/td>\n<td style=\"width: 323px;height: 24px\">Gaia; eclipsing binaries; variable stars<\/td>\n<\/tr>\n<tr style=\"height: 24px\">\n<td style=\"width: 24px;height: 24px\"><\/td>\n<td style=\"width: 8px;height: 24px\"><\/td>\n<td style=\"width: 203px;height: 24px\"><strong><a href=\"http:\/\/wwwhip.obspm.fr\/~arenou\">Fr\u00e9d\u00e9ric Arenou<\/a><\/strong><\/td>\n<td style=\"width: 130px;height: 24px\">Paris-Meudon (FR)<\/td>\n<td style=\"width: 323px;height: 24px\">Gaia; binaries within the Besan\u00e7on model of the Galaxy<\/td>\n<\/tr>\n<tr style=\"height: 24px\">\n<td style=\"width: 24px;height: 24px\"><\/td>\n<td style=\"width: 8px;height: 24px\"><\/td>\n<td style=\"width: 203px;height: 24px\"><strong><a href=\"http:\/\/www.astro.uu.se\/~gfeiden\/research.html\">Gregory A. Feiden<\/a><\/strong><\/td>\n<td style=\"width: 130px;height: 24px\">Uppsala (SE)<\/td>\n<td style=\"width: 323px;height: 24px\">Testing stellar evolution model predictions with eclipsing binaries<\/td>\n<\/tr>\n<tr style=\"height: 24px\">\n<td style=\"width: 24px;height: 24px\"><\/td>\n<td style=\"width: 8px;height: 24px\"><\/td>\n<td style=\"width: 203px;height: 24px\"><strong><a href=\"http:\/\/www.tassosfragos.com\">Tassos Fragos<\/a><\/strong><\/td>\n<td style=\"width: 130px;height: 24px\">Geneva (CH)<\/td>\n<td style=\"width: 323px;height: 24px\">X-ray binaries; compact objects<\/td>\n<\/tr>\n<tr style=\"height: 24px\">\n<td style=\"width: 24px;height: 24px\"><\/td>\n<td style=\"width: 8px;height: 24px\"><\/td>\n<td style=\"width: 203px;height: 24px\"><strong><a href=\"http:\/\/www.ynao.ac.cn\/~zhanwenhan\">Zhanwen Han<\/a><\/strong><\/td>\n<td style=\"width: 130px;height: 24px\">Yunnan (CN)<\/td>\n<td style=\"width: 323px;height: 24px\">Binary evolution; binary population synthesis; binary-related objects<\/td>\n<\/tr>\n<tr style=\"height: 24px\">\n<td style=\"width: 24px;height: 24px\"><\/td>\n<td style=\"width: 8px;height: 24px\"><\/td>\n<td style=\"width: 203px;height: 24px\"><strong><a href=\"http:\/\/www.ualberta.ca\/~ivanova1\">Natasha Ivanova<\/a><\/strong><\/td>\n<td style=\"width: 130px;height: 24px\">Alberta (CA)<\/td>\n<td style=\"width: 323px;height: 24px\">Common envelope phase<\/td>\n<\/tr>\n<tr style=\"height: 24px\">\n<td style=\"width: 24px;height: 24px\"><\/td>\n<td style=\"width: 8px;height: 24px\"><\/td>\n<td style=\"width: 203px;height: 24px\"><strong>Dengkai Jiang<\/strong><\/td>\n<td style=\"width: 130px;height: 24px\">Yunnan (CN)<\/td>\n<td style=\"width: 323px;height: 24px\">Binary populations, contact binaries, binary mergers<\/td>\n<\/tr>\n<tr style=\"height: 24px\">\n<td style=\"width: 24px;height: 24px\"><\/td>\n<td style=\"width: 8px;height: 24px\"><\/td>\n<td style=\"width: 203px;height: 24px\"><strong>Stephen Justham<\/strong><\/td>\n<td style=\"width: 130px;height: 24px\">Beijing (CN)<\/td>\n<td style=\"width: 323px;height: 24px\">Sub-dwarfs, mergers, X-ray binaries, supernova progenitors<\/td>\n<\/tr>\n<tr style=\"height: 24px\">\n<td style=\"width: 24px;height: 24px\"><\/td>\n<td style=\"width: 8px;height: 24px\"><\/td>\n<td style=\"width: 203px;height: 24px\"><strong><a href=\"http:\/\/wise-obs.tau.ac.il\/~mazeh\">Tsevi Mazeh<\/a><\/strong><\/td>\n<td style=\"width: 130px;height: 24px\">Tel Aviv (IL)<\/td>\n<td style=\"width: 323px;height: 24px\">Binaries, dynamics<\/td>\n<\/tr>\n<tr style=\"height: 24px\">\n<td style=\"width: 24px;height: 24px\"><\/td>\n<td style=\"width: 8px;height: 24px\"><\/td>\n<td style=\"width: 203px;height: 24px\"><strong><a href=\"http:\/\/clusty.ast.villanova.edu\/aprsa\">Andrej Prsa<\/a><\/strong><\/td>\n<td style=\"width: 130px;height: 24px\">Villanova (US)<\/td>\n<td style=\"width: 323px;height: 24px\">Kepler; physics of eclipsing binaries<\/td>\n<\/tr>\n<tr style=\"height: 24px\">\n<td style=\"width: 24px;height: 24px\"><\/td>\n<td style=\"width: 8px;height: 24px\"><\/td>\n<td style=\"width: 203px;height: 24px\"><strong><a href=\"http:\/\/www.astrouw.edu.pl\/~soszynsk\">Igor Soszynski<\/a><\/strong><\/td>\n<td style=\"width: 130px;height: 24px\">Warsaw (PL)<\/td>\n<td style=\"width: 323px;height: 24px\">OGLE; variable stars<\/td>\n<\/tr>\n<tr style=\"height: 24px\">\n<td style=\"width: 24px;height: 24px\"><\/td>\n<td style=\"width: 8px;height: 24px\"><\/td>\n<td style=\"width: 203px;height: 24px\"><strong><a href=\"https:\/\/www.cfa.harvard.edu\/HEK\/theteam.html\">Guillermo Torres<\/a><\/strong><\/td>\n<td style=\"width: 130px;height: 24px\">CFA Harvard (US)<\/td>\n<td style=\"width: 323px;height: 24px\">Kepler, TESS; binaries and stellar evolution, exoplanets<\/td>\n<\/tr>\n<tr style=\"height: 24px\">\n<td style=\"width: 728px;height: 24px\" colspan=\"5\"><span style=\"color: #4a0000;font-size: 12pt\"><em><strong>* Experts:<\/strong><\/em><\/span><\/td>\n<\/tr>\n<tr style=\"height: 24px\">\n<td style=\"width: 24px;height: 24px\"><\/td>\n<td style=\"width: 8px;height: 24px\"><\/td>\n<td style=\"width: 203px;height: 24px\"><strong>Xuefei Chen<\/strong><\/td>\n<td style=\"width: 130px;height: 24px\">Yunnan (CN)<\/td>\n<td style=\"width: 323px;height: 24px\">Binary pop. synthesis, blue stragglers, symbiotic stars, EL CVn type binaries<\/td>\n<\/tr>\n<tr style=\"height: 24px\">\n<td style=\"width: 24px;height: 24px\"><\/td>\n<td style=\"width: 8px;height: 24px\"><\/td>\n<td style=\"width: 203px;height: 24px\"><strong><a href=\"http:\/\/obswww.unige.ch\/Research\/variability\/dr-laurent-eyer\">Laurent Eyer<\/a><\/strong><\/td>\n<td style=\"width: 130px;height: 24px\">Geneva (CH)<\/td>\n<td style=\"width: 323px;height: 24px\">Gaia; Hipparcos; variable stars<\/td>\n<\/tr>\n<tr style=\"height: 24px\">\n<td style=\"width: 24px;height: 24px\"><\/td>\n<td style=\"width: 8px;height: 24px\"><\/td>\n<td style=\"width: 203px;height: 24px\"><strong><a href=\"https:\/\/obswww.unige.ch\/Research\/variability\/people\/berry-holl\">Berry Holl<\/a><\/strong><\/td>\n<td style=\"width: 130px;height: 24px\">Geneva (CH)<\/td>\n<td style=\"width: 323px;height: 24px\">Gaia; large scale data analysis; Gaia simulations<\/td>\n<\/tr>\n<tr style=\"height: 24px\">\n<td style=\"width: 728px;height: 24px\" colspan=\"5\"><span style=\"color: #4a0000;font-size: 12pt\"><em><strong>* Young scientists:<\/strong><\/em><\/span><\/td>\n<\/tr>\n<tr style=\"height: 24px\">\n<td style=\"width: 24px;height: 24px\"><\/td>\n<td style=\"width: 8px;height: 24px\"><\/td>\n<td style=\"width: 203px;height: 24px\"><strong>Angela Kochoska<\/strong><strong><br \/>\n<\/strong><\/td>\n<td style=\"width: 130px;height: 24px\">Ljubljana (SI)<\/td>\n<td style=\"width: 323px;height: 24px\">Kepler, classification of eclipsing binaries<\/td>\n<\/tr>\n<tr style=\"height: 24px\">\n<td style=\"width: 24px;height: 24px\"><\/td>\n<td style=\"width: 8px;height: 24px\"><\/td>\n<td style=\"width: 203px;height: 24px\"><strong>Michal Pawlak<\/strong><\/td>\n<td style=\"width: 130px;height: 24px\">Warsaw (PL)<\/td>\n<td style=\"width: 323px;height: 24px\">OGLE, detection and classification of eclipsing binaries<\/td>\n<\/tr>\n<\/tbody>\n<\/table>\n","protected":false},"excerpt":{"rendered":"<p>* Core team members: Nami Mowlavi\u00a0(Team leader) Geneva (CH) Gaia; eclipsing binaries; variable stars Fr\u00e9d\u00e9ric Arenou Paris-Meudon (FR) Gaia; binaries within the Besan\u00e7on model of the Galaxy Gregory A. Feiden Uppsala (SE) Testing stellar evolution model predictions with eclipsing binaries &hellip; <a href=\"https:\/\/www.issibern.ch\/teams\/sysgaiaera\/team\/\">Continue reading <span class=\"meta-nav\">&rarr;<\/span><\/a><\/p>\n","protected":false},"author":2,"featured_media":0,"parent":0,"menu_order":0,"comment_status":"closed","ping_status":"closed","template":"","meta":{"footnotes":""},"class_list":["post-19","page","type-page","status-publish","hentry"],"_links":{"self":[{"href":"https:\/\/www.issibern.ch\/teams\/sysgaiaera\/wp-json\/wp\/v2\/pages\/19","targetHints":{"allow":["GET"]}}],"collection":[{"href":"https:\/\/www.issibern.ch\/teams\/sysgaiaera\/wp-json\/wp\/v2\/pages"}],"about":[{"href":"https:\/\/www.issibern.ch\/teams\/sysgaiaera\/wp-json\/wp\/v2\/types\/page"}],"author":[{"embeddable":true,"href":"https:\/\/www.issibern.ch\/teams\/sysgaiaera\/wp-json\/wp\/v2\/users\/2"}],"replies":[{"embeddable":true,"href":"https:\/\/www.issibern.ch\/teams\/sysgaiaera\/wp-json\/wp\/v2\/comments?post=19"}],"version-history":[{"count":0,"href":"https:\/\/www.issibern.ch\/teams\/sysgaiaera\/wp-json\/wp\/v2\/pages\/19\/revisions"}],"wp:attachment":[{"href":"https:\/\/www.issibern.ch\/teams\/sysgaiaera\/wp-json\/wp\/v2\/media?parent=19"}],"curies":[{"name":"wp","href":"https:\/\/api.w.org\/{rel}","templated":true}]}}