{"id":19,"date":"2019-08-07T09:39:50","date_gmt":"2019-08-07T07:39:50","guid":{"rendered":"http:\/\/www.issibern.ch\/teams\/useenergyelect\/?page_id=19"},"modified":"2019-08-07T09:39:50","modified_gmt":"2019-08-07T07:39:50","slug":"members-of-the-team","status":"publish","type":"page","link":"https:\/\/www.issibern.ch\/teams\/useenergyelect\/members-of-the-team\/","title":{"rendered":"Our team"},"content":{"rendered":"\n<table class=\" aligncenter\">\n<tbody>\n<tr>\n<td>Li, Gang (Team leader)<br \/><a href=\"mailto:gangli.uah@gmail.com\"><em>gangli.uah@gmail.com<\/em><\/a><\/td>\n<td>University of Alabama in Huntsville<\/td>\n<td>USA<\/td>\n<\/tr>\n<tr>\n<td>Wang, Linghua (Co-leader)<br \/><a href=\"mailto:wanglhwang@gmail.com\" target=\"_blank\" rel=\"noopener noreferrer\"><em>wanglhwang@gmail.com<\/em><\/a><\/td>\n<td>Peking University<\/td>\n<td>China<\/td>\n<\/tr>\n<tr>\n<td>DR\u00d6GE, Wolfgang<br \/><em><a href=\"mailto:wolfgang.droege@astro.uni-wuerzburg.de\" target=\"_blank\" rel=\"noopener noreferrer\">wolfgang.droege@astro.uni-wuerzburg.de<\/a><\/em><\/td>\n<td>Julius-Maximilians-Universit\u00e4t W\u00fcrzburg<\/td>\n<td>Germany<\/td>\n<\/tr>\n<tr>\n<td>EFFENBERGER, Frederic<br \/><em><a href=\"mailto:feffen@gfz-potsdam.de\" target=\"_blank\" rel=\"noopener noreferrer\">feffen@gfz-potsdam.de<\/a><\/em><\/td>\n<td>German Centre for Geosciences<\/td>\n<td>Germany<\/td>\n<\/tr>\n<tr>\n<td>Ho, George<br \/><em><a href=\"mailto:George.Ho@jhuapl.edu\" target=\"_blank\" rel=\"noopener noreferrer\">George.Ho@jhuapl.edu<\/a><\/em><\/td>\n<td>JHU\/APL<\/td>\n<td>USA<\/td>\n<\/tr>\n<tr>\n<td>KARTAVYKH, Yulia<br \/><em><a href=\"mailto:ykartavykh@astro.uni-wuerzburg.de\" target=\"_blank\" rel=\"noopener noreferrer\">ykartavykh@astro.uni-wuerzburg.de<\/a><\/em><\/td>\n<td>Ioffe Physical-Technical Institute<br \/>Julius-Maximilians-Universit\u00e4t W\u00fcrzburg<\/td>\n<td>Russia<br \/>Germany<\/td>\n<\/tr>\n<tr>\n<td>LAITINEN, Timo<br \/><em><a href=\"mailto:tlmlaitinen@uclan.ac.uk\" target=\"_blank\" rel=\"noopener noreferrer\">tlmlaitinen@uclan.ac.uk<\/a><\/em><\/td>\n<td>University of Central Lancashire<\/td>\n<td>UK<\/td>\n<\/tr>\n<tr>\n<td>LUGAZ, No\u00e9<br \/><em><a href=\"mailto:nlugaz@guero.sr.unh.edu\" target=\"_blank\" rel=\"noopener noreferrer\">nlugaz@guero.sr.unh.edu<\/a><\/em><\/td>\n<td>University of New Hampshire (UNH)<\/td>\n<td>USA<\/td>\n<\/tr>\n<tr>\n<td>YAO, Shuo<br \/><em><a href=\"mailto:yaoshuo@cugb.edu.cn\" target=\"_blank\" rel=\"noopener noreferrer\">yaoshuo@cugb.edu.cn<\/a><\/em><\/td>\n<td>China University of Geosciences (Beijing)<\/td>\n<td>China<\/td>\n<\/tr>\n<tr>\n<td>Zhao, Lulu<br \/><em><a href=\"mailto:zhaolulumier@gmail.com\" target=\"_blank\" rel=\"noopener noreferrer\">zhaolulumier@gmail.com<\/a><\/em><\/td>\n<td>Florida Institute of Technology<\/td>\n<td>USA<\/td>\n<\/tr>\n<tr>\n<td>Zhang, Ming<br \/><em><a href=\"mailto:mzhang@fit.edu\" target=\"_blank\" rel=\"noopener noreferrer\">mzhang@fit.edu<\/a><\/em><\/td>\n<td>Florida Institute of Technology<\/td>\n<td>USA<\/td>\n<\/tr>\n<tr>\n<td>Pingbing, Zuo<br \/><em><a href=\"mailto:pbzuo@hit.edu.cn\" target=\"_blank\" rel=\"noopener noreferrer\">pbzuo@hit.edu.cn<\/a><\/em><\/td>\n<td>Harbin Institute of Technology<\/td>\n<td>China<\/td>\n<\/tr>\n<tr>\n<td>Nicolas Wijsen<br \/><em><a href=\"mailto:nicolas.wijsen@kuleuven.be\" target=\"_blank\" rel=\"noopener noreferrer\">nicolas.wijsen@kuleuven.be<\/a><\/em><\/td>\n<td>KU Leuven<\/td>\n<td>Belgium<\/td>\n<\/tr>\n<tr>\n<td>Yihong (Shirley) Wu<br \/><em><a href=\"mailto:ywu@irap.omp.eu\" target=\"_blank\" rel=\"noopener noreferrer\">ywu@irap.omp.eu<\/a><\/em><\/td>\n<td>Institut de Recherche en Astrophysique et Plan\u00e9tologie<\/td>\n<td>France<\/td>\n<\/tr>\n<\/tbody>\n<\/table>\n<p>\u00a0<\/p>\n<p>\u00a0<\/p>\n\n\n\n<p style=\"text-align: left\"><img loading=\"lazy\" decoding=\"async\" class=\"wp-image-96 alignleft\" src=\"http:\/\/www.issibern.ch\/teams\/useenergyelect\/wp-content\/uploads\/2019\/10\/YihongShirleyWu\u6539-1-236x300.jpg\" alt=\"\" width=\"140\" height=\"178\" srcset=\"https:\/\/www.issibern.ch\/teams\/useenergyelect\/wp-content\/uploads\/sites\/179\/2019\/10\/YihongShirleyWu\u6539-1-236x300.jpg 236w, https:\/\/www.issibern.ch\/teams\/useenergyelect\/wp-content\/uploads\/sites\/179\/2019\/10\/YihongShirleyWu\u6539-1.jpg 370w\" sizes=\"auto, (max-width: 140px) 100vw, 140px\" \/><\/p>\n<p>\u00a0<\/p>\n<p style=\"text-align: center\"><strong>Yihong (Shirley) Wu<\/strong><\/p>\n<p style=\"text-align: center\"><em><a href=\"mailto:ywu@irap.omp.eu\" target=\"_blank\" rel=\"noopener noreferrer\">ywu@irap.omp.eu<\/a><\/em><\/p>\n<p>\u00a0<\/p>\n<p>\u00a0<\/p>\n<p><img loading=\"lazy\" decoding=\"async\" class=\"wp-image-94 alignleft\" src=\"http:\/\/www.issibern.ch\/teams\/useenergyelect\/wp-content\/uploads\/2019\/10\/Nicolos\u6539-261x300.jpg\" alt=\"\" width=\"140\" height=\"161\" srcset=\"https:\/\/www.issibern.ch\/teams\/useenergyelect\/wp-content\/uploads\/sites\/179\/2019\/10\/Nicolos\u6539-261x300.jpg 261w, https:\/\/www.issibern.ch\/teams\/useenergyelect\/wp-content\/uploads\/sites\/179\/2019\/10\/Nicolos\u6539.jpg 370w\" sizes=\"auto, (max-width: 140px) 100vw, 140px\" \/><\/p>\n<p>\u00a0<\/p>\n<p style=\"text-align: center\"><strong>Nicolas Wijsen<\/strong><\/p>\n<p style=\"text-align: center\"><em><a href=\"https:\/\/www.kuleuven.be\/wieiswie\/en\/person\/00111296\">Personal website<\/a><\/em><\/p>\n<p>\u00a0<\/p>\n","protected":false},"excerpt":{"rendered":"<p>Li, Gang (Team leader)gangli.uah@gmail.com University of Alabama in Huntsville USA Wang, Linghua (Co-leader)wanglhwang@gmail.com Peking University China DR\u00d6GE, Wolfgangwolfgang.droege@astro.uni-wuerzburg.de Julius-Maximilians-Universit\u00e4t W\u00fcrzburg Germany EFFENBERGER, Fredericfeffen@gfz-potsdam.de German Centre for Geosciences Germany Ho, GeorgeGeorge.Ho@jhuapl.edu JHU\/APL USA KARTAVYKH, Yuliaykartavykh@astro.uni-wuerzburg.de Ioffe Physical-Technical InstituteJulius-Maximilians-Universit\u00e4t W\u00fcrzburg RussiaGermany LAITINEN, &hellip; <a href=\"https:\/\/www.issibern.ch\/teams\/useenergyelect\/members-of-the-team\/\">Continue reading <span class=\"meta-nav\">&rarr;<\/span><\/a><\/p>\n","protected":false},"author":2,"featured_media":0,"parent":0,"menu_order":0,"comment_status":"closed","ping_status":"closed","template":"","meta":{"footnotes":""},"class_list":["post-19","page","type-page","status-publish","hentry"],"_links":{"self":[{"href":"https:\/\/www.issibern.ch\/teams\/useenergyelect\/wp-json\/wp\/v2\/pages\/19","targetHints":{"allow":["GET"]}}],"collection":[{"href":"https:\/\/www.issibern.ch\/teams\/useenergyelect\/wp-json\/wp\/v2\/pages"}],"about":[{"href":"https:\/\/www.issibern.ch\/teams\/useenergyelect\/wp-json\/wp\/v2\/types\/page"}],"author":[{"embeddable":true,"href":"https:\/\/www.issibern.ch\/teams\/useenergyelect\/wp-json\/wp\/v2\/users\/2"}],"replies":[{"embeddable":true,"href":"https:\/\/www.issibern.ch\/teams\/useenergyelect\/wp-json\/wp\/v2\/comments?post=19"}],"version-history":[{"count":0,"href":"https:\/\/www.issibern.ch\/teams\/useenergyelect\/wp-json\/wp\/v2\/pages\/19\/revisions"}],"wp:attachment":[{"href":"https:\/\/www.issibern.ch\/teams\/useenergyelect\/wp-json\/wp\/v2\/media?parent=19"}],"curies":[{"name":"wp","href":"https:\/\/api.w.org\/{rel}","templated":true}]}}