{"id":46,"date":"2018-11-27T11:23:06","date_gmt":"2018-11-27T09:23:06","guid":{"rendered":"http:\/\/www.issibern.ch\/teams\/vortexflowsolplas\/?page_id=46"},"modified":"2018-11-27T11:23:06","modified_gmt":"2018-11-27T09:23:06","slug":"publications","status":"publish","type":"page","link":"https:\/\/www.issibern.ch\/teams\/vortexflowsolplas\/publications\/","title":{"rendered":"Publications"},"content":{"rendered":"<p><span style=\"color: #0000ff;font-size: 14pt\"><strong><em><span style=\"font-family: georgia, palatino, serif\">2019<\/span><\/em><\/strong><\/span><\/p>\n<ul style=\"list-style-type: disc\">\n<li>Tziotziou<span style=\"color: #ff0000\">*<\/span>, K., Tsiropoula<span style=\"color: #ff0000\">*<\/span>, G., &amp; Kontogiannis<span style=\"color: #ff0000\">*<\/span>, I., 2019,\u00a0 \u201c<em>A persistent quiet-Sun small-scale tornado. II. Oscillations\u201d, <\/em>Astronomy &amp; Astrophysics, 623, A160 <a href=\"https:\/\/ui.adsabs.harvard.edu\/link_gateway\/2019A&amp;A...623A.160T\/doi:10.1051\/0004-6361\/201834679\" target=\"_blank\" rel=\"noopener noreferrer\">https:\/\/doi.org\/10.1051\/0004-6361\/201834679<\/a><\/li>\n<li class=\"author\">Shetye, J., Verwichte, E., Stangalini, M., Judge, Philip G., Doyle, J. G., Arber, T., Scullion<span style=\"color: #ff0000\">*<\/span>, E., &amp;\u00a0Wedemeyer<span style=\"color: #ff0000\">*<span style=\"color: #000000\">,<\/span><\/span> S., 2019, \u201c<em>Multiwavelength High-resolution Observations of Chromospheric Swirls in the Quiet Sun\u201d,<\/em>The Astrophysical Journal, 881, 83\u00a0 <a href=\"https:\/\/ui.adsabs.harvard.edu\/link_gateway\/2019ApJ...881...83S\/doi:10.3847\/1538-4357\/ab2bf9\" target=\"_blank\" rel=\"noopener noreferrer\">https:\/\/doi.org\/10.3847\/1538-4357\/ab2bf9<\/a>\u00a0(open access)<\/li>\n<\/ul>\n<p><span style=\"color: #0000ff;font-size: 14pt\"><strong><em><span style=\"font-family: georgia, palatino, serif\">2020<\/span><\/em><\/strong><\/span><\/p>\n<ul>\n<li>Silva, S., Fedun<span style=\"color: #ff0000\">*<\/span>, V., Verth, G., Rempel, E. &amp; Shelyag<span style=\"color: #ff0000\">*<\/span>, S., 2020, <em>\u201cSolar Vortex Tubes: Vortex Dynamics in the Solar Atmosphere\u201d<\/em>, The Astrophysical Journal, 898 137 \u00a0<a href=\"https:\/\/doi.org\/10.3847\/1538-4357\/ab99a9\">https:\/\/doi.org\/10.3847\/1538-4357\/ab99a9<\/a><\/li>\n<li>Gonz\u00e1lez-Avil\u00e9s, J. J., Guzm\u00e1n, F. S., Fedun<span style=\"color: #ff0000\">*<\/span>, V. &amp; Verth, G., 2020, <em>\u201cSpicule jets in the solar atmosphere modeled with resistive MHD and thermal conduction\u201d<\/em>, The Astrophysical Journal, The Astrophysical Journal, 897, 153 <a href=\"https:\/\/doi.org\/10.3847\/1538-4357\/ab97b8\">https:\/\/doi.org\/10.3847\/1538-4357\/ab97b8<\/a><\/li>\n<li>Tsap, Y., Fedun<span style=\"color: #ff0000\">*<\/span>, V., Cheremnykh, O., <em>et al.<\/em>, 2020, <em>\u201c<\/em><em>On the Stabilization of a Twisted Magnetic Flux Tube\u201d, <\/em>The Astrophysical Journal, 901, 99 <a href=\"https:\/\/doi.org\/10.3847\/1538-4357\/abaf01\">https:\/\/doi.org\/10.3847\/1538-4357\/abaf01<\/a><\/li>\n<li>Canivete Cuissa<span style=\"color: #ff0000\">*<\/span>, J.R.\u00a0 &amp; Steiner<span style=\"color: #ff0000\">*<\/span>, O., <em>\u201cVortices evolution in the solar atmosphere. A dynamical equation for the swirling strength\u201d<\/em>, 2020, Astronomy &amp; Astrophysics, 639, A118 <a href=\"https:\/\/doi.org\/10.1051\/0004-6361\/202038060\">https:\/\/doi.org\/10.1051\/0004-6361\/202038060<\/a><\/li>\n<li>Yadav<span style=\"color: #ff0000\">*<\/span>, Nitin, Cameron, R. H., &amp; Solanki, S. K., <em>\u201cSimulations Show that Vortex Flows Could Heat the Chromosphere in Solar Plage\u201d<\/em>, 2020, The Astrophysical Journal Letters, 894, L17 <a href=\"https:\/\/doi.org\/10.3847\/2041-8213\/ab8dc5\">https:\/\/doi.org\/10.3847\/2041-8213\/ab8dc5<\/a><\/li>\n<li>Tziotziou<span style=\"color: #ff0000\">*<\/span>, K., Tsiropoula<span style=\"color: #ff0000\">*<\/span>, G., &amp; Kontogiannis<span style=\"color: #ff0000\">*<\/span>, I., 2020, <em>\u201cA persistent quiet-Sun small-scale tornado &#8211; III. Waves\u201d<\/em>, Astronomy &amp; Astrophysics, 643, A166 <a href=\"https:\/\/doi.org\/10.1051\/0004-6361\/202038951\">https:\/\/doi.org\/10.1051\/0004-6361\/202038951<\/a><\/li>\n<\/ul>\n<p><span style=\"color: #0000ff;font-size: 14pt\"><strong><em><span style=\"font-family: georgia, palatino, serif\">2021<\/span><\/em><\/strong><\/span><\/p>\n<ul>\n<li>Alharbi, A., Ballai, I., Fedun<span style=\"color: #ff0000\">*<\/span>, V., Verth, G., 2021, <em>\u201cSlow magnetoacoustic waves in gravitationally stratified two-fluid plasmas in strongly ionized limit\u201d<\/em>, Monthly Notices of the Royal Astronomical Society, Volume 501, Issue 2, Pages 1940\u20131950 <a href=\"https:\/\/doi.org\/10.1093\/mnras\/staa3835\">https:\/\/doi.org\/10.1093\/mnras\/staa3835<\/a><\/li>\n<li>Yadav<span style=\"color: #ff0000\">*<\/span>, N., Cameron, R. H., &amp; Solanki, S. K., <em>\u201cVortex flow properties in simulations of solar plage region: Evidence for their role in chromospheric heating\u201d<\/em>, 2021, Astronomy &amp; Astrophysics, 645, A3 <a href=\"https:\/\/doi.org\/10.1051\/0004-6361\/202038965\">https:\/\/doi.org\/10.1051\/0004-6361\/202038965<\/a><\/li>\n<li>Khomenko<span style=\"color: #ff0000\">*<\/span>, E., Collados, M., Vitas, N., &amp; Gonz\u00e1lez-Morales, P. A., 2021, <em>\u201cInfluence of ambipolar and Hall effects on vorticity in three-dimensional simulations of magneto-convection\u201d<\/em>, Phil. Trans. R. Soc. A., 379:20200176 <a href=\"http:\/\/doi.org\/10.1098\/rsta.2020.0176\">http:\/\/doi.org\/10.1098\/rsta.2020.0176<\/a><\/li>\n<li>Dakanalis, I., Tsiropoula<span style=\"color: #ff0000\">*<\/span>, G., Tziotziou<span style=\"color: #ff0000\">*<\/span>, K., Koutroumbas, K., 2021, <em>\u201cAutomated Detection of Chromospheric Swirls Based on Their Morphological Characteristics\u201d<\/em>, Solar Physics, 296, 17 <a href=\"https:\/\/doi.org\/10.1007\/s11207-020-01748-3\">https:\/\/doi.org\/10.1007\/s11207-020-01748-3<\/a><\/li>\n<li>Skirvin<span style=\"color: #ff0000\">*<\/span>, S.J., Fedun<span style=\"color: #ff0000\">*<\/span>, V., and Verth, G., 2021,<em>\u201cI. The effect of symmetric and spatially varying equilibria and flow on MHD wave modes: slab geometry\u201d<\/em>, Monthly Notices of the Royal Astronomical Society, 504, 4077 <a href=\"https:\/\/doi.org\/10.1093\/mnras\/stab1143\">https:\/\/doi.org\/10.1093\/mnras\/stab1143<\/a><\/li>\n<li>Silva, S.S.A., Verth, G., Rempel, E.L., Shelyag<span style=\"color: #ff0000\">*<\/span>, S., Schiavo, L.A.C.A., and Fedun<span style=\"color: #ff0000\">*<\/span>, V., 2021, <em>\u201cSolar Vortex Tubes. II. On the Origin of Magnetic Vortices\u201d<\/em>, The Astrophysical Journal, 915, 24 \u00a0<a href=\"https:\/\/doi.org\/10.3847\/1538-4357\/abfec2\">https:\/\/doi.org\/10.3847\/1538-4357\/abfec2<\/a><\/li>\n<li>Battaglia, A.F., Canivete Cuissa<span style=\"color: #ff0000\">*<\/span>, J.R., Calvo, F., Bossart<span style=\"color: #ff0000\">*<\/span>, A.A., and Steiner<span style=\"color: #ff0000\">*<\/span>, O., 2021, <em>\u201cThe Alfv\u00e9nic nature of chromospheric swirls\u201d<\/em>, Astronomy &amp; Astrophysics, 649, A121 <a href=\"https:\/\/doi.org\/10.1051\/0004-6361\/202040110\">https:\/\/doi.org\/10.1051\/0004-6361\/202040110<\/a><\/li>\n<li>Onishchenko, O., Fedun<span style=\"color: #ff0000\">*<\/span>, V., Horton, W., Pokhotelov, O., Astafieva, N., Skirvin<span style=\"color: #ff0000\">*<\/span>, S.J. and Verth, G., 2021, <em>\u201cThe stationary concentrated vortex mode\u201d<\/em>, Climate MDPI, 9(3), 39\u00a0 <a href=\"https:\/\/doi.org\/10.3390\/cli9030039\">https:\/\/doi.org\/10.3390\/cli9030039<\/a><\/li>\n<li>Onishchenko, O., Fedun<span style=\"color: #ff0000\">*<\/span>, V. Ballai, I., Kryshtal, A. and Verth, G., 2021, <em>\u201cGeneration of Localised Vertical Streams in Unstable Stratified Atmosphere\u201d,<\/em> Fluids 6, no. 12: 454 <a href=\"https:\/\/doi.org\/10.3390\/fluids6120454\">https:\/\/doi.org\/10.3390\/fluids6120454<\/a><\/li>\n<\/ul>\n<p><span style=\"color: #0000ff;font-size: 14pt\"><strong><em><span style=\"font-family: georgia, palatino, serif\">2022<\/span><\/em><\/strong><\/span><\/p>\n<ul>\n<li>Skirvin<span style=\"color: #ff0000\">*<\/span>, S.J., Fedun<span style=\"color: #ff0000\">*<\/span>, V., Silva, S.S.A., and Verth, G., 2022, <em>\u201cII. The effect of axisymmetric and spatially varying equilibria and flow on MHD wave modes: cylindrical geometry\u201d<\/em>, Monthly Notices of the Royal Astronomical Society, 510, 2689 <a href=\"https:\/\/doi.org\/10.1093\/mnras\/stab3635\">https:\/\/doi.org\/10.1093\/mnras\/stab3635<\/a><\/li>\n<li>Dakanalis, I., Tsiropoula<span style=\"color: #ff0000\">*<\/span>, G., Tziotziou<span style=\"color: #ff0000\">*<\/span>, K., and Kontogiannis<span style=\"color: #ff0000\">*<\/span>, I. 2022, <em>\u201cChromospheric swirls. I. Automated detection in H\u03b1 observations and their statistical properties\u201d, <\/em>Astronomy &amp; Astrophysics, 663, A94. <a href=\"https:\/\/doi.org\/10.1051\/0004-6361\/202243236\">https:\/\/doi.org\/10.1051\/0004-6361\/202243236<\/a><\/li>\n<li>Aljohani, Y., Fedun<span style=\"color: #ff0000\">*<\/span>, V., Ballai, I., Silva, S.S.A., Shelyag<span style=\"color: #ff0000\">*<\/span>, S., and Verth, G. 2022,\u00a0 <em>\u201cNew Approach for Analyzing Dynamical Processes on the Surface of Photospheric Vortex Tubes\u201d, <\/em>The Astrophysical Journal, 928, 3\u00a0 <a href=\"https:\/\/doi.org\/10.3847\/1538-4357\/ac56db\">https:\/\/doi.org\/10.3847\/1538-4357\/ac56db<\/a><\/li>\n<li>Canivete Cuissa<span style=\"color: #ff0000\">*<\/span>, J.R. and Steiner<span style=\"color: #ff0000\">*<\/span>, O. 2022, <em>\u201cInnovative and automated method for vortex identification. I. Description of the SWIRL algorithm\u201d, <\/em>Astronomy and Astrophysics, 668, A118 <a href=\"https:\/\/doi.org\/10.1051\/0004-6361\/202243740\">https:\/\/doi.org\/10.1051\/0004-6361\/202243740<\/a><\/li>\n<li>Alharbi, A., Ballai, I., Fedun<span style=\"color: #ff0000\">*<\/span>, V., and Verth, G. 2022, <em>\u201cWaves in weakly ionized solar plasmas\u201d, <\/em>Monthly Notices of the Royal Astronomical Society, 511, 5274 <a href=\"https:\/\/doi.org\/10.1093\/mnras\/stac444\">https:\/\/doi.org\/10.1093\/mnras\/stac444<\/a><\/li>\n<li>Silva, S.S.A., Murabito, M., Jafarzadeh, S., Stangalini, M., Verth, G., Ballai, I., Fedun<span style=\"color: #ff0000\">*<\/span>, V. 2022, <em>\u201cThe Importance of Horizontal Poynting Flux in the Solar Photosphere\u201d, <\/em>The Astrophysical Journal, 927, 146 <a href=\"https:\/\/doi.org\/10.3847\/1538-4357\/ac4601\">https:\/\/doi.org\/10.3847\/1538-4357\/ac4601<\/a><\/li>\n<\/ul>\n<p><span style=\"color: #0000ff;font-size: 14pt\"><strong><em><span style=\"font-family: georgia, palatino, serif\">2023<\/span><\/em><\/strong><\/span><\/p>\n<ul>\n<li>Skirvin<span style=\"color: #ff0000\">*<\/span>, S.J., Fedun<span style=\"color: #ff0000\">*<\/span>, V., Silva, S.S.A., Van Doorsselaere, T., Claes, N., Goossens, M., Verth, G. 2023, <em>\u201cThe effect of linear background rotational flows on magnetoacoustic modes of a photospheric magnetic flux tube\u201d<\/em>, Monthly Notices of the Royal Astronomical Society, 518, 6355 <a href=\"https:\/\/doi.org\/10.1093\/mnras\/stac3550\">https:\/\/doi.org\/10.1093\/mnras\/stac3550<\/a><\/li>\n<li>Tziotziou<span style=\"color: #ff0000\">*<\/span>, K., Scullion<span style=\"color: #ff0000\">*<\/span>, E., Shelyag<span style=\"color: #ff0000\">*<\/span>, S., Steiner<span style=\"color: #ff0000\">*<\/span>, O., Khomenko<span style=\"color: #ff0000\">*<\/span>, E., Tsiropoula<span style=\"color: #ff0000\">*<\/span>, G.,\u00a0Canivete Cuissa<span style=\"color: #ff0000\">*<\/span>, J. R., Wedemeyer<span style=\"color: #ff0000\">*<\/span>, S.,\u00a0Kontogiannis<span style=\"color: #ff0000\">*<\/span>, I.,\u00a0 Yadav<span style=\"color: #ff0000\">*<\/span>, N.,\u00a0Kitiashvili<span style=\"color: #ff0000\">*<\/span>, I. N.,\u00a0Skirvin<span style=\"color: #ff0000\">*<\/span>, S. J.,\u00a0\u00a0Dakanalis, I., Kosovichev<span style=\"color: #ff0000\">*<\/span>, A. G., Fedun<span style=\"color: #ff0000\">*<\/span>, V., 2023, <em>\u201cVortex Motions in the Solar Atmosphere\u201d<\/em>, Space Science Reviews, 219, 1. <a href=\"https:\/\/doi.org\/10.1007\/s11214-022-00946-8\">https:\/\/doi.org\/10.1007\/s11214-022-00946-8<\/a> <strong><span style=\"color: #ff0000\">(REVIEW PAPER)<\/span><\/strong><\/li>\n<\/ul>\n<p><em><span style=\"color: #ff0000\">*<\/span> <span style=\"color: #ff0000\">ISSI team members<\/span><\/em><\/p>\n\n","protected":false},"excerpt":{"rendered":"<p>2019 Tziotziou*, K., Tsiropoula*, G., &amp; Kontogiannis*, I., 2019,\u00a0 \u201cA persistent quiet-Sun small-scale tornado. II. Oscillations\u201d, Astronomy &amp; Astrophysics, 623, A160 https:\/\/doi.org\/10.1051\/0004-6361\/201834679 Shetye, J., Verwichte, E., Stangalini, M., Judge, Philip G., Doyle, J. G., Arber, T., Scullion*, E., &amp;\u00a0Wedemeyer*, S., &hellip; <a href=\"https:\/\/www.issibern.ch\/teams\/vortexflowsolplas\/publications\/\">Continue reading <span class=\"meta-nav\">&rarr;<\/span><\/a><\/p>\n","protected":false},"author":2,"featured_media":0,"parent":0,"menu_order":0,"comment_status":"closed","ping_status":"closed","template":"","meta":{"footnotes":""},"class_list":["post-46","page","type-page","status-publish","hentry"],"_links":{"self":[{"href":"https:\/\/www.issibern.ch\/teams\/vortexflowsolplas\/wp-json\/wp\/v2\/pages\/46","targetHints":{"allow":["GET"]}}],"collection":[{"href":"https:\/\/www.issibern.ch\/teams\/vortexflowsolplas\/wp-json\/wp\/v2\/pages"}],"about":[{"href":"https:\/\/www.issibern.ch\/teams\/vortexflowsolplas\/wp-json\/wp\/v2\/types\/page"}],"author":[{"embeddable":true,"href":"https:\/\/www.issibern.ch\/teams\/vortexflowsolplas\/wp-json\/wp\/v2\/users\/2"}],"replies":[{"embeddable":true,"href":"https:\/\/www.issibern.ch\/teams\/vortexflowsolplas\/wp-json\/wp\/v2\/comments?post=46"}],"version-history":[{"count":0,"href":"https:\/\/www.issibern.ch\/teams\/vortexflowsolplas\/wp-json\/wp\/v2\/pages\/46\/revisions"}],"wp:attachment":[{"href":"https:\/\/www.issibern.ch\/teams\/vortexflowsolplas\/wp-json\/wp\/v2\/media?parent=46"}],"curies":[{"name":"wp","href":"https:\/\/api.w.org\/{rel}","templated":true}]}}