{"id":12,"date":"2014-11-27T16:39:37","date_gmt":"2014-11-27T15:39:37","guid":{"rendered":"https:\/\/www.issibern.ch\/workinggroups\/monitorenergyflow\/?page_id=12"},"modified":"2014-11-27T16:39:37","modified_gmt":"2014-11-27T15:39:37","slug":"members","status":"publish","type":"page","link":"https:\/\/www.issibern.ch\/workinggroups\/monitorenergyflow\/members\/","title":{"rendered":"Members"},"content":{"rendered":"<p><strong>Leader<\/strong>:<strong>\u00a0\u00a0\u00a0\u00a0 <\/strong>Karina von Schuckmann (Mediterranean Institute of Oceanography, University of Toulon, Toulon, France)<\/p>\n<p><strong>Participants<\/strong><\/p>\n<ul>\n<li>Anny Cazenave (International Space Science Institute, Bern, Switzerland)<\/li>\n<li>Don Chambers (University of South Florida, College of Marine Science, St.Petersburg, Florida, USA)<\/li>\n<li>Nicolas Champollion (International Space Science Institute, Bern, Switzerland)<\/li>\n<li>James Hansen (Earth Institute, Columbia University, New York, USA)<\/li>\n<li>Simon Josey (National Oceanography Centre, Southampton, UK)<\/li>\n<li>Norman Loeb (NASA Langley Research Center, Hampton, Virginia, USA)<\/li>\n<li>Pierre-Philippe Mathieu (European Space Agency, Rome, Italy)<\/li>\n<li>Benoit Meyssignac (Laboratoire d\u2019\u00c9tudes en G\u00e9ophysique et Oc\u00e9anographie Spatiales \/ Centre national d&#8217;\u00e9tudes spatiales, Toulouse, France)<\/li>\n<li>Matt Palmer (Met Office Hadley Centre, Exeter, UK)<\/li>\n<li>Kevin Trenberth (National Center for Atmospheric Research, Boulder, Colorado USA)<\/li>\n<li>Martin Wild (ETH Zurich, Zurich, Switzerland)<\/li>\n<\/ul>\n","protected":false},"excerpt":{"rendered":"<p>Leader:\u00a0\u00a0\u00a0\u00a0 Karina von Schuckmann (Mediterranean Institute of Oceanography, University of Toulon, Toulon, France) Participants Anny Cazenave (International Space Science Institute, Bern, Switzerland) Don Chambers (University of South Florida, College of Marine Science, St.Petersburg, Florida, USA) Nicolas Champollion (International Space Science &hellip; <a href=\"https:\/\/www.issibern.ch\/workinggroups\/monitorenergyflow\/members\/\">Continue reading <span class=\"meta-nav\">&rarr;<\/span><\/a><\/p>\n","protected":false},"author":2,"featured_media":0,"parent":0,"menu_order":1,"comment_status":"closed","ping_status":"closed","template":"","meta":[],"_links":{"self":[{"href":"https:\/\/www.issibern.ch\/workinggroups\/monitorenergyflow\/wp-json\/wp\/v2\/pages\/12"}],"collection":[{"href":"https:\/\/www.issibern.ch\/workinggroups\/monitorenergyflow\/wp-json\/wp\/v2\/pages"}],"about":[{"href":"https:\/\/www.issibern.ch\/workinggroups\/monitorenergyflow\/wp-json\/wp\/v2\/types\/page"}],"author":[{"embeddable":true,"href":"https:\/\/www.issibern.ch\/workinggroups\/monitorenergyflow\/wp-json\/wp\/v2\/users\/2"}],"replies":[{"embeddable":true,"href":"https:\/\/www.issibern.ch\/workinggroups\/monitorenergyflow\/wp-json\/wp\/v2\/comments?post=12"}],"version-history":[{"count":0,"href":"https:\/\/www.issibern.ch\/workinggroups\/monitorenergyflow\/wp-json\/wp\/v2\/pages\/12\/revisions"}],"wp:attachment":[{"href":"https:\/\/www.issibern.ch\/workinggroups\/monitorenergyflow\/wp-json\/wp\/v2\/media?parent=12"}],"curies":[{"name":"wp","href":"https:\/\/api.w.org\/{rel}","templated":true}]}}