{"id":86,"date":"2016-03-18T11:15:35","date_gmt":"2016-03-18T10:15:35","guid":{"rendered":"https:\/\/www.issibern.ch\/workshops\/earthecosystem\/?page_id=4"},"modified":"2016-03-18T11:15:35","modified_gmt":"2016-03-18T10:15:35","slug":"participants-and-conveners","status":"publish","type":"page","link":"https:\/\/www.issibern.ch\/workshops\/earthecosystem\/participants-and-conveners\/","title":{"rendered":"Convenors &amp; Participants"},"content":{"rendered":"<p><strong>Convenors<\/strong><\/p>\n<ul style=\"list-style-type: square\">\n<li>Anny Cazenave (International Space Science Institute, Bern, Switzerland)<\/li>\n<li>Nicolas Champollion (International Space Science Institute, Bern, Switzerland)<\/li>\n<li>Saskia F\u00f6rster (GFZ, Potsdam, Germany)<\/li>\n<li>Luis Guanter (GFZ, Potsdam, Germany)<\/li>\n<li>Jos\u00e9 Moreno (University of Valencia, Valencia, Spain)<\/li>\n<li>Andreas M\u00fcller (DLR Oberpfaffenhofen,We\u00dfling, Germany)<\/li>\n<li>Michael Rast (ESA\/ESRIN, Frascati, Italy)<\/li>\n<li>Michael Schaepman (University of Z\u00fcrich, Z\u00fcrich, Switzerland)<\/li>\n<\/ul>\n<p><strong>Participants<\/strong><\/p>\n<p><a href=\"https:\/\/www.issibern.ch\/workshops\/earthecosystem\/wp-content\/uploads\/sites\/10\/2016\/11\/ISSI_Workshop_Imaging-Spectroscopy_Participant-list_final-4.pdf\" target=\"_blank\" rel=\"noopener\">Workshop participants &gt;&gt;&gt;<\/a><\/p>\n","protected":false},"excerpt":{"rendered":"<p>Convenors Anny Cazenave (International Space Science Institute, Bern, Switzerland) Nicolas Champollion (International Space Science Institute, Bern, Switzerland) Saskia F\u00f6rster (GFZ, Potsdam, Germany) Luis Guanter (GFZ, Potsdam, Germany) Jos\u00e9 Moreno (University of Valencia, Valencia, Spain) Andreas M\u00fcller (DLR Oberpfaffenhofen,We\u00dfling, Germany) Michael &hellip; <a href=\"https:\/\/www.issibern.ch\/workshops\/earthecosystem\/participants-and-conveners\/\">Continue reading <span class=\"meta-nav\">&rarr;<\/span><\/a><\/p>\n","protected":false},"author":2,"featured_media":0,"parent":0,"menu_order":3,"comment_status":"closed","ping_status":"closed","template":"","meta":[],"_links":{"self":[{"href":"https:\/\/www.issibern.ch\/workshops\/earthecosystem\/wp-json\/wp\/v2\/pages\/86"}],"collection":[{"href":"https:\/\/www.issibern.ch\/workshops\/earthecosystem\/wp-json\/wp\/v2\/pages"}],"about":[{"href":"https:\/\/www.issibern.ch\/workshops\/earthecosystem\/wp-json\/wp\/v2\/types\/page"}],"author":[{"embeddable":true,"href":"https:\/\/www.issibern.ch\/workshops\/earthecosystem\/wp-json\/wp\/v2\/users\/2"}],"replies":[{"embeddable":true,"href":"https:\/\/www.issibern.ch\/workshops\/earthecosystem\/wp-json\/wp\/v2\/comments?post=86"}],"version-history":[{"count":0,"href":"https:\/\/www.issibern.ch\/workshops\/earthecosystem\/wp-json\/wp\/v2\/pages\/86\/revisions"}],"wp:attachment":[{"href":"https:\/\/www.issibern.ch\/workshops\/earthecosystem\/wp-json\/wp\/v2\/media?parent=86"}],"curies":[{"name":"wp","href":"https:\/\/api.w.org\/{rel}","templated":true}]}}