{"id":9,"date":"2018-05-08T13:53:53","date_gmt":"2018-05-08T12:53:53","guid":{"rendered":"https:\/\/www.issibern.ch\/workshops\/evoinisotopes\/?page_id=8"},"modified":"2018-05-08T13:53:53","modified_gmt":"2018-05-08T12:53:53","slug":"conveners-and-participants","status":"publish","type":"page","link":"https:\/\/www.issibern.ch\/workshops\/evoinisotopes\/conveners-and-participants\/","title":{"rendered":"Convenors and Participants"},"content":{"rendered":"<p><span style=\"font-size: 12pt\"><strong>\u00a0<a href=\"https:\/\/www.issibern.ch\/workshops\/evoinisotopes\/wp-content\/uploads\/sites\/22\/2018\/10\/Participants_List_Isotopes.pdf\">Workshop Participants &gt;&gt;<\/a><\/strong><\/span><\/p>\n<p><strong>Workshop Convenors<\/strong><\/p>\n<ul>\n<li>Helmut Lammer, Austrian Academy of Sciences, Space Research Institute, Graz, Austria<\/li>\n<li>Michel Blanc, Discipline Scientist EuroPlaNet, Observatoire Midi-Pyr\u00e9n\u00e9es, UPS-CNRS, Toulouse, France<\/li>\n<li>Thorsten Kleine, Universit\u00e4t M\u00fcnster, Institut f\u00fcr Planetologie, M\u00fcnster, Germany<\/li>\n<li>Bernard Marty, Nancy Universit\u00e9, CRPG-CNRS, Nancy, France<\/li>\n<li>Hugh O\u2019Neill, Australian National University Canberra, College of Physical and Mathematical\u00a0Sciences Research School of Earth Sciences, Canberra, Australia<\/li>\n<li>Aubrey L. Zerkle, University of St. Andrews, School of Earth and Environmental Sciences\u00a0and Centre for Exoplanet Science, St. Andrews, UK<\/li>\n<\/ul>\n<p>Last Update: October 10, 2018<\/p>\n","protected":false},"excerpt":{"rendered":"<p>\u00a0Workshop Participants &gt;&gt; Workshop Convenors Helmut Lammer, Austrian Academy of Sciences, Space Research Institute, Graz, Austria Michel Blanc, Discipline Scientist EuroPlaNet, Observatoire Midi-Pyr\u00e9n\u00e9es, UPS-CNRS, Toulouse, France Thorsten Kleine, Universit\u00e4t M\u00fcnster, Institut f\u00fcr Planetologie, M\u00fcnster, Germany Bernard Marty, Nancy Universit\u00e9, CRPG-CNRS, &hellip; <a href=\"https:\/\/www.issibern.ch\/workshops\/evoinisotopes\/conveners-and-participants\/\">Continue reading <span class=\"meta-nav\">&rarr;<\/span><\/a><\/p>\n","protected":false},"author":2,"featured_media":0,"parent":0,"menu_order":0,"comment_status":"closed","ping_status":"closed","template":"","meta":[],"_links":{"self":[{"href":"https:\/\/www.issibern.ch\/workshops\/evoinisotopes\/wp-json\/wp\/v2\/pages\/9"}],"collection":[{"href":"https:\/\/www.issibern.ch\/workshops\/evoinisotopes\/wp-json\/wp\/v2\/pages"}],"about":[{"href":"https:\/\/www.issibern.ch\/workshops\/evoinisotopes\/wp-json\/wp\/v2\/types\/page"}],"author":[{"embeddable":true,"href":"https:\/\/www.issibern.ch\/workshops\/evoinisotopes\/wp-json\/wp\/v2\/users\/2"}],"replies":[{"embeddable":true,"href":"https:\/\/www.issibern.ch\/workshops\/evoinisotopes\/wp-json\/wp\/v2\/comments?post=9"}],"version-history":[{"count":0,"href":"https:\/\/www.issibern.ch\/workshops\/evoinisotopes\/wp-json\/wp\/v2\/pages\/9\/revisions"}],"wp:attachment":[{"href":"https:\/\/www.issibern.ch\/workshops\/evoinisotopes\/wp-json\/wp\/v2\/media?parent=9"}],"curies":[{"name":"wp","href":"https:\/\/api.w.org\/{rel}","templated":true}]}}