{"id":9,"date":"2014-10-01T10:37:05","date_gmt":"2014-10-01T08:37:05","guid":{"rendered":"https:\/\/www.issibern.ch\/workshops\/sealevelbudget\/?page_id=8"},"modified":"2014-10-01T10:37:05","modified_gmt":"2014-10-01T08:37:05","slug":"participants-and-conveners","status":"publish","type":"page","link":"https:\/\/www.issibern.ch\/workshops\/sealevelbudget\/participants-and-conveners\/","title":{"rendered":"Convenors &amp; Participants"},"content":{"rendered":"<p style=\"text-align: justify\"><strong>Conveners<\/strong><\/p>\n<ul>\n<li style=\"text-align: justify\">Anny Cazenave, Laboratoire d&#8217;Etudes en G\u00e9ophysique et Oc\u00e9anographie Spatiales, Toulouse, France, and ISSI, Bern, Switzerland<\/li>\n<li style=\"text-align: justify\">Nicolas Champollion, ISSI, Bern, Switzerland<\/li>\n<li style=\"text-align: justify\">Ren\u00e9 Forsberg, Technical University of Denmark, Lyngby, Denmark, team leader of Ice Sheets (IS) of the ESA CCI<\/li>\n<li style=\"text-align: justify\">Pascal Lecomte, ESA\/ESCAT, Oxford, United Kingdom, ESA CCI Programmer<\/li>\n<li style=\"text-align: justify\"><span style=\"color: #000000\">Christopher Merchant<\/span>, University of Reading, Reading, United Kingdom, team leader of Sea Surface Temperature (SST) of the ESA CCI<\/li>\n<li style=\"text-align: justify\">Frank Paul, University of Zurich, Switzerland, team leader of Glaciers of the ESA CCI<\/li>\n<li style=\"text-align: justify\">Andrew Shepherd, University of Leeds, United Kingdom<\/li>\n<\/ul>\n<p><strong>Participants<\/strong><\/p>\n<p style=\"text-align: justify\"><a href=\"https:\/\/www.issibern.ch\/workshops\/sealevelbudget\/wp-content\/uploads\/sites\/13\/2015\/02\/ISSI_WS_CCI_ECVs_Sea_Level_Participant-list_2015-02-27.pdf\">Participant List &gt;&gt;<\/a><\/p>\n","protected":false},"excerpt":{"rendered":"<p>Conveners Anny Cazenave, Laboratoire d&#8217;Etudes en G\u00e9ophysique et Oc\u00e9anographie Spatiales, Toulouse, France, and ISSI, Bern, Switzerland Nicolas Champollion, ISSI, Bern, Switzerland Ren\u00e9 Forsberg, Technical University of Denmark, Lyngby, Denmark, team leader of Ice Sheets (IS) of the ESA CCI Pascal &hellip; <a href=\"https:\/\/www.issibern.ch\/workshops\/sealevelbudget\/participants-and-conveners\/\">Continue reading <span class=\"meta-nav\">&rarr;<\/span><\/a><\/p>\n","protected":false},"author":2,"featured_media":0,"parent":0,"menu_order":2,"comment_status":"closed","ping_status":"closed","template":"","meta":[],"_links":{"self":[{"href":"https:\/\/www.issibern.ch\/workshops\/sealevelbudget\/wp-json\/wp\/v2\/pages\/9"}],"collection":[{"href":"https:\/\/www.issibern.ch\/workshops\/sealevelbudget\/wp-json\/wp\/v2\/pages"}],"about":[{"href":"https:\/\/www.issibern.ch\/workshops\/sealevelbudget\/wp-json\/wp\/v2\/types\/page"}],"author":[{"embeddable":true,"href":"https:\/\/www.issibern.ch\/workshops\/sealevelbudget\/wp-json\/wp\/v2\/users\/2"}],"replies":[{"embeddable":true,"href":"https:\/\/www.issibern.ch\/workshops\/sealevelbudget\/wp-json\/wp\/v2\/comments?post=9"}],"version-history":[{"count":0,"href":"https:\/\/www.issibern.ch\/workshops\/sealevelbudget\/wp-json\/wp\/v2\/pages\/9\/revisions"}],"wp:attachment":[{"href":"https:\/\/www.issibern.ch\/workshops\/sealevelbudget\/wp-json\/wp\/v2\/media?parent=9"}],"curies":[{"name":"wp","href":"https:\/\/api.w.org\/{rel}","templated":true}]}}