{"id":45,"date":"2020-03-18T17:04:42","date_gmt":"2020-03-18T16:04:42","guid":{"rendered":"https:\/\/www.issibern.ch\/workshops\/solsteldynamos\/?page_id=45"},"modified":"2020-03-18T17:04:42","modified_gmt":"2020-03-18T16:04:42","slug":"participants-and-conveners","status":"publish","type":"page","link":"https:\/\/www.issibern.ch\/workshops\/solsteldynamos\/participants-and-conveners\/","title":{"rendered":"Participants and Conveners"},"content":{"rendered":"<p><strong><span style=\"font-size: 14pt\"><a href=\"https:\/\/www.issibern.ch\/workshops\/solsteldynamos\/wp-content\/uploads\/sites\/24\/2022\/06\/Participants-WS-Solar-and-stellar-dynamos_2022.pdf\" target=\"_blank\" rel=\"noopener noreferrer\">Workshop Participants List &gt;&gt;<\/a><br \/>\n<\/span><\/strong><\/p>\n<p><strong>Conveners<\/strong><\/p>\n<ul style=\"list-style-type: square\">\n<li>Cameron Robert, Max Planck Institute for Solar System Research, G\u00f6ttingen, Germany<\/li>\n<li>Charbonneau Paul, Universit\u00e9 de Montr\u00e9al, Canada<\/li>\n<li>Dikpati Mausumi, National Center for Atmospheric Research, HAO, Boulder, USA<\/li>\n<li>Hotta Hideyuki, Chiba University, Japan<\/li>\n<li>Kitchatinov Leonid, Russian Academy of Sciences, Institut for Solar-Terrestrial Physics, Irkutsk, Russia<\/li>\n<li>Sch\u00fcssler Manfred, Max Planck Institute for Solar System Research, G\u00f6ttingen, Germany<\/li>\n<\/ul>\n<p>Last update June 12, 2022<\/p>\n","protected":false},"excerpt":{"rendered":"<p>Workshop Participants List &gt;&gt; Conveners Cameron Robert, Max Planck Institute for Solar System Research, G\u00f6ttingen, Germany Charbonneau Paul, Universit\u00e9 de Montr\u00e9al, Canada Dikpati Mausumi, National Center for Atmospheric Research, HAO, Boulder, USA Hotta Hideyuki, Chiba University, Japan Kitchatinov Leonid, Russian &hellip; <a href=\"https:\/\/www.issibern.ch\/workshops\/solsteldynamos\/participants-and-conveners\/\">Continue reading <span class=\"meta-nav\">&rarr;<\/span><\/a><\/p>\n","protected":false},"author":2,"featured_media":0,"parent":0,"menu_order":0,"comment_status":"closed","ping_status":"closed","template":"","meta":[],"_links":{"self":[{"href":"https:\/\/www.issibern.ch\/workshops\/solsteldynamos\/wp-json\/wp\/v2\/pages\/45"}],"collection":[{"href":"https:\/\/www.issibern.ch\/workshops\/solsteldynamos\/wp-json\/wp\/v2\/pages"}],"about":[{"href":"https:\/\/www.issibern.ch\/workshops\/solsteldynamos\/wp-json\/wp\/v2\/types\/page"}],"author":[{"embeddable":true,"href":"https:\/\/www.issibern.ch\/workshops\/solsteldynamos\/wp-json\/wp\/v2\/users\/2"}],"replies":[{"embeddable":true,"href":"https:\/\/www.issibern.ch\/workshops\/solsteldynamos\/wp-json\/wp\/v2\/comments?post=45"}],"version-history":[{"count":0,"href":"https:\/\/www.issibern.ch\/workshops\/solsteldynamos\/wp-json\/wp\/v2\/pages\/45\/revisions"}],"wp:attachment":[{"href":"https:\/\/www.issibern.ch\/workshops\/solsteldynamos\/wp-json\/wp\/v2\/media?parent=45"}],"curies":[{"name":"wp","href":"https:\/\/api.w.org\/{rel}","templated":true}]}}